{"id":5455,"date":"2021-02-02T18:59:08","date_gmt":"2021-02-02T18:59:08","guid":{"rendered":"https:\/\/www.brebeuf.qc.ca\/collegial\/?page_id=5455"},"modified":"2021-02-02T19:02:05","modified_gmt":"2021-02-02T19:02:05","slug":"difference-dec-baccalaureat-international","status":"publish","type":"page","link":"https:\/\/www.brebeuf.qc.ca\/collegial\/difference-dec-baccalaureat-international\/","title":{"rendered":"La diff\u00e9rence entre le DEC et le Baccalaur\u00e9at international (BI)"},"content":{"rendered":"<h2><span id=\"DEC_et_BI_les_principales_differences\">DEC et BI : les principales diff\u00e9rences<\/span><\/h2>\n<p><strong>Le DEC<\/strong><\/p>\n<ul>\n<li>Propre au Qu\u00e9bec<\/li>\n<li>Permet la transition entre les \u00e9tudes secondaires et universitaires<\/li>\n<li>Se d\u00e9roule normalement sur deux ans (programmes pr\u00e9universitaires) ou 3 ans (programmes techniques \u2013 non offerts \u00e0 Br\u00e9beuf)<\/li>\n<li>R\u00e9pond aux standards nationaux fix\u00e9s par le minist\u00e8re de l\u2019\u00c9ducation<\/li>\n<li>Dipl\u00f4me \u00e9mis par le minist\u00e8re de l\u2019\u00c9ducation<\/li>\n<\/ul>\n<p><strong>Le BI<\/strong><\/p>\n<ul>\n<li>Permet la transition entre les \u00e9tudes secondaires et universitaires<\/li>\n<li>Se d\u00e9roule normalement sur deux ans<\/li>\n<li>R\u00e9pond \u00e0 des standards internationaux fix\u00e9s par l\u2019office de l\u2019IB, en termes de contenu, d\u2019\u00e9valuation et d\u2019approches p\u00e9dagogiques reconnues<\/li>\n<li>Programme pr\u00e9universitaire reconnu dans plus de 150 pays<\/li>\n<li>Une formation, deux dipl\u00f4mes : DEC (cheminement baccalaur\u00e9at international) et BI<\/li>\n<li>Un peu plus exigeant que le DEC en termes d\u2019heures de travail (1 \u00e0 2 heures de plus par semaine)<\/li>\n<\/ul>\n<hr \/>\n<h2><span id=\"Questions_frequentes\">Questions fr\u00e9quentes<\/span><\/h2>\n<p><strong>\u00c0 quel moment de l\u2019admission dois-je choisir en DEC et BI?<\/strong><\/p>\n<p>D\u00e8s le d\u00e9but de votre demande d\u2019admission. Il est possible de passer du programme BI \u00e0 DEC en cours de route, mais pas de DEC \u00e0 BI.<\/p>\n<p><strong>Le BI est-il n\u00e9cessaire pour \u00e9tudier hors Qu\u00e9bec ou hors Canada. Le DEC est-il suffisant?<\/strong><\/p>\n<p>Un DEC peut suffire. Le but de faire le programme du BI n\u2019est pas d\u2019\u00e9tudier \u00e0 l\u2019\u00e9tranger. Il peut toutefois faciliter l\u2019acc\u00e8s \u00e0 des \u00e9coles hors Qu\u00e9bec et Canada puisque le contenu de la formation et sa valeur seront reconnus.<\/p>\n<p><strong>Pour \u00e9tudier en m\u00e9decine, devrais-je choisir le DEC ou le BI en Sciences de la nature, profil Science de la sant\u00e9?<\/strong><\/p>\n<p>Les deux parcours r\u00e9pondent aux pr\u00e9alables des facult\u00e9s de m\u00e9decine. Il s\u2019agit plut\u00f4t d\u2019identifier vos valeurs, ce que vous souhaitez apprendre et vos objectifs.<\/p>\n<p>L\u2019avantage du BI est qu\u2019il d\u00e9veloppe beaucoup l\u2019empathie chez les \u00e9tudiants, une qualit\u00e9 essentielle dans le domaine de la sant\u00e9. Il force \u00e9galement les \u00e9tudiants \u00e0 analyser ce qu\u2019ils font, ce qui peut \u00eatre utile lors de la r\u00e9daction de votre lettre de motivation et lors des entrevues d\u2019admission. Le BI propose quatre cours d\u2019anglais et plusieurs manuels utilis\u00e9s dans les cours sont en anglais, un autre avantage notable.<\/p>\n<p><strong>Quels sont les pr\u00e9alables du BI?<\/strong><\/p>\n<p>Il faut avoir obtenu son dipl\u00f4me d\u2019\u00e9tudes secondaires avec au moins 75% de moyenne g\u00e9n\u00e9rale. Il faut avoir r\u00e9ussi les cours de math\u00e9matiques sciences naturelles (SN) ou technico-science (TS). En Sciences de la nature, il faut \u00e9galement avoir r\u00e9ussi les cours de physique et de chimie.<br \/>\nAvoir suivi le programme PEI au secondaire n\u2019est pas requis. Cela n\u2019influencera pas notre d\u00e9cision, mais avoir suivi ce programme sera un atout pour vous puisque vous serez d\u00e9j\u00e0 familiaris\u00e9 avec le langage et le type d\u2019approche p\u00e9dagogique. Dans les faits, la majorit\u00e9 des \u00e9tudiants au BI n\u2019ont pas fait partie du PEI.<\/p>\n<p><strong>Est-ce qu\u2019il y a une pr\u00e9paration reconnue pour la r\u00e9daction du m\u00e9moire de 4000 mots au BI?<\/strong><\/p>\n<p>Oui. Dans le cadre du cours Th\u00e9orie de la connaissance, certaines heures sont consacr\u00e9es aux habilet\u00e9s de recherche, comment formuler une question de recherche r\u00e9pondant aux crit\u00e8res et comment planifier la r\u00e9daction.<\/p>\n<p><strong>Je suis dans un programme IB au secondaire. Ai-je des points suppl\u00e9mentaires pour le coll\u00e9gial?<\/strong><\/p>\n<p>Oui. Ils sont d\u00e9j\u00e0 inclus dans les notes qui nous sont fournies par le SRAM (~ +3% de la moyenne g\u00e9n\u00e9rale sur le bulletin).<\/p>\n<hr \/>\n<p><em>Questions pos\u00e9es lors des journ\u00e9es portes ouvertes de novembre 2020<\/em><\/p>\n<div id=\"toc_container\" class=\"no_bullets\"><p class=\"toc_title\">Sommaire<\/p><ul class=\"toc_list\"><li><a href=\"#DEC_et_BI_les_principales_differences\">DEC et BI : les principales diff\u00e9rences<\/a><\/li><li><a href=\"#Questions_frequentes\">Questions fr\u00e9quentes<\/a><\/li><\/ul><\/div>\n","protected":false},"excerpt":{"rendered":"<p>DEC et BI : les principales diff\u00e9rences Le DEC Propre au Qu\u00e9bec Permet la transition entre les \u00e9tudes secondaires et universitaires Se d\u00e9roule normalement sur deux ans (programmes pr\u00e9universitaires) ou 3 ans (programmes techniques \u2013 non offerts \u00e0 Br\u00e9beuf) R\u00e9pond&#8230;<\/p>\n","protected":false},"author":45,"featured_media":590,"parent":0,"menu_order":0,"comment_status":"closed","ping_status":"closed","template":"templates\/template-personnalisable.php","meta":{"_editorskit_title_hidden":false,"_editorskit_reading_time":0,"_editorskit_typography_data":[],"_editorskit_blocks_typography":""},"yoast_head":"<!-- This site is optimized with the Yoast SEO plugin v16.3 - https:\/\/yoast.com\/wordpress\/plugins\/seo\/ -->\n<title>La diff\u00e9rence entre le DEC et le Baccalaur\u00e9at international (BI) - Coll\u00e9gial<\/title>\n<meta name=\"robots\" content=\"index, follow, max-snippet:-1, max-image-preview:large, max-video-preview:-1\" \/>\n<link rel=\"canonical\" href=\"https:\/\/www.brebeuf.qc.ca\/collegial\/difference-dec-baccalaureat-international\/\" \/>\n<meta property=\"og:locale\" content=\"fr_FR\" \/>\n<meta property=\"og:type\" content=\"article\" \/>\n<meta property=\"og:title\" content=\"La diff\u00e9rence entre le DEC et le Baccalaur\u00e9at international (BI) - Coll\u00e9gial\" \/>\n<meta property=\"og:description\" content=\"DEC et BI : les principales diff\u00e9rences Le DEC Propre au Qu\u00e9bec Permet la transition entre les \u00e9tudes secondaires et universitaires Se d\u00e9roule normalement sur deux ans (programmes pr\u00e9universitaires) ou 3 ans (programmes techniques \u2013 non offerts \u00e0 Br\u00e9beuf) R\u00e9pond...\" \/>\n<meta property=\"og:url\" content=\"https:\/\/www.brebeuf.qc.ca\/collegial\/difference-dec-baccalaureat-international\/\" \/>\n<meta property=\"og:site_name\" content=\"Coll\u00e9gial\" \/>\n<meta property=\"article:modified_time\" content=\"2021-02-02T19:02:05+00:00\" \/>\n<meta property=\"og:image\" content=\"https:\/\/www.brebeuf.qc.ca\/collegial\/wp-content\/uploads\/sites\/2\/2014\/07\/BI.jpg\" \/>\n\t<meta property=\"og:image:width\" content=\"1400\" \/>\n\t<meta property=\"og:image:height\" content=\"240\" \/>\n<meta name=\"twitter:label1\" content=\"Dur\u00e9e de lecture est.\">\n\t<meta name=\"twitter:data1\" content=\"3 minutes\">\n<script type=\"application\/ld+json\" class=\"yoast-schema-graph\">{\"@context\":\"https:\/\/schema.org\",\"@graph\":[{\"@type\":\"WebSite\",\"@id\":\"https:\/\/www.brebeuf.qc.ca\/collegial\/#website\",\"url\":\"https:\/\/www.brebeuf.qc.ca\/collegial\/\",\"name\":\"Coll\\u00e9gial\",\"description\":\"Coll\\u00e8ge priv\\u00e9 | Secondaire | Coll\\u00e9gial\",\"potentialAction\":[{\"@type\":\"SearchAction\",\"target\":\"https:\/\/www.brebeuf.qc.ca\/collegial\/?s={search_term_string}\",\"query-input\":\"required name=search_term_string\"}],\"inLanguage\":\"fr-FR\"},{\"@type\":\"ImageObject\",\"@id\":\"https:\/\/www.brebeuf.qc.ca\/collegial\/difference-dec-baccalaureat-international\/#primaryimage\",\"inLanguage\":\"fr-FR\",\"url\":\"https:\/\/www.brebeuf.qc.ca\/collegial\/wp-content\/uploads\/sites\/2\/2014\/07\/BI.jpg\",\"contentUrl\":\"https:\/\/www.brebeuf.qc.ca\/collegial\/wp-content\/uploads\/sites\/2\/2014\/07\/BI.jpg\",\"width\":1400,\"height\":240,\"caption\":\"BACCALAUR\\u00c9AT INTERNATIONAL (BI)\"},{\"@type\":\"WebPage\",\"@id\":\"https:\/\/www.brebeuf.qc.ca\/collegial\/difference-dec-baccalaureat-international\/#webpage\",\"url\":\"https:\/\/www.brebeuf.qc.ca\/collegial\/difference-dec-baccalaureat-international\/\",\"name\":\"La diff\\u00e9rence entre le DEC et le Baccalaur\\u00e9at international (BI) - Coll\\u00e9gial\",\"isPartOf\":{\"@id\":\"https:\/\/www.brebeuf.qc.ca\/collegial\/#website\"},\"primaryImageOfPage\":{\"@id\":\"https:\/\/www.brebeuf.qc.ca\/collegial\/difference-dec-baccalaureat-international\/#primaryimage\"},\"datePublished\":\"2021-02-02T18:59:08+00:00\",\"dateModified\":\"2021-02-02T19:02:05+00:00\",\"breadcrumb\":{\"@id\":\"https:\/\/www.brebeuf.qc.ca\/collegial\/difference-dec-baccalaureat-international\/#breadcrumb\"},\"inLanguage\":\"fr-FR\",\"potentialAction\":[{\"@type\":\"ReadAction\",\"target\":[\"https:\/\/www.brebeuf.qc.ca\/collegial\/difference-dec-baccalaureat-international\/\"]}]},{\"@type\":\"BreadcrumbList\",\"@id\":\"https:\/\/www.brebeuf.qc.ca\/collegial\/difference-dec-baccalaureat-international\/#breadcrumb\",\"itemListElement\":[{\"@type\":\"ListItem\",\"position\":1,\"item\":{\"@type\":\"WebPage\",\"@id\":\"https:\/\/www.brebeuf.qc.ca\/collegial\/\",\"url\":\"https:\/\/www.brebeuf.qc.ca\/collegial\/\",\"name\":\"Home\"}},{\"@type\":\"ListItem\",\"position\":2,\"item\":{\"@id\":\"https:\/\/www.brebeuf.qc.ca\/collegial\/difference-dec-baccalaureat-international\/#webpage\"}}]}]}<\/script>\n<!-- \/ Yoast SEO plugin. -->","_links":{"self":[{"href":"https:\/\/www.brebeuf.qc.ca\/collegial\/wp-json\/wp\/v2\/pages\/5455"}],"collection":[{"href":"https:\/\/www.brebeuf.qc.ca\/collegial\/wp-json\/wp\/v2\/pages"}],"about":[{"href":"https:\/\/www.brebeuf.qc.ca\/collegial\/wp-json\/wp\/v2\/types\/page"}],"author":[{"embeddable":true,"href":"https:\/\/www.brebeuf.qc.ca\/collegial\/wp-json\/wp\/v2\/users\/45"}],"replies":[{"embeddable":true,"href":"https:\/\/www.brebeuf.qc.ca\/collegial\/wp-json\/wp\/v2\/comments?post=5455"}],"version-history":[{"count":4,"href":"https:\/\/www.brebeuf.qc.ca\/collegial\/wp-json\/wp\/v2\/pages\/5455\/revisions"}],"predecessor-version":[{"id":5460,"href":"https:\/\/www.brebeuf.qc.ca\/collegial\/wp-json\/wp\/v2\/pages\/5455\/revisions\/5460"}],"wp:featuredmedia":[{"embeddable":true,"href":"https:\/\/www.brebeuf.qc.ca\/collegial\/wp-json\/wp\/v2\/media\/590"}],"wp:attachment":[{"href":"https:\/\/www.brebeuf.qc.ca\/collegial\/wp-json\/wp\/v2\/media?parent=5455"}],"curies":[{"name":"wp","href":"https:\/\/api.w.org\/{rel}","templated":true}]}}