{"id":5421,"date":"2021-02-01T22:40:57","date_gmt":"2021-02-01T22:40:57","guid":{"rendered":"https:\/\/www.brebeuf.qc.ca\/collegial\/?page_id=5421"},"modified":"2021-02-01T22:42:16","modified_gmt":"2021-02-01T22:42:16","slug":"faq-bi-sciences-nature","status":"publish","type":"page","link":"https:\/\/www.brebeuf.qc.ca\/collegial\/faq-bi-sciences-nature\/","title":{"rendered":"FAQ &#8211; BI Sciences de la nature"},"content":{"rendered":"<p><strong>Quels sont les avantages du BI pour \u00e9tudier \u00e0 l\u2019international?<\/strong><\/p>\n<p>Il s\u2019agit d\u2019un programme international, contrairement au DEC, qui est reconnu dans plus de 150 pays. Celui-ci facilite les d\u00e9marches d\u2019admission dans les \u00e9tablissements d\u2019enseignement hors Qu\u00e9bec et Canada.<\/p>\n<p><strong>Pour \u00e9tudier en m\u00e9decine, devrais-je choisir le DEC ou le BI en Sciences de la nature, profil science de la sant\u00e9?<\/strong><\/p>\n<p>Les deux parcours r\u00e9pondent aux pr\u00e9alables des facult\u00e9s de m\u00e9decine. Il s\u2019agit plut\u00f4t d\u2019identifier vos valeurs, ce que vous souhaitez apprendre et vos objectifs.<\/p>\n<p>L\u2019avantage du BI est qu\u2019il d\u00e9veloppe beaucoup l\u2019empathie chez les \u00e9tudiants, une qualit\u00e9 essentielle dans le domaine de la sant\u00e9. Il force \u00e9galement les \u00e9tudiants \u00e0 analyser ce qu\u2019ils font, ce qui peut \u00eatre utile lors de la r\u00e9daction de votre lettre de motivation et lors des entrevues d\u2019admission. Le BI propose quatre cours d\u2019anglais et plusieurs manuels utilis\u00e9s dans les cours sont en anglais, un autre avantage notable.<\/p>\n<p>Les \u00e9tudiants du BI ont g\u00e9n\u00e9ralement une cote R sup\u00e9rieure, car ils sont dans des groupes de force plus ou moins \u00e9gale. Encore une fois, cela leur donne un certain avantage, mais choisir le BI est davantage une question de valeurs et d\u2019int\u00e9r\u00eats que de rendement.<\/p>\n<p><strong>Les cours de math\u00e9matiques au BI sont-ils similaires \u00e0 ceux du DEC?<\/strong><\/p>\n<p>Il y a un tout nouveau programme de math\u00e9matiques au BI. On retrouve certaines similarit\u00e9s avec le programme du DEC, mais la mati\u00e8re est r\u00e9partie diff\u00e9remment. Au BI, on \u00e9tudie davantage les mod\u00e9lisations math\u00e9matiques et les probabilit\u00e9s statistiques. La th\u00e9orie est plus appliqu\u00e9e en pratique qu\u2019au DEC.<\/p>\n<p><strong>S\u2019il y a un cours de biologie, de chimie et de math\u00e9matiques de plus au BI qu\u2019au DEC, y a-t-il des cours de retir\u00e9s dans le BI?<\/strong><\/p>\n<p>Oui. Le nombre d\u2019heures de cours varie entre 25 et 30 heures par semaine autant au BI qu\u2019au DEC. La r\u00e9partition de ces heures est simplement diff\u00e9rente. Par exemple, il y a deux cours de physique plut\u00f4t que trois au BI.<\/p>\n<p><strong>Quels sont les pr\u00e9alables du BI?<\/strong><\/p>\n<p>Il faut avoir obtenu son dipl\u00f4me d\u2019\u00e9tudes secondaires avec au moins 75 % de moyenne g\u00e9n\u00e9rale. Il faut avoir r\u00e9ussi les cours de math\u00e9matiques sciences naturelles (SN) ou technico-science (TS). En Sciences naturelles, il faut \u00e9galement avoir r\u00e9ussi les cours de physique et de chimie.<\/p>\n<p><strong>Aurai-je acc\u00e8s \u00e0 des stages ou \u00e0 des activit\u00e9s (ex. voyages) au BI?<\/strong><\/p>\n<p>Oui, des stages (r\u00e9mun\u00e9r\u00e9s ou non) sont offerts. Pour ce qui est des voyages, cela \u00e9tait possible l\u2019an dernier. Par exemple, des \u00e9tudiants du BI ont travaill\u00e9 sur leurs projets de recherche individuels au Costa Rica.<\/p>\n<p><strong>Le BI en Sciences de la nature, profil de la sant\u00e9, permet-il d\u2019\u00e9tudier en droit \u00e0 l\u2019universit\u00e9?<\/strong><\/p>\n<p>Oui.<\/p>\n<p><strong>Est-ce qu\u2019il y a une activit\u00e9 d\u2019int\u00e9gration dans ce programme?<\/strong><\/p>\n<p>Contrairement au DEC, il n\u2019y a pas de cours d\u2019int\u00e9gration au BI. Celui-ci est remplac\u00e9 par la r\u00e9daction d\u2019un m\u00e9moire (\u00e9tal\u00e9e sur un an).<\/p>\n<hr \/>\n<p><em>Questions pos\u00e9es lors des portes ouvertes virtuelles de novembre 2020<\/em><\/p>\n","protected":false},"excerpt":{"rendered":"<p>Quels sont les avantages du BI pour \u00e9tudier \u00e0 l\u2019international? Il s\u2019agit d\u2019un programme international, contrairement au DEC, qui est reconnu dans plus de 150 pays. Celui-ci facilite les d\u00e9marches d\u2019admission dans les \u00e9tablissements d\u2019enseignement hors Qu\u00e9bec et Canada. Pour&#8230;<\/p>\n","protected":false},"author":45,"featured_media":5424,"parent":0,"menu_order":0,"comment_status":"closed","ping_status":"closed","template":"templates\/template-personnalisable.php","meta":{"_editorskit_title_hidden":false,"_editorskit_reading_time":0,"_editorskit_typography_data":[],"_editorskit_blocks_typography":""},"yoast_head":"<!-- This site is optimized with the Yoast SEO plugin v16.3 - https:\/\/yoast.com\/wordpress\/plugins\/seo\/ -->\n<title>FAQ - BI Sciences de la nature - Coll\u00e9gial<\/title>\n<meta name=\"description\" content=\"Quels sont les avantages du BI pour \u00e9tudier \u00e0 l\u2019international? Pour \u00e9tudier en m\u00e9decine, devrais-je choisir le DEC ou le BI en Sciences de la nature?\" \/>\n<meta name=\"robots\" content=\"index, follow, max-snippet:-1, max-image-preview:large, max-video-preview:-1\" \/>\n<link rel=\"canonical\" href=\"https:\/\/www.brebeuf.qc.ca\/collegial\/faq-bi-sciences-nature\/\" \/>\n<meta property=\"og:locale\" content=\"fr_FR\" \/>\n<meta property=\"og:type\" content=\"article\" \/>\n<meta property=\"og:title\" content=\"FAQ - BI Sciences de la nature - Coll\u00e9gial\" \/>\n<meta property=\"og:description\" content=\"Quels sont les avantages du BI pour \u00e9tudier \u00e0 l\u2019international? Pour \u00e9tudier en m\u00e9decine, devrais-je choisir le DEC ou le BI en Sciences de la nature?\" \/>\n<meta property=\"og:url\" content=\"https:\/\/www.brebeuf.qc.ca\/collegial\/faq-bi-sciences-nature\/\" \/>\n<meta property=\"og:site_name\" content=\"Coll\u00e9gial\" \/>\n<meta property=\"article:modified_time\" content=\"2021-02-01T22:42:16+00:00\" \/>\n<meta property=\"og:image\" content=\"https:\/\/www.brebeuf.qc.ca\/collegial\/wp-content\/uploads\/sites\/2\/2021\/02\/entete_sections_bi_sciences_nature.jpg\" \/>\n\t<meta property=\"og:image:width\" content=\"1400\" \/>\n\t<meta property=\"og:image:height\" content=\"240\" \/>\n<meta name=\"twitter:label1\" content=\"Dur\u00e9e de lecture est.\">\n\t<meta name=\"twitter:data1\" content=\"3 minutes\">\n<script type=\"application\/ld+json\" class=\"yoast-schema-graph\">{\"@context\":\"https:\/\/schema.org\",\"@graph\":[{\"@type\":\"WebSite\",\"@id\":\"https:\/\/www.brebeuf.qc.ca\/collegial\/#website\",\"url\":\"https:\/\/www.brebeuf.qc.ca\/collegial\/\",\"name\":\"Coll\\u00e9gial\",\"description\":\"Coll\\u00e8ge priv\\u00e9 | Secondaire | Coll\\u00e9gial\",\"potentialAction\":[{\"@type\":\"SearchAction\",\"target\":\"https:\/\/www.brebeuf.qc.ca\/collegial\/?s={search_term_string}\",\"query-input\":\"required name=search_term_string\"}],\"inLanguage\":\"fr-FR\"},{\"@type\":\"ImageObject\",\"@id\":\"https:\/\/www.brebeuf.qc.ca\/collegial\/faq-bi-sciences-nature\/#primaryimage\",\"inLanguage\":\"fr-FR\",\"url\":\"https:\/\/www.brebeuf.qc.ca\/collegial\/wp-content\/uploads\/sites\/2\/2021\/02\/entete_sections_bi_sciences_nature.jpg\",\"contentUrl\":\"https:\/\/www.brebeuf.qc.ca\/collegial\/wp-content\/uploads\/sites\/2\/2021\/02\/entete_sections_bi_sciences_nature.jpg\",\"width\":1400,\"height\":240},{\"@type\":\"WebPage\",\"@id\":\"https:\/\/www.brebeuf.qc.ca\/collegial\/faq-bi-sciences-nature\/#webpage\",\"url\":\"https:\/\/www.brebeuf.qc.ca\/collegial\/faq-bi-sciences-nature\/\",\"name\":\"FAQ - BI Sciences de la nature - Coll\\u00e9gial\",\"isPartOf\":{\"@id\":\"https:\/\/www.brebeuf.qc.ca\/collegial\/#website\"},\"primaryImageOfPage\":{\"@id\":\"https:\/\/www.brebeuf.qc.ca\/collegial\/faq-bi-sciences-nature\/#primaryimage\"},\"datePublished\":\"2021-02-01T22:40:57+00:00\",\"dateModified\":\"2021-02-01T22:42:16+00:00\",\"description\":\"Quels sont les avantages du BI pour \\u00e9tudier \\u00e0 l\\u2019international? Pour \\u00e9tudier en m\\u00e9decine, devrais-je choisir le DEC ou le BI en Sciences de la nature?\",\"breadcrumb\":{\"@id\":\"https:\/\/www.brebeuf.qc.ca\/collegial\/faq-bi-sciences-nature\/#breadcrumb\"},\"inLanguage\":\"fr-FR\",\"potentialAction\":[{\"@type\":\"ReadAction\",\"target\":[\"https:\/\/www.brebeuf.qc.ca\/collegial\/faq-bi-sciences-nature\/\"]}]},{\"@type\":\"BreadcrumbList\",\"@id\":\"https:\/\/www.brebeuf.qc.ca\/collegial\/faq-bi-sciences-nature\/#breadcrumb\",\"itemListElement\":[{\"@type\":\"ListItem\",\"position\":1,\"item\":{\"@type\":\"WebPage\",\"@id\":\"https:\/\/www.brebeuf.qc.ca\/collegial\/\",\"url\":\"https:\/\/www.brebeuf.qc.ca\/collegial\/\",\"name\":\"Home\"}},{\"@type\":\"ListItem\",\"position\":2,\"item\":{\"@id\":\"https:\/\/www.brebeuf.qc.ca\/collegial\/faq-bi-sciences-nature\/#webpage\"}}]}]}<\/script>\n<!-- \/ Yoast SEO plugin. -->","_links":{"self":[{"href":"https:\/\/www.brebeuf.qc.ca\/collegial\/wp-json\/wp\/v2\/pages\/5421"}],"collection":[{"href":"https:\/\/www.brebeuf.qc.ca\/collegial\/wp-json\/wp\/v2\/pages"}],"about":[{"href":"https:\/\/www.brebeuf.qc.ca\/collegial\/wp-json\/wp\/v2\/types\/page"}],"author":[{"embeddable":true,"href":"https:\/\/www.brebeuf.qc.ca\/collegial\/wp-json\/wp\/v2\/users\/45"}],"replies":[{"embeddable":true,"href":"https:\/\/www.brebeuf.qc.ca\/collegial\/wp-json\/wp\/v2\/comments?post=5421"}],"version-history":[{"count":4,"href":"https:\/\/www.brebeuf.qc.ca\/collegial\/wp-json\/wp\/v2\/pages\/5421\/revisions"}],"predecessor-version":[{"id":5426,"href":"https:\/\/www.brebeuf.qc.ca\/collegial\/wp-json\/wp\/v2\/pages\/5421\/revisions\/5426"}],"wp:featuredmedia":[{"embeddable":true,"href":"https:\/\/www.brebeuf.qc.ca\/collegial\/wp-json\/wp\/v2\/media\/5424"}],"wp:attachment":[{"href":"https:\/\/www.brebeuf.qc.ca\/collegial\/wp-json\/wp\/v2\/media?parent=5421"}],"curies":[{"name":"wp","href":"https:\/\/api.w.org\/{rel}","templated":true}]}}