{"id":5404,"date":"2021-01-29T20:52:23","date_gmt":"2021-01-29T20:52:23","guid":{"rendered":"https:\/\/www.brebeuf.qc.ca\/collegial\/?page_id=5404"},"modified":"2021-01-29T20:56:45","modified_gmt":"2021-01-29T20:56:45","slug":"faq-choisir-bon-programme","status":"publish","type":"page","link":"https:\/\/www.brebeuf.qc.ca\/collegial\/avantage-brebeuf\/faq-choisir-bon-programme\/","title":{"rendered":"FAQ &#8211; Choisir le bon programme"},"content":{"rendered":"<p><strong>Quels types de personnalit\u00e9s sont attendus dans les programmes en sciences?<\/strong><\/p>\n<p>Le programme Sciences, lettres et arts est pour les \u00e9tudiants qui veulent toucher \u00e0 tout et qui aiment \u00e0 la fois les sciences et les arts. Leur sp\u00e9cialisation professionnelle se fait au niveau universitaire.<br \/>\nDans le programme Sciences de la nature, se sont habituellement des jeunes rigoureux dans leurs \u00e9tudes et dont l\u2019objectif de carri\u00e8re est assez clair. Le DEC est g\u00e9n\u00e9ralement pour les \u00e9tudiants qui souhaitent poursuivre en m\u00e9decine \u00e0 l\u2019universit\u00e9. Le baccalaur\u00e9at international (BI) vient pour sa part avec plus d\u2019obligations qu\u2019au DEC (surtout du d\u00e9veloppement personnel).<\/p>\n<p><strong>Puis-je changer de programme en cours de route?<\/strong><\/p>\n<p>Il est possible de le faire apr\u00e8s une premi\u00e8re session dans un programme, et ce, en d\u00e9cembre en vue de la session d\u2019hiver.<\/p>\n<p><strong>Est-ce qu\u2019il y a des examens d\u2019admission pour \u00eatre admis au Coll\u00e8ge au niveau coll\u00e9gial?<\/strong><\/p>\n<p>Non. L\u2019admission au coll\u00e9gial se base sur les r\u00e9sultats scolaires de secondaire 4 et de la premi\u00e8re \u00e9tape de secondaire 5. Les seuils d\u2019admissions d\u00e9pendent des programmes, mais les plus exigeants tournent autour de 75% de moyenne g\u00e9n\u00e9rale, et de la moyenne en sciences (physique et chimie) et en math\u00e9matiques pour les programmes de sciences.<\/p>\n<p><strong>Est-ce possible de rencontrer une de vos conseill\u00e8res en orientation avant la p\u00e9riode d\u2019inscription, et ce, malgr\u00e9 la pand\u00e9mie?<\/strong><\/p>\n<p>De fa\u00e7on formelle, non. Nos conseill\u00e8res en orientation rencontrent les \u00e9tudiants une fois rendus au coll\u00e9gial. Il vaut mieux s\u2019informer des services d\u2019orientation offerts dans votre \u00e9tablissement d\u2019enseignement secondaire. Toutefois, si vous avez des questions plus sp\u00e9cifiques sur un programme en particulier, vous pouvez nous \u00e9crire au admission@br\u00e9beuf.qc.ca. Nous pourrons ensuite transf\u00e9rer vos questions \u00e0 une de nos conseill\u00e8res qui vous donnera des r\u00e9ponses personnalis\u00e9es pour vous aider dans vos d\u00e9marches.<\/p>\n<hr \/>\n<p><strong>En savoir plus\u00a0<\/strong><\/p>\n<p><iframe loading=\"lazy\" title=\"Choisir le bon programme au coll\u00e9gial\" width=\"1140\" height=\"641\" src=\"https:\/\/www.youtube.com\/embed\/CQ61xjOt9sY?feature=oembed\" frameborder=\"0\" allow=\"accelerometer; autoplay; clipboard-write; encrypted-media; gyroscope; picture-in-picture\" allowfullscreen><\/iframe><\/p>\n","protected":false},"excerpt":{"rendered":"<p>Quels types de personnalit\u00e9s sont attendus dans les programmes en sciences? Le programme Sciences, lettres et arts est pour les \u00e9tudiants qui veulent toucher \u00e0 tout et qui aiment \u00e0 la fois les sciences et les arts. Leur sp\u00e9cialisation professionnelle&#8230;<\/p>\n","protected":false},"author":45,"featured_media":4613,"parent":137,"menu_order":0,"comment_status":"closed","ping_status":"closed","template":"templates\/template-personnalisable.php","meta":{"_editorskit_title_hidden":false,"_editorskit_reading_time":0,"_editorskit_typography_data":[],"_editorskit_blocks_typography":""},"yoast_head":"<!-- This site is optimized with the Yoast SEO plugin v16.3 - https:\/\/yoast.com\/wordpress\/plugins\/seo\/ -->\n<title>FAQ - Choisir le bon programme - Coll\u00e9gial<\/title>\n<meta name=\"robots\" content=\"index, follow, max-snippet:-1, max-image-preview:large, max-video-preview:-1\" \/>\n<link rel=\"canonical\" href=\"https:\/\/www.brebeuf.qc.ca\/collegial\/avantage-brebeuf\/faq-choisir-bon-programme\/\" \/>\n<meta property=\"og:locale\" content=\"fr_FR\" \/>\n<meta property=\"og:type\" content=\"article\" \/>\n<meta property=\"og:title\" content=\"FAQ - Choisir le bon programme - Coll\u00e9gial\" \/>\n<meta property=\"og:description\" content=\"Quels types de personnalit\u00e9s sont attendus dans les programmes en sciences? Le programme Sciences, lettres et arts est pour les \u00e9tudiants qui veulent toucher \u00e0 tout et qui aiment \u00e0 la fois les sciences et les arts. Leur sp\u00e9cialisation professionnelle...\" \/>\n<meta property=\"og:url\" content=\"https:\/\/www.brebeuf.qc.ca\/collegial\/avantage-brebeuf\/faq-choisir-bon-programme\/\" \/>\n<meta property=\"og:site_name\" content=\"Coll\u00e9gial\" \/>\n<meta property=\"article:modified_time\" content=\"2021-01-29T20:56:45+00:00\" \/>\n<meta property=\"og:image\" content=\"https:\/\/www.brebeuf.qc.ca\/collegial\/wp-content\/uploads\/sites\/2\/2019\/09\/entete_sections_grande_banniere_avantages.png\" \/>\n\t<meta property=\"og:image:width\" content=\"1400\" \/>\n\t<meta property=\"og:image:height\" content=\"240\" \/>\n<meta name=\"twitter:label1\" content=\"Dur\u00e9e de lecture est.\">\n\t<meta name=\"twitter:data1\" content=\"2 minutes\">\n<script type=\"application\/ld+json\" class=\"yoast-schema-graph\">{\"@context\":\"https:\/\/schema.org\",\"@graph\":[{\"@type\":\"WebSite\",\"@id\":\"https:\/\/www.brebeuf.qc.ca\/collegial\/#website\",\"url\":\"https:\/\/www.brebeuf.qc.ca\/collegial\/\",\"name\":\"Coll\\u00e9gial\",\"description\":\"Coll\\u00e8ge priv\\u00e9 | Secondaire | Coll\\u00e9gial\",\"potentialAction\":[{\"@type\":\"SearchAction\",\"target\":\"https:\/\/www.brebeuf.qc.ca\/collegial\/?s={search_term_string}\",\"query-input\":\"required name=search_term_string\"}],\"inLanguage\":\"fr-FR\"},{\"@type\":\"ImageObject\",\"@id\":\"https:\/\/www.brebeuf.qc.ca\/collegial\/avantage-brebeuf\/faq-choisir-bon-programme\/#primaryimage\",\"inLanguage\":\"fr-FR\",\"url\":\"https:\/\/www.brebeuf.qc.ca\/collegial\/wp-content\/uploads\/sites\/2\/2019\/09\/entete_sections_grande_banniere_avantages.png\",\"contentUrl\":\"https:\/\/www.brebeuf.qc.ca\/collegial\/wp-content\/uploads\/sites\/2\/2019\/09\/entete_sections_grande_banniere_avantages.png\",\"width\":1400,\"height\":240},{\"@type\":\"WebPage\",\"@id\":\"https:\/\/www.brebeuf.qc.ca\/collegial\/avantage-brebeuf\/faq-choisir-bon-programme\/#webpage\",\"url\":\"https:\/\/www.brebeuf.qc.ca\/collegial\/avantage-brebeuf\/faq-choisir-bon-programme\/\",\"name\":\"FAQ - Choisir le bon programme - Coll\\u00e9gial\",\"isPartOf\":{\"@id\":\"https:\/\/www.brebeuf.qc.ca\/collegial\/#website\"},\"primaryImageOfPage\":{\"@id\":\"https:\/\/www.brebeuf.qc.ca\/collegial\/avantage-brebeuf\/faq-choisir-bon-programme\/#primaryimage\"},\"datePublished\":\"2021-01-29T20:52:23+00:00\",\"dateModified\":\"2021-01-29T20:56:45+00:00\",\"breadcrumb\":{\"@id\":\"https:\/\/www.brebeuf.qc.ca\/collegial\/avantage-brebeuf\/faq-choisir-bon-programme\/#breadcrumb\"},\"inLanguage\":\"fr-FR\",\"potentialAction\":[{\"@type\":\"ReadAction\",\"target\":[\"https:\/\/www.brebeuf.qc.ca\/collegial\/avantage-brebeuf\/faq-choisir-bon-programme\/\"]}]},{\"@type\":\"BreadcrumbList\",\"@id\":\"https:\/\/www.brebeuf.qc.ca\/collegial\/avantage-brebeuf\/faq-choisir-bon-programme\/#breadcrumb\",\"itemListElement\":[{\"@type\":\"ListItem\",\"position\":1,\"item\":{\"@type\":\"WebPage\",\"@id\":\"https:\/\/www.brebeuf.qc.ca\/collegial\/\",\"url\":\"https:\/\/www.brebeuf.qc.ca\/collegial\/\",\"name\":\"Home\"}},{\"@type\":\"ListItem\",\"position\":2,\"item\":{\"@type\":\"WebPage\",\"@id\":\"https:\/\/www.brebeuf.qc.ca\/collegial\/avantage-brebeuf\/\",\"url\":\"https:\/\/www.brebeuf.qc.ca\/collegial\/avantage-brebeuf\/\",\"name\":\"L&rsquo;avantage Br\\u00e9beuf\"}},{\"@type\":\"ListItem\",\"position\":3,\"item\":{\"@id\":\"https:\/\/www.brebeuf.qc.ca\/collegial\/avantage-brebeuf\/faq-choisir-bon-programme\/#webpage\"}}]}]}<\/script>\n<!-- \/ Yoast SEO plugin. -->","_links":{"self":[{"href":"https:\/\/www.brebeuf.qc.ca\/collegial\/wp-json\/wp\/v2\/pages\/5404"}],"collection":[{"href":"https:\/\/www.brebeuf.qc.ca\/collegial\/wp-json\/wp\/v2\/pages"}],"about":[{"href":"https:\/\/www.brebeuf.qc.ca\/collegial\/wp-json\/wp\/v2\/types\/page"}],"author":[{"embeddable":true,"href":"https:\/\/www.brebeuf.qc.ca\/collegial\/wp-json\/wp\/v2\/users\/45"}],"replies":[{"embeddable":true,"href":"https:\/\/www.brebeuf.qc.ca\/collegial\/wp-json\/wp\/v2\/comments?post=5404"}],"version-history":[{"count":2,"href":"https:\/\/www.brebeuf.qc.ca\/collegial\/wp-json\/wp\/v2\/pages\/5404\/revisions"}],"predecessor-version":[{"id":5408,"href":"https:\/\/www.brebeuf.qc.ca\/collegial\/wp-json\/wp\/v2\/pages\/5404\/revisions\/5408"}],"up":[{"embeddable":true,"href":"https:\/\/www.brebeuf.qc.ca\/collegial\/wp-json\/wp\/v2\/pages\/137"}],"wp:featuredmedia":[{"embeddable":true,"href":"https:\/\/www.brebeuf.qc.ca\/collegial\/wp-json\/wp\/v2\/media\/4613"}],"wp:attachment":[{"href":"https:\/\/www.brebeuf.qc.ca\/collegial\/wp-json\/wp\/v2\/media?parent=5404"}],"curies":[{"name":"wp","href":"https:\/\/api.w.org\/{rel}","templated":true}]}}