{"id":5345,"date":"2021-01-14T16:38:52","date_gmt":"2021-01-14T16:38:52","guid":{"rendered":"https:\/\/www.brebeuf.qc.ca\/collegial\/?page_id=5345"},"modified":"2023-01-30T16:12:04","modified_gmt":"2023-01-30T16:12:04","slug":"faq-comites-sports","status":"publish","type":"page","link":"https:\/\/www.brebeuf.qc.ca\/collegial\/vie-etudiante\/faq-comites-sports\/","title":{"rendered":"Vie \u00e9tudiante &#8211; Foire aux questions"},"content":{"rendered":"<p><strong>Quels sont les types de comit\u00e9s \u00e9tudiants o\u00f9 il est possible pour un \u00e9tudiant de s\u2019impliquer?<\/strong><\/p>\n<p>\u00c0 Br\u00e9beuf, de nombreux <a href=\"https:\/\/www.brebeuf.qc.ca\/collegial\/vie-etudiante\/arts\/comites\/\">comit\u00e9s<\/a> sont propos\u00e9s. Ils sont anim\u00e9s par des \u00e9tudiants, des professeurs ou des animateurs sp\u00e9cialis\u00e9s dans leur domaine.<\/p>\n<p>Pr\u00e9sent\u00e9 de mani\u00e8re tr\u00e8s g\u00e9n\u00e9rale, les domaines couverts par les comit\u00e9s existants sont : la d\u00e9fense des droits, les services \u00e0 autrui, les communaut\u00e9s culturelles, les arts, les concours, la politique, la culture g\u00e9n\u00e9rale les sciences et l\u2019\u00e9conomie. Les activit\u00e9s \u00e9tudiantes permettent aux participants de r\u00e9aliser des projets concrets qui vont de pair avec leurs passions, int\u00e9r\u00eats et ambitions.<\/p>\n<p><strong>Est-ce qu\u2019il est possible de cr\u00e9er un nouveau comit\u00e9 \u00e9tudiant qui n\u2019est pas d\u00e9j\u00e0 propos\u00e9?<\/strong><\/p>\n<p>L\u2019\u00e9quipe de la Vie \u00e9tudiante est d\u00e9vou\u00e9e \u00e0 aider les \u00e9tudiants \u00e0 r\u00e9aliser leurs projets.<\/p>\n<p>Ainsi, si un \u00e9tudiant \u00e0 une id\u00e9e ou une exp\u00e9rience pass\u00e9e qui lui inspire un projet de comit\u00e9 qui n\u2019existe pas encore \u00e0 Br\u00e9beuf, un processus clair lui sera propos\u00e9 afin de cr\u00e9er un nouveau comit\u00e9 s\u2019adressant \u00e0 l\u2019ensemble de la population \u00e9tudiante.<\/p>\n<p><strong>Est-ce que l\u2019implication \u00e9tudiante est obligatoire ou facultative?<\/strong><\/p>\n<p>L\u2019implication au sein d\u2019un comit\u00e9 \u00e9tudiant se fait sur une base volontaire. Bien entendu, nous encourageons les \u00e9tudiants \u00e0 s\u2019investir dans au moins un comit\u00e9 de son choix. Cela lui permettra de se d\u00e9passer, de s\u2019investir dans un domaine qui le passionne tout en \u00e9largissant son r\u00e9seau de contacts au sein de notre communaut\u00e9. Nous favorisons le d\u00e9veloppement int\u00e9gral de l\u2019\u00e9tudiant.<\/p>\n<p>Il est \u00e0 noter que certaines activit\u00e9s \u00e9tudiantes peuvent \u00eatre reconnues sous forme de divers certificats officiels \u00e9mis par le Coll\u00e8ge. Nous retrouvons la \u00ab reconnaissance d\u2019int\u00e9r\u00eat sup\u00e9rieur en sciences \u00bb, la \u00ab mention leader en sciences humaines \u00bb ainsi que la \u00ab <a href=\"https:\/\/www.distinctionbrebeuf.com\/\" target=\"_blank\" rel=\"noopener noreferrer\">Distinction Br\u00e9beuf<\/a> \u00bb. Aussi, le programme du Baccalaur\u00e9at international exige des exp\u00e9riences parascolaires pour la r\u00e9alisation du programme CAS et les comit\u00e9s \u00e9tudiants peuvent aider \u00e0 l\u2019accomplissement des apprentissages par l\u2019exp\u00e9rience.<\/p>\n<p><strong>Est-ce qu\u2019il y a des frais li\u00e9s \u00e0 l\u2019implication \u00e9tudiante?<\/strong><\/p>\n<p>Plusieurs comit\u00e9s offrent une participation gratuite \u00e0 leurs activit\u00e9s.<\/p>\n<p>Certains comit\u00e9s peuvent exiger des frais lorsque des d\u00e9placements sont impliqu\u00e9s ou des inscriptions payantes (par exemple : Simulation des Nations Unies (N.M.U.N), club de d\u00e9bats oratoires, etc.). Il est possible de pr\u00e9voir des campagnes de financement afin de diminuer certaines d\u00e9penses et le tout est r\u00e9alis\u00e9 avec un suivi assidu de la direction de la Vie \u00e9tudiante.<\/p>\n<p><strong>Quels types d\u2019activit\u00e9s sportives sont offertes?<\/strong><\/p>\n<p>En plus des cours d\u2019\u00e9ducation physique int\u00e9gr\u00e9s dans le parcours p\u00e9dagogique des \u00e9tudiants, plus de <a href=\"https:\/\/www.brebeuf.qc.ca\/collegial\/vie-etudiante\/sports\/\" target=\"_blank\" rel=\"noopener noreferrer\">16 \u00e9quipes sportives intercoll\u00e9giales<\/a> sont offertes \u00e0 Br\u00e9beuf.<\/p>\n<p>L\u2019\u00e9tudiant qui souhaite pratiquer un sport sp\u00e9cifique r\u00e9guli\u00e8rement de mani\u00e8re plus intensive au sein d\u2019une \u00e9quipe comp\u00e9titive encadr\u00e9e par des entraineurs qualifi\u00e9s peut participer aux s\u00e9lections en d\u00e9but d\u2019ann\u00e9e scolaire.<\/p>\n<p>Aussi, des activit\u00e9s sportives r\u00e9cr\u00e9atives libres sont offertes en fonction de la demande et du taux de participation (par exemple : badminton, basketball, hockey cosom, etc.). Finalement, une salle d\u2019entrainement \u00e0 la fine pointe est disponible non seulement pour les cours d\u2019\u00e9ducation physique, mais aussi pour de l\u2019entrainement libre \u00e0 raison de plus de 35 heures par semaine.<\/p>\n","protected":false},"excerpt":{"rendered":"<p>Quels sont les types de comit\u00e9s \u00e9tudiants o\u00f9 il est possible pour un \u00e9tudiant de s\u2019impliquer? \u00c0 Br\u00e9beuf, de nombreux comit\u00e9s sont propos\u00e9s. Ils sont anim\u00e9s par des \u00e9tudiants, des professeurs ou des animateurs sp\u00e9cialis\u00e9s dans leur domaine. Pr\u00e9sent\u00e9 de&#8230;<\/p>\n","protected":false},"author":45,"featured_media":5346,"parent":31,"menu_order":0,"comment_status":"closed","ping_status":"closed","template":"templates\/template-personnalisable.php","meta":{"_editorskit_title_hidden":false,"_editorskit_reading_time":2,"_editorskit_typography_data":[],"_editorskit_blocks_typography":""},"yoast_head":"<!-- This site is optimized with the Yoast SEO plugin v16.3 - https:\/\/yoast.com\/wordpress\/plugins\/seo\/ -->\n<title>Vie \u00e9tudiante - Foire aux questions - Coll\u00e9gial<\/title>\n<meta name=\"robots\" content=\"index, follow, max-snippet:-1, max-image-preview:large, max-video-preview:-1\" \/>\n<link rel=\"canonical\" href=\"https:\/\/www.brebeuf.qc.ca\/collegial\/vie-etudiante\/faq-comites-sports\/\" \/>\n<meta property=\"og:locale\" content=\"fr_FR\" \/>\n<meta property=\"og:type\" content=\"article\" \/>\n<meta property=\"og:title\" content=\"Vie \u00e9tudiante - Foire aux questions - Coll\u00e9gial\" \/>\n<meta property=\"og:description\" content=\"Quels sont les types de comit\u00e9s \u00e9tudiants o\u00f9 il est possible pour un \u00e9tudiant de s\u2019impliquer? \u00c0 Br\u00e9beuf, de nombreux comit\u00e9s sont propos\u00e9s. Ils sont anim\u00e9s par des \u00e9tudiants, des professeurs ou des animateurs sp\u00e9cialis\u00e9s dans leur domaine. Pr\u00e9sent\u00e9 de...\" \/>\n<meta property=\"og:url\" content=\"https:\/\/www.brebeuf.qc.ca\/collegial\/vie-etudiante\/faq-comites-sports\/\" \/>\n<meta property=\"og:site_name\" content=\"Coll\u00e9gial\" \/>\n<meta property=\"article:modified_time\" content=\"2023-01-30T16:12:04+00:00\" \/>\n<meta property=\"og:image\" content=\"https:\/\/www.brebeuf.qc.ca\/collegial\/wp-content\/uploads\/sites\/2\/2021\/01\/entete_faq_vie_etudiante_collegial.jpg\" \/>\n\t<meta property=\"og:image:width\" content=\"1400\" \/>\n\t<meta property=\"og:image:height\" content=\"240\" \/>\n<meta name=\"twitter:label1\" content=\"Dur\u00e9e de lecture est.\">\n\t<meta name=\"twitter:data1\" content=\"3 minutes\">\n<script type=\"application\/ld+json\" class=\"yoast-schema-graph\">{\"@context\":\"https:\/\/schema.org\",\"@graph\":[{\"@type\":\"WebSite\",\"@id\":\"https:\/\/www.brebeuf.qc.ca\/collegial\/#website\",\"url\":\"https:\/\/www.brebeuf.qc.ca\/collegial\/\",\"name\":\"Coll\\u00e9gial\",\"description\":\"Coll\\u00e8ge priv\\u00e9 | Secondaire | Coll\\u00e9gial\",\"potentialAction\":[{\"@type\":\"SearchAction\",\"target\":\"https:\/\/www.brebeuf.qc.ca\/collegial\/?s={search_term_string}\",\"query-input\":\"required name=search_term_string\"}],\"inLanguage\":\"fr-FR\"},{\"@type\":\"ImageObject\",\"@id\":\"https:\/\/www.brebeuf.qc.ca\/collegial\/vie-etudiante\/faq-comites-sports\/#primaryimage\",\"inLanguage\":\"fr-FR\",\"url\":\"https:\/\/www.brebeuf.qc.ca\/collegial\/wp-content\/uploads\/sites\/2\/2021\/01\/entete_faq_vie_etudiante_collegial.jpg\",\"contentUrl\":\"https:\/\/www.brebeuf.qc.ca\/collegial\/wp-content\/uploads\/sites\/2\/2021\/01\/entete_faq_vie_etudiante_collegial.jpg\",\"width\":1400,\"height\":240},{\"@type\":\"WebPage\",\"@id\":\"https:\/\/www.brebeuf.qc.ca\/collegial\/vie-etudiante\/faq-comites-sports\/#webpage\",\"url\":\"https:\/\/www.brebeuf.qc.ca\/collegial\/vie-etudiante\/faq-comites-sports\/\",\"name\":\"Vie \\u00e9tudiante - Foire aux questions - Coll\\u00e9gial\",\"isPartOf\":{\"@id\":\"https:\/\/www.brebeuf.qc.ca\/collegial\/#website\"},\"primaryImageOfPage\":{\"@id\":\"https:\/\/www.brebeuf.qc.ca\/collegial\/vie-etudiante\/faq-comites-sports\/#primaryimage\"},\"datePublished\":\"2021-01-14T16:38:52+00:00\",\"dateModified\":\"2023-01-30T16:12:04+00:00\",\"breadcrumb\":{\"@id\":\"https:\/\/www.brebeuf.qc.ca\/collegial\/vie-etudiante\/faq-comites-sports\/#breadcrumb\"},\"inLanguage\":\"fr-FR\",\"potentialAction\":[{\"@type\":\"ReadAction\",\"target\":[\"https:\/\/www.brebeuf.qc.ca\/collegial\/vie-etudiante\/faq-comites-sports\/\"]}]},{\"@type\":\"BreadcrumbList\",\"@id\":\"https:\/\/www.brebeuf.qc.ca\/collegial\/vie-etudiante\/faq-comites-sports\/#breadcrumb\",\"itemListElement\":[{\"@type\":\"ListItem\",\"position\":1,\"item\":{\"@type\":\"WebPage\",\"@id\":\"https:\/\/www.brebeuf.qc.ca\/collegial\/\",\"url\":\"https:\/\/www.brebeuf.qc.ca\/collegial\/\",\"name\":\"Home\"}},{\"@type\":\"ListItem\",\"position\":2,\"item\":{\"@type\":\"WebPage\",\"@id\":\"https:\/\/www.brebeuf.qc.ca\/collegial\/vie-etudiante\/\",\"url\":\"https:\/\/www.brebeuf.qc.ca\/collegial\/vie-etudiante\/\",\"name\":\"Vie \\u00e9tudiante\"}},{\"@type\":\"ListItem\",\"position\":3,\"item\":{\"@id\":\"https:\/\/www.brebeuf.qc.ca\/collegial\/vie-etudiante\/faq-comites-sports\/#webpage\"}}]}]}<\/script>\n<!-- \/ Yoast SEO plugin. -->","_links":{"self":[{"href":"https:\/\/www.brebeuf.qc.ca\/collegial\/wp-json\/wp\/v2\/pages\/5345"}],"collection":[{"href":"https:\/\/www.brebeuf.qc.ca\/collegial\/wp-json\/wp\/v2\/pages"}],"about":[{"href":"https:\/\/www.brebeuf.qc.ca\/collegial\/wp-json\/wp\/v2\/types\/page"}],"author":[{"embeddable":true,"href":"https:\/\/www.brebeuf.qc.ca\/collegial\/wp-json\/wp\/v2\/users\/45"}],"replies":[{"embeddable":true,"href":"https:\/\/www.brebeuf.qc.ca\/collegial\/wp-json\/wp\/v2\/comments?post=5345"}],"version-history":[{"count":4,"href":"https:\/\/www.brebeuf.qc.ca\/collegial\/wp-json\/wp\/v2\/pages\/5345\/revisions"}],"predecessor-version":[{"id":7312,"href":"https:\/\/www.brebeuf.qc.ca\/collegial\/wp-json\/wp\/v2\/pages\/5345\/revisions\/7312"}],"up":[{"embeddable":true,"href":"https:\/\/www.brebeuf.qc.ca\/collegial\/wp-json\/wp\/v2\/pages\/31"}],"wp:featuredmedia":[{"embeddable":true,"href":"https:\/\/www.brebeuf.qc.ca\/collegial\/wp-json\/wp\/v2\/media\/5346"}],"wp:attachment":[{"href":"https:\/\/www.brebeuf.qc.ca\/collegial\/wp-json\/wp\/v2\/media?parent=5345"}],"curies":[{"name":"wp","href":"https:\/\/api.w.org\/{rel}","templated":true}]}}