{"id":4862,"date":"2019-11-29T21:50:06","date_gmt":"2019-11-29T21:50:06","guid":{"rendered":"https:\/\/www.brebeuf.qc.ca\/collegial\/?page_id=4862"},"modified":"2025-04-04T14:52:13","modified_gmt":"2025-04-04T14:52:13","slug":"violences-caractere-sexuel","status":"publish","type":"page","link":"https:\/\/www.brebeuf.qc.ca\/collegial\/vie-etudiante\/violences-caractere-sexuel\/","title":{"rendered":"Violences \u00e0  caract\u00e8re sexuel"},"content":{"rendered":"\n<h2><strong>Pr\u00e9venir et combattre les violences \u00e0 caract\u00e8re sexuel<\/strong><\/h2>\n\n\n\n<p>On entend par violences \u00e0 caract\u00e8re sexuel \u00ab toute forme de violence commise par le biais de pratiques sexuelles ou en ciblant la sexualit\u00e9, dont l\u2019agression sexuelle. Cette notion s\u2019entend \u00e9galement de toute autre inconduite qui se manifeste notamment par des gestes, paroles, comportements ou attitudes \u00e0 connotation sexuelle non d\u00e9sir\u00e9s, incluant celles relatives aux diversit\u00e9s sexuelles ou de genre, exprim\u00e9es directement ou indirectement, y compris par un moyen technologique. \u00bb<\/p>\n\n\n\n<p><strong><em>Politique visant \u00e0 pr\u00e9venir et \u00e0 combattre les violences \u00e0 caract\u00e8re sexuel du Coll\u00e8ge Br\u00e9beuf<\/em><\/strong><\/p>\n\n\n\n<hr class=\"wp-block-separator\"\/>\n\n\n\n<h3><strong>Le Coll\u00e8ge Br\u00e9beuf se dote d&rsquo;une politique<\/strong><\/h3>\n\n\n\n<p>Conform\u00e9ment \u00e0 la loi visant \u00e0 pr\u00e9venir et \u00e0 combattre les violences \u00e0 caract\u00e8re sexuel dans les \u00e9tablissements d\u2019enseignement sup\u00e9rieur, le Coll\u00e8ge s\u2019est dot\u00e9 d\u2019une politique qui vise \u00e0 <strong>renforcer les actions pour pr\u00e9venir et combattre<\/strong> les violences \u00e0 caract\u00e8re sexuel dans notre \u00e9tablissement.<\/p>\n\n\n\n<p>Cette politique favorise ainsi le maintien d\u2019un <strong>milieu de vie sain et s\u00e9curitaire<\/strong> pour les \u00e9tudiants, les membres du personnel, les stagiaires, les visiteurs et les sous\u2010traitants.<\/p>\n\n\n\n<p>Elle d\u00e9finit les <strong>modalit\u00e9s<\/strong> de <strong>pr\u00e9vention<\/strong>, de <strong>sensibilisation<\/strong>, de <strong>s\u00e9curit\u00e9<\/strong> ainsi que de <strong>gestion<\/strong> des <strong>plaintes<\/strong>.<\/p>\n\n\n\n<p>Conform\u00e9ment aux exigences l\u00e9gislatives, cette politique pr\u00e9voit aussi la mise en \u0153uvre de moyens de responsabilisation, d\u2019accompagnement et d\u2019aide pour tous.<\/p>\n\n\n\n<hr class=\"wp-block-separator\"\/>\n\n\n\n<h3><strong>Pour obtenir de l\u2019information : un guichet unique<\/strong><\/h3>\n\n\n\n<ul><li>Claudine Samson, sexologue et intervenante en mati\u00e8re de violences \u00e0 caract\u00e8re sexuel<\/li><li>Bureau : B2-90, 2B<\/li><li>T\u00e9l\u00e9phone : 514 342-9342, poste 5214<\/li><\/ul>\n\n\n\n<p>Toute personne victime ou t\u00e9moin, directement ou indirectement, peut d\u00e9poser une plainte ou un signalement, en personne, au guichet unique. Il est aussi possible de d\u00e9noncer de fa\u00e7on anonyme \u00e0 l\u2019adresse :&nbsp;<a href=\"mailto:jedenonce@brebeuf.qc.ca\">jedenonce@brebeuf.qc.ca<\/a><br>ou en composant le poste 5999<\/p>\n\n\n\n<hr class=\"wp-block-separator\"\/>\n\n\n\n<h3><strong>Document en PDF<\/strong><\/h3>\n\n\n\n<p>Les personnes employ\u00e9es et \u00e9tudiantes de Br\u00e9beuf peuvent trouver la politique int\u00e9grale sur Omnivox, dans les fichiers de la communaut\u00e9 \u00ab Violences \u00e0 caract\u00e8re sexuel \u00bb.&nbsp;<\/p>\n\n\n\n<p><a href=\"https:\/\/www.brebeuf.qc.ca\/collegial\/wp-content\/uploads\/sites\/2\/2022\/11\/BREBEUF-PAGES-AGENDA-Violences-a-caracteere-sexuel-FICHIER-POUR-IMPRESSION.pdf\"><strong>R\u00e9sum\u00e9 de la politique <em>Violences \u00e0 caract\u00e8re sexuel<\/em> du Coll\u00e8ge Br\u00e9beuf<\/strong><\/a><strong>.<\/strong><\/p>\n\n\n\n<hr class=\"wp-block-separator\"\/>\n\n\n\n<h3><strong>Capsules de formation<\/strong><\/h3>\n\n\n\n<p><strong>Les mythes et le r\u00f4le des t\u00e9moins actifs<\/strong><\/p>\n\n\n\n<figure class=\"wp-block-embed is-type-video is-provider-youtube wp-block-embed-youtube wp-embed-aspect-16-9 wp-has-aspect-ratio\"><div class=\"wp-block-embed__wrapper\">\n<iframe loading=\"lazy\" title=\"Les mythes et le r\u00f4le des t\u00e9moins actifs\" width=\"1140\" height=\"641\" src=\"https:\/\/www.youtube.com\/embed\/d0ok-Y1xNek?feature=oembed\" frameborder=\"0\" allow=\"accelerometer; autoplay; clipboard-write; encrypted-media; gyroscope; picture-in-picture; web-share\" allowfullscreen><\/iframe>\n<\/div><\/figure>\n\n\n\n<hr class=\"wp-block-separator\"\/>\n\n\n\n<p><strong>Les concepts de base et les moyens de signalement<\/strong><\/p>\n\n\n\n<figure class=\"wp-block-embed is-type-video is-provider-youtube wp-block-embed-youtube wp-embed-aspect-16-9 wp-has-aspect-ratio\"><div class=\"wp-block-embed__wrapper\">\n<iframe loading=\"lazy\" title=\"Les concepts de base et les moyens de signalement\" width=\"1140\" height=\"641\" src=\"https:\/\/www.youtube.com\/embed\/UEDa2654Ro8?feature=oembed\" frameborder=\"0\" allow=\"accelerometer; autoplay; clipboard-write; encrypted-media; gyroscope; picture-in-picture; web-share\" allowfullscreen><\/iframe>\n<\/div><\/figure>\n\n\n\n<p><\/p>\n","protected":false},"excerpt":{"rendered":"<p>Pr\u00e9venir et combattre les violences \u00e0 caract\u00e8re sexuel On entend par violences \u00e0 caract\u00e8re sexuel \u00ab toute forme de violence commise par le biais de pratiques sexuelles ou en ciblant la sexualit\u00e9, dont l\u2019agression sexuelle. Cette notion s\u2019entend \u00e9galement de&#8230;<\/p>\n","protected":false},"author":1,"featured_media":4869,"parent":31,"menu_order":0,"comment_status":"closed","ping_status":"closed","template":"templates\/template-personnalisable.php","meta":{"_editorskit_title_hidden":false,"_editorskit_reading_time":1,"_editorskit_typography_data":[],"_editorskit_blocks_typography":""},"yoast_head":"<!-- This site is optimized with the Yoast SEO plugin v16.3 - https:\/\/yoast.com\/wordpress\/plugins\/seo\/ -->\n<title>Violences \u00e0 caract\u00e8re sexuel - Coll\u00e9gial<\/title>\n<meta name=\"robots\" content=\"index, follow, max-snippet:-1, max-image-preview:large, max-video-preview:-1\" \/>\n<link rel=\"canonical\" href=\"https:\/\/www.brebeuf.qc.ca\/collegial\/vie-etudiante\/violences-caractere-sexuel\/\" \/>\n<meta property=\"og:locale\" content=\"fr_FR\" \/>\n<meta property=\"og:type\" content=\"article\" \/>\n<meta property=\"og:title\" content=\"Violences \u00e0 caract\u00e8re sexuel - Coll\u00e9gial\" \/>\n<meta property=\"og:description\" content=\"Pr\u00e9venir et combattre les violences \u00e0 caract\u00e8re sexuel On entend par violences \u00e0 caract\u00e8re sexuel \u00ab toute forme de violence commise par le biais de pratiques sexuelles ou en ciblant la sexualit\u00e9, dont l\u2019agression sexuelle. Cette notion s\u2019entend \u00e9galement de...\" \/>\n<meta property=\"og:url\" content=\"https:\/\/www.brebeuf.qc.ca\/collegial\/vie-etudiante\/violences-caractere-sexuel\/\" \/>\n<meta property=\"og:site_name\" content=\"Coll\u00e9gial\" \/>\n<meta property=\"article:modified_time\" content=\"2025-04-04T14:52:13+00:00\" \/>\n<meta property=\"og:image\" content=\"https:\/\/www.brebeuf.qc.ca\/collegial\/wp-content\/uploads\/sites\/2\/2019\/11\/entete_sections_grande_banniere_VCS.jpg\" \/>\n\t<meta property=\"og:image:width\" content=\"1400\" \/>\n\t<meta property=\"og:image:height\" content=\"240\" \/>\n<meta name=\"twitter:label1\" content=\"Dur\u00e9e de lecture est.\">\n\t<meta name=\"twitter:data1\" content=\"2 minutes\">\n<script type=\"application\/ld+json\" class=\"yoast-schema-graph\">{\"@context\":\"https:\/\/schema.org\",\"@graph\":[{\"@type\":\"WebSite\",\"@id\":\"https:\/\/www.brebeuf.qc.ca\/collegial\/#website\",\"url\":\"https:\/\/www.brebeuf.qc.ca\/collegial\/\",\"name\":\"Coll\\u00e9gial\",\"description\":\"Coll\\u00e8ge priv\\u00e9 | Secondaire | Coll\\u00e9gial\",\"potentialAction\":[{\"@type\":\"SearchAction\",\"target\":\"https:\/\/www.brebeuf.qc.ca\/collegial\/?s={search_term_string}\",\"query-input\":\"required name=search_term_string\"}],\"inLanguage\":\"fr-FR\"},{\"@type\":\"ImageObject\",\"@id\":\"https:\/\/www.brebeuf.qc.ca\/collegial\/vie-etudiante\/violences-caractere-sexuel\/#primaryimage\",\"inLanguage\":\"fr-FR\",\"url\":\"https:\/\/www.brebeuf.qc.ca\/collegial\/wp-content\/uploads\/sites\/2\/2019\/11\/entete_sections_grande_banniere_VCS.jpg\",\"contentUrl\":\"https:\/\/www.brebeuf.qc.ca\/collegial\/wp-content\/uploads\/sites\/2\/2019\/11\/entete_sections_grande_banniere_VCS.jpg\",\"width\":1400,\"height\":240},{\"@type\":\"WebPage\",\"@id\":\"https:\/\/www.brebeuf.qc.ca\/collegial\/vie-etudiante\/violences-caractere-sexuel\/#webpage\",\"url\":\"https:\/\/www.brebeuf.qc.ca\/collegial\/vie-etudiante\/violences-caractere-sexuel\/\",\"name\":\"Violences \\u00e0 caract\\u00e8re sexuel - Coll\\u00e9gial\",\"isPartOf\":{\"@id\":\"https:\/\/www.brebeuf.qc.ca\/collegial\/#website\"},\"primaryImageOfPage\":{\"@id\":\"https:\/\/www.brebeuf.qc.ca\/collegial\/vie-etudiante\/violences-caractere-sexuel\/#primaryimage\"},\"datePublished\":\"2019-11-29T21:50:06+00:00\",\"dateModified\":\"2025-04-04T14:52:13+00:00\",\"breadcrumb\":{\"@id\":\"https:\/\/www.brebeuf.qc.ca\/collegial\/vie-etudiante\/violences-caractere-sexuel\/#breadcrumb\"},\"inLanguage\":\"fr-FR\",\"potentialAction\":[{\"@type\":\"ReadAction\",\"target\":[\"https:\/\/www.brebeuf.qc.ca\/collegial\/vie-etudiante\/violences-caractere-sexuel\/\"]}]},{\"@type\":\"BreadcrumbList\",\"@id\":\"https:\/\/www.brebeuf.qc.ca\/collegial\/vie-etudiante\/violences-caractere-sexuel\/#breadcrumb\",\"itemListElement\":[{\"@type\":\"ListItem\",\"position\":1,\"item\":{\"@type\":\"WebPage\",\"@id\":\"https:\/\/www.brebeuf.qc.ca\/collegial\/\",\"url\":\"https:\/\/www.brebeuf.qc.ca\/collegial\/\",\"name\":\"Home\"}},{\"@type\":\"ListItem\",\"position\":2,\"item\":{\"@type\":\"WebPage\",\"@id\":\"https:\/\/www.brebeuf.qc.ca\/collegial\/vie-etudiante\/\",\"url\":\"https:\/\/www.brebeuf.qc.ca\/collegial\/vie-etudiante\/\",\"name\":\"Vie \\u00e9tudiante\"}},{\"@type\":\"ListItem\",\"position\":3,\"item\":{\"@id\":\"https:\/\/www.brebeuf.qc.ca\/collegial\/vie-etudiante\/violences-caractere-sexuel\/#webpage\"}}]}]}<\/script>\n<!-- \/ Yoast SEO plugin. -->","_links":{"self":[{"href":"https:\/\/www.brebeuf.qc.ca\/collegial\/wp-json\/wp\/v2\/pages\/4862"}],"collection":[{"href":"https:\/\/www.brebeuf.qc.ca\/collegial\/wp-json\/wp\/v2\/pages"}],"about":[{"href":"https:\/\/www.brebeuf.qc.ca\/collegial\/wp-json\/wp\/v2\/types\/page"}],"author":[{"embeddable":true,"href":"https:\/\/www.brebeuf.qc.ca\/collegial\/wp-json\/wp\/v2\/users\/1"}],"replies":[{"embeddable":true,"href":"https:\/\/www.brebeuf.qc.ca\/collegial\/wp-json\/wp\/v2\/comments?post=4862"}],"version-history":[{"count":25,"href":"https:\/\/www.brebeuf.qc.ca\/collegial\/wp-json\/wp\/v2\/pages\/4862\/revisions"}],"predecessor-version":[{"id":8866,"href":"https:\/\/www.brebeuf.qc.ca\/collegial\/wp-json\/wp\/v2\/pages\/4862\/revisions\/8866"}],"up":[{"embeddable":true,"href":"https:\/\/www.brebeuf.qc.ca\/collegial\/wp-json\/wp\/v2\/pages\/31"}],"wp:featuredmedia":[{"embeddable":true,"href":"https:\/\/www.brebeuf.qc.ca\/collegial\/wp-json\/wp\/v2\/media\/4869"}],"wp:attachment":[{"href":"https:\/\/www.brebeuf.qc.ca\/collegial\/wp-json\/wp\/v2\/media?parent=4862"}],"curies":[{"name":"wp","href":"https:\/\/api.w.org\/{rel}","templated":true}]}}