{"id":48,"date":"2014-07-18T14:58:04","date_gmt":"2014-07-18T14:58:04","guid":{"rendered":"http:\/\/localhost\/brebeuf\/collegial\/?page_id=48"},"modified":"2020-12-07T21:17:21","modified_gmt":"2020-12-07T21:17:21","slug":"baccalaureat-international","status":"publish","type":"page","link":"https:\/\/www.brebeuf.qc.ca\/collegial\/baccalaureat-international\/","title":{"rendered":"Baccalaur\u00e9at international (BI)"},"content":{"rendered":"<h2 style=\"text-align: left;\"><span id=\"LE_BACCALAUREAT_INTERNATIONAL_QUEST-CE_QUE_CEST\">LE BACCALAUR\u00c9AT INTERNATIONAL, QU\u2019EST-CE QUE C\u2019EST?<\/span><\/h2>\n<p style=\"text-align: left;\">Le programme du Baccalaur\u00e9at international est offert dans plus de 147 pays. Les contenus sont \u00e9labor\u00e9s par des professeurs venant de partout, y compris du Qu\u00e9bec, et les examens de fin d\u2019\u00e9tudes coll\u00e9giales sont les m\u00eames, que le candidat soit qu\u00e9b\u00e9cois, am\u00e9ricain, chinois ou britannique. La r\u00e9ussite aux examens du Baccalaur\u00e9at international donne \u00e9galement droit au DEC (dipl\u00f4me d\u2019\u00e9tudes coll\u00e9giales qu\u00e9b\u00e9cois). Le programme du Baccalaur\u00e9at international est reconnu par les universit\u00e9s de nombreux pays, y compris, par les universit\u00e9s qu\u00e9b\u00e9coises.<\/p>\n<h2 style=\"text-align: left;\"><span id=\"Baccalaureat_international_en_sciences_de_la_nature\">Baccalaur\u00e9at international en sciences de la nature<\/span><\/h2>\n<p style=\"text-align: left;\">Deux profils sont offerts:<\/p>\n<p style=\"text-align: left;\"><strong>1. Sciences de la sant\u00e9<\/strong><\/p>\n<p style=\"text-align: left;\">Cette voie permet d\u2019acc\u00e9der \u00e0 des domaines comme la m\u00e9decine, la pharmacie, la m\u00e9decine dentaire et l\u2019optom\u00e9trie. L\u2019\u00e9tudiant de ce profil fera davantage de chimie et de biologie qu\u2019au DEC et moins de physique (Voir BI \u2013 <a href=\"http:\/\/www.brebeuf.qc.ca\/collegial\/wp-content\/uploads\/sites\/2\/2016\/10\/BI_-_Sciences_de_la_sante_2016.pdf\"><strong>Sciences de la sant\u00e9 &#8211; Grille de cours<\/strong><\/a>).<\/p>\n<p style=\"text-align: left;\"><strong>2. Sciences pures et appliqu\u00e9es<\/strong><\/p>\n<p style=\"text-align: left;\">Ce profil met l\u2019accent sur des connaissances qui permettront \u00e0 l\u2019\u00e9tudiant de poursuivre des \u00e9tudes dans un domaine comme celui du g\u00e9nie, de la physique ou de la chimie. L\u2019\u00e9tudiant de ce profil fera plus de math\u00e9matiques et de physique qu\u2019au DEC (Voir BI \u2013 <a href=\"http:\/\/www.brebeuf.qc.ca\/collegial\/wp-content\/uploads\/sites\/2\/2016\/10\/BI_-_Sciences_pures_2016.pdf\"><strong>Sciences pures et appliqu\u00e9es \u2013 Grille de cours<\/strong><\/a>).<\/p>\n<h3 style=\"text-align: left;\">Baccalaur\u00e9at international en sciences humaines<\/h3>\n<p style=\"text-align: left;\">Trois\u00a0profils sont offerts. Chaque profil permet de se sp\u00e9cialiser dans une discipline. Ainsi, le choix d\u2019un profil d\u00e9pend d\u2019abord et avant tout des go\u00fbts de l\u2019\u00e9tudiant. En revanche, quel que soit le parcours retenu, le dipl\u00f4m\u00e9 du BI en sciences humaines aura acc\u00e8s aux m\u00eames domaines universitaires.<\/p>\n<p style=\"text-align: left;\"><strong>1. Gestion des entreprises<\/strong><\/p>\n<p style=\"text-align: left;\">Ce profil permet de mieux comprendre l\u2019entreprise et son environnement, du marketing aux ressources humaines, de la finance \u00e0 la comptabilit\u00e9 (Voir BI \u2013 <strong><a href=\"http:\/\/www.brebeuf.qc.ca\/collegial\/wp-content\/uploads\/sites\/2\/2016\/10\/BI-Commerce-et-gestion_2016.pdf\">Gestion des entreprises\u00a0 \u2013 Grille de cours<\/a>\u00a0<\/strong>).<\/p>\n<p style=\"text-align: left;\"><strong>2. \u00c9conomie<\/strong><\/p>\n<p style=\"text-align: left;\">Cette voie permet d\u2019explorer les principales notions associ\u00e9es \u00e0 la micro\u00e9conomie, \u00e0 la macro\u00e9conomie, aux relations \u00e9conomiques internationales ainsi qu\u2019aux probl\u00e8mes du sous-d\u00e9veloppement (Voir BI \u2013 <a href=\"http:\/\/www.brebeuf.qc.ca\/collegial\/wp-content\/uploads\/sites\/2\/2016\/10\/BI-\u00c9conomie_2016.pdf\"><strong>\u00c9conomie\u00a0 \u2013 Grille de cours<\/strong><\/a>).<\/p>\n<p style=\"text-align: left;\"><strong>3. Histoire<\/strong><\/p>\n<p style=\"text-align: left;\">Ce profil permet de mieux comprendre la signification des multiples \u00e9v\u00e9nements et ph\u00e9nom\u00e8nes de l&rsquo;actualit\u00e9, en faisant r\u00e9f\u00e9rence au pass\u00e9. Il permet\u00a0d&rsquo;approfondir et d&rsquo;analyser les grands enjeux du monde actuel avec le recul n\u00e9cessaire (Voir BI\u00a0\u2013<a href=\"http:\/\/www.brebeuf.qc.ca\/collegial\/wp-content\/uploads\/sites\/2\/2016\/10\/BI-Histoire_2016.pdf\"> <strong>Histoire\u00a0\u2013 Grille de cours<\/strong><\/a>).<\/p>\n<p style=\"text-align: left;\">Les \u00e9tudiants du<strong> Baccalaur\u00e9at international en sciences humaines<\/strong> doivent suivre un minimum de trois cours de math\u00e9matiques. Ils peuvent aussi opter pour un parcours enrichi en math\u00e9matiques. Le programme comprend \u00e9galement un parcours unique au Qu\u00e9bec: des cours de\u00a0<strong>Science du sport, de l&rsquo;exercice et de la sant\u00e9.<\/strong> Trois de ces cours sont donn\u00e9s par un professeur de biologie et un autre par un professeur d&rsquo;\u00e9ducation physique.<\/p>\n<hr \/>\n<h2 style=\"text-align: left;\"><span id=\"Le_baccalaureat_international_crsquoest_pour_qui\">Le baccalaur\u00e9at international, c&rsquo;est pour qui?<\/span><\/h2>\n<p style=\"text-align: left;\">Le programme du Baccalaur\u00e9at international est fait pour l&rsquo;\u00e9tudiant qui veut:<\/p>\n<ul style=\"text-align: left;\">\n<li>Relever des d\u00e9fis particuliers\n<ul>\n<li>en se mesurant \u00e0 des crit\u00e8res d&rsquo;\u00e9valuation internationaux<\/li>\n<li>en r\u00e9visant, \u00e0 la quatri\u00e8me session entre autres, l&rsquo;ensemble de la mati\u00e8re vue au cours de sa formation pour se pr\u00e9parer aux examens synth\u00e8ses,<\/li>\n<li>et ce, tout en s&rsquo;impliquant dans des projets sociaux et communautaires<\/li>\n<\/ul>\n<\/li>\n<li>Vivre une exp\u00e9rience de groupe\n<ul>\n<li>en collaborant avec ses pairs dans des groupes homog\u00e8nes<\/li>\n<li>en s&rsquo;ouvrant aux autres<\/li>\n<\/ul>\n<\/li>\n<li>Acqu\u00e9rir une\u00a0<strong>formation scolaire\u00a0<\/strong><b>exigeante<\/b>, le pr\u00e9parant \u00e0 des\u00a0<strong>\u00e9tudes universitaires pouss\u00e9es<\/strong><\/li>\n<\/ul>\n<p style=\"text-align: left;\">Bref, le BI est con\u00e7u tout particuli\u00e8rement pour des \u00e9tudiants motiv\u00e9s, curieux, travaillants et rigoureux, qui acceptent un cadre d\u00e9termin\u00e9 par des balises internationales.<\/p>\n<hr \/>\n<h2 style=\"text-align: left;\"><span id=\"Les_conditions_drsquoadmission\">Les conditions d&rsquo;admission<\/span><\/h2>\n<h3 style=\"text-align: left;\">BACCALAUR\u00c9AT INTERNATIONAL EN SCIENCES DE LA NATURE<\/h3>\n<p style=\"text-align: left;\"><strong>Obtention du DES (dipl\u00f4me d&rsquo;\u00e9tudes secondaires) ou de l&rsquo;\u00e9quivalent<\/strong><\/p>\n<p style=\"text-align: left;\"><strong>Capacit\u00e9 d&rsquo;accueil en 1<sup>\u00e8re<\/sup> ann\u00e9e\u00a0:<\/strong> 95 \u00e9tudiants<\/p>\n<p style=\"text-align: left;\"><strong>Seuil d&rsquo;admissibilit\u00e9<\/strong><\/p>\n<ul>\n<li style=\"text-align: left;\">75% de moyenne g\u00e9n\u00e9rale: moyenne pond\u00e9r\u00e9e de la 4<sup>e<\/sup> secondaire et de la 5<sup><span style=\"font-size: small;\">e<\/span><\/sup> secondaire.<\/li>\n<li style=\"text-align: left;\">75% en sciences et en math\u00e9matiques en 4<sup>e<\/sup> et 5<sup>e<\/sup> secondaire.<\/li>\n<\/ul>\n<p><strong>Taux d&rsquo;admission<\/strong><\/p>\n<p>\u00c0 l&rsquo;automne 2016, 98% des \u00e9tudiants qui ont fait une demande d&rsquo;admission ont \u00e9t\u00e9 accept\u00e9s au programme.<\/p>\n<p style=\"text-align: left;\"><strong>Pr\u00e9alables<\/strong><\/p>\n<ul>\n<li style=\"text-align: left;\">Cours de math\u00e9matiques suivis dans le parcours TS ou SN en 4<sup>e<\/sup> et 5<sup>e<\/sup> secondaire.<\/li>\n<li style=\"text-align: left;\">Chimie et physique de 5<sup>e<\/sup> secondaire.<\/li>\n<\/ul>\n<h3 style=\"text-align: left;\">BACCALAUR\u00c9AT INTERNATIONAL EN SCIENCES HUMAINES<\/h3>\n<p style=\"text-align: left;\"><strong>Obtention du DES (dipl\u00f4me d&rsquo;\u00e9tudes secondaires) ou de l&rsquo;\u00e9quivalent<\/strong><\/p>\n<p style=\"text-align: left;\"><strong>Capacit\u00e9 d&rsquo;accueil en 1<sup>\u00e8re<\/sup> ann\u00e9e\u00a0:<\/strong> 65 \u00e9tudiants<\/p>\n<p style=\"text-align: left;\"><strong>Seuil d&rsquo;admissibilit\u00e9 :<\/strong><\/p>\n<ul>\n<li style=\"text-align: left;\">75% de moyenne g\u00e9n\u00e9rale: moyenne pond\u00e9r\u00e9e de la 4<sup>e<\/sup>secondaire et de la 5<sup>e<\/sup> secondaire.<\/li>\n<li style=\"text-align: left;\">75% en math\u00e9matiques en 4<sup>e<\/sup> et 5<sup>e<\/sup> secondaire.<\/li>\n<\/ul>\n<p style=\"text-align: left;\"><strong>Taux d&rsquo;admission<\/strong><\/p>\n<p style=\"text-align: left;\">\u00c0 l&rsquo;automne 2016, 95% des \u00e9tudiants qui ont fait une demande d&rsquo;admission ont \u00e9t\u00e9 accept\u00e9s au programme.<\/p>\n<p style=\"text-align: left;\"><strong>Pr\u00e9alables<\/strong><\/p>\n<p style=\"text-align: left;\">Cours de math\u00e9matiques suivis dans le parcours TS ou SN en 4<sup>e<\/sup> et 5<sup>e<\/sup> secondaire.<\/p>\n<h2 style=\"text-align: left;\"><span id=\"Le_cursus_BI\"><strong>Le cursus BI<\/strong><\/span><\/h2>\n<p style=\"text-align: left;\">Les candidats doivent choisir une discipline dans chacun des cinq groupes suivants :<\/p>\n<ul>\n<li style=\"text-align: left;\">Langue maternelle<\/li>\n<li style=\"text-align: left;\">Langue seconde<\/li>\n<li style=\"text-align: left;\">Individus et soci\u00e9t\u00e9s<\/li>\n<li style=\"text-align: left;\">Sciences<\/li>\n<li style=\"text-align: left;\">Math\u00e9matiques et informatique<\/li>\n<\/ul>\n<p style=\"text-align: left;\">Un sixi\u00e8me groupe permet \u00e0 l&rsquo;\u00e9tudiant de choisir une seconde discipline dans le groupe Sciences ou dans le groupe Individus et soci\u00e9t\u00e9s. Trois ou quatre de ces disciplines doivent \u00eatre pr\u00e9sent\u00e9es au niveau sup\u00e9rieur (NS) pour \u00eatre \u00e9tudi\u00e9es en profondeur, les autres au niveau moyen (NM) dans une perspective d&rsquo;\u00e9tude plus large. Tous les candidats doivent r\u00e9diger un essai\u00a0en Th\u00e9orie de la connaissance ainsi qu&rsquo;un court m\u00e9moire dans une discipline de leur choix et r\u00e9pondre aux exigences du programme d&rsquo;activit\u00e9s parascolaires Cr\u00e9ation-Activit\u00e9-Service propre au BI. <a href=\"\/collegial\/cursus-bi\/\">+ D\u00e9tails<\/a><\/p>\n<hr \/>\n<h2 style=\"text-align: left;\"><span id=\"LrsquoAvantage_Brebeuf_au_Baccalaureat_International\">L&rsquo;Avantage Br\u00e9beuf au Baccalaur\u00e9at International<\/span><\/h2>\n<p style=\"text-align: left;\"><strong>1. Br\u00e9beuf est la premi\u00e8re institution coll\u00e9giale qu\u00e9b\u00e9coise \u00e0 s&rsquo;\u00eatre affili\u00e9e \u00e0 l&rsquo;Office du BI<\/strong><\/p>\n<p style=\"text-align: left;\">Les professeurs du Coll\u00e8ge ont une vaste exp\u00e9rience des particularit\u00e9s du programme.<\/p>\n<p style=\"text-align: left;\"><strong>2. Les r\u00e9sultats des \u00e9tudiants de Br\u00e9beuf aux examens internationaux du Baccalaur\u00e9at international sont exceptionnels, et\u00a0 le taux d&rsquo;obtention du dipl\u00f4me BI\u00a0d\u00e9passe 90%!<\/strong><\/p>\n<p style=\"text-align: left;\">Dans toutes les mati\u00e8res, les \u00e9tudiants de Br\u00e9beuf se situent nettement au-dessus de la moyenne mondiale.<\/p>\n<p style=\"text-align: left;\"><strong>3. Le Coll\u00e8ge et ses professeurs ont une vaste connaissance des possibilit\u00e9s d&rsquo;engagement en activit\u00e9s communautaires ou de b\u00e9n\u00e9volat.<\/strong> C&rsquo;est un atout suppl\u00e9mentaire pour plusieurs \u00e9tudiants qui comptent poursuivre leurs \u00e9tudes dans un domaine o\u00f9 cela est recherch\u00e9.<\/p>\n<p style=\"text-align: left;\"><strong>4. Les \u00e9tudiants du BI \u00a0re\u00e7oivent une pr\u00e9paration particuli\u00e8rement solide aux \u00e9tudes universitaires<\/strong><\/p>\n<ul>\n<li style=\"text-align: left;\">La r\u00e9daction d&rsquo;un m\u00e9moire favorise l&rsquo;apprentissage de m\u00e9thodes de travail qui pr\u00e9parent particuli\u00e8rement bien les \u00e9tudiants aux exigences de l&rsquo;universit\u00e9.<\/li>\n<li style=\"text-align: left;\">Les \u00e9tudiants du BI de Br\u00e9beuf font quatre cours d&rsquo;anglais plut\u00f4t que les deux exig\u00e9s par le DEC, de mani\u00e8re \u00e0 ce qu&rsquo;il n&rsquo;y ait pas d&rsquo;obstacle linguistique pour ceux qui voudront poursuivre leurs \u00e9tudes et leur carri\u00e8re professionnelle l\u00e0 o\u00f9 la ma\u00eetrise de l&rsquo;anglais est exig\u00e9e.<\/li>\n<li style=\"text-align: left;\">Les \u00e9tudiants du Coll\u00e8ge, dont ceux du BI, b\u00e9n\u00e9ficient d&rsquo;une formation en technologies de l&rsquo;information et des communications adapt\u00e9e \u00e0 leur domaine d&rsquo;\u00e9tudes.<\/li>\n<li style=\"text-align: left;\">Les \u00e9tudiants du BI en <strong>sciences de la nature<\/strong> ont, comme leurs confr\u00e8res du DEC en Sciences de la nature et du DEC en Sciences, lettres et arts, la possibilit\u00e9 de b\u00e9n\u00e9ficier de <a href=\"http:\/\/www.stagesdete.ca\/\"><strong>stages r\u00e9mun\u00e9r\u00e9s dans le domaine des sciences<\/strong>.<\/a> Ces stages se d\u00e9roulent en entreprise ou au sein d&rsquo;\u00e9quipes de recherche universitaire.<\/li>\n<li style=\"text-align: left;\">Les \u00e9tudiants du BI en <strong>sciences humaines<\/strong> suivent trois ou quatre cours de math\u00e9matiques ainsi que des cours d&rsquo;une discipline exp\u00e9rimentale.<\/li>\n<\/ul>\n<hr \/>\n<h2 style=\"text-align: left;\"><span id=\"Ou_vont_les_etudiants_de_BrEbeuf_au_BI_en_sciences_de_la_nature\">O\u00f9 vont les \u00e9tudiants de Br\u00c9beuf au BI en sciences de la nature?<\/span><\/h2>\n<p style=\"text-align: left;\">Les principaux domaines o\u00f9 les dipl\u00f4m\u00e9s de Br\u00e9beuf du BI en sciences de la nature (576 finissants de 2007 \u00e0 2019) se sont dirig\u00e9s sont ceux-ci :<\/p>\n<ul>\n<li style=\"text-align: left;\"><strong>M\u00e9decine <\/strong>: 115 inscrits<\/li>\n<li style=\"text-align: left;\"><strong>Sciences de la sant\u00e9<\/strong> (sauf m\u00e9decine) : 119 inscrits, dont 35 en pharmacie<\/li>\n<li style=\"text-align: left;\"><strong>G\u00e9nie <\/strong>: 97 inscrits<\/li>\n<li style=\"text-align: left;\"><strong>Sciences pures<\/strong> (sciences biologiques, actuariat, sciences de la physique, chimie) : 98 inscrits<\/li>\n<li style=\"text-align: left;\"><strong>Droit <\/strong>: 35 inscrits<\/li>\n<li style=\"text-align: left;\"><strong>Architecture et urbanisme <\/strong>: 12 inscrits<\/li>\n<\/ul>\n<p>La plupart des dipl\u00f4m\u00e9s ont opt\u00e9 pour l&rsquo;Universit\u00e9 de Montr\u00e9al (336 inscriptions), mais 154 ont pr\u00e9f\u00e9r\u00e9 McGill et 38, l&rsquo;Universit\u00e9 de Sherbrooke.<\/p>\n<h2><span id=\"Ou_vont_les_etudiants_de_Brebeuf_au_BI_en_sciences_humaines\">O\u00f9 vont les \u00e9tudiants de Br\u00e9beuf au BI en sciences humaines?<\/span><\/h2>\n<p style=\"text-align: left;\">Les principaux domaines o\u00f9 les 343 dipl\u00f4m\u00e9s de Br\u00e9beuf du BI en sciences humaines (finissants de 2007 \u00e0 2019) se sont dirig\u00e9s sont ceux-ci :<\/p>\n<ul>\n<li style=\"text-align: left;\"><strong>Gestion et administration :<\/strong> 133 inscrits<\/li>\n<li style=\"text-align: left;\"><strong>Droit <\/strong>: 75 inscrits<\/li>\n<li style=\"text-align: left;\"><strong>Sciences humaines<\/strong> (histoire, psychologie, philosophie, formation pluridisciplinaire) : 54 inscrits La plupart des dipl\u00f4m\u00e9s ont opt\u00e9 pour l&rsquo;Universit\u00e9 de Montr\u00e9al (156 inscriptions), mais 124 ont pr\u00e9f\u00e9r\u00e9 McGill (essentiellement en administration, en droit ou dans un baccalaur\u00e9at pluridisciplinaire) et 43, l&rsquo;Universit\u00e9 Concordia.<\/li>\n<\/ul>\n<div id=\"toc_container\" class=\"no_bullets\"><p class=\"toc_title\">Sommaire<\/p><ul class=\"toc_list\"><li><a href=\"#LE_BACCALAUREAT_INTERNATIONAL_QUEST-CE_QUE_CEST\">LE BACCALAUR\u00c9AT INTERNATIONAL, QU\u2019EST-CE QUE C\u2019EST?<\/a><\/li><li><a href=\"#Baccalaureat_international_en_sciences_de_la_nature\">Baccalaur\u00e9at international en sciences de la nature<\/a><\/li><li><a href=\"#Le_baccalaureat_international_crsquoest_pour_qui\">Le baccalaur\u00e9at international, c&rsquo;est pour qui?<\/a><\/li><li><a href=\"#Les_conditions_drsquoadmission\">Les conditions d&rsquo;admission<\/a><\/li><li><a href=\"#Le_cursus_BI\">Le cursus BI<\/a><\/li><li><a href=\"#LrsquoAvantage_Brebeuf_au_Baccalaureat_International\">L&rsquo;Avantage Br\u00e9beuf au Baccalaur\u00e9at International<\/a><\/li><li><a href=\"#Ou_vont_les_etudiants_de_BrEbeuf_au_BI_en_sciences_de_la_nature\">O\u00f9 vont les \u00e9tudiants de Br\u00c9beuf au BI en sciences de la nature?<\/a><\/li><li><a href=\"#Ou_vont_les_etudiants_de_Brebeuf_au_BI_en_sciences_humaines\">O\u00f9 vont les \u00e9tudiants de Br\u00e9beuf au BI en sciences humaines?<\/a><\/li><\/ul><\/div>\n","protected":false},"excerpt":{"rendered":"<p>LE BACCALAUR\u00c9AT INTERNATIONAL, QU\u2019EST-CE QUE C\u2019EST? Le programme du Baccalaur\u00e9at international est offert dans plus de 147 pays. Les contenus sont \u00e9labor\u00e9s par des professeurs venant de partout, y compris du Qu\u00e9bec, et les examens de fin d\u2019\u00e9tudes coll\u00e9giales sont&#8230;<\/p>\n","protected":false},"author":1,"featured_media":590,"parent":0,"menu_order":46,"comment_status":"open","ping_status":"closed","template":"templates\/template-programme-v2.php","meta":{"_editorskit_title_hidden":false,"_editorskit_reading_time":0,"_editorskit_typography_data":[],"_editorskit_blocks_typography":""},"yoast_head":"<!-- This site is optimized with the Yoast SEO plugin v16.3 - https:\/\/yoast.com\/wordpress\/plugins\/seo\/ -->\n<title>Baccalaur\u00e9at international (BI) - Coll\u00e9gial (\u2260 C\u00e9gep)<\/title>\n<meta name=\"description\" content=\"Le programme du Baccalaur\u00e9at international est offert dans plus de 140 pays \u00e0 travers le monde. Les contenus sont \u00e9labor\u00e9s par des professeurs venant de partout, y compris du Qu\u00e9bec, et les examens de fin d\u2019\u00e9tudes coll\u00e9giales sont les m\u00eames, que le candidat soit Qu\u00e9b\u00e9cois, Am\u00e9ricain, Chinois ou Britannique.\" \/>\n<meta name=\"robots\" content=\"index, follow, max-snippet:-1, max-image-preview:large, max-video-preview:-1\" \/>\n<link rel=\"canonical\" href=\"https:\/\/www.brebeuf.qc.ca\/collegial\/baccalaureat-international\/\" \/>\n<meta property=\"og:locale\" content=\"fr_FR\" \/>\n<meta property=\"og:type\" content=\"article\" \/>\n<meta property=\"og:title\" content=\"Baccalaur\u00e9at international (BI) - Coll\u00e9gial (\u2260 C\u00e9gep)\" \/>\n<meta property=\"og:description\" content=\"Le programme du Baccalaur\u00e9at international est offert dans plus de 140 pays \u00e0 travers le monde. Les contenus sont \u00e9labor\u00e9s par des professeurs venant de partout, y compris du Qu\u00e9bec, et les examens de fin d\u2019\u00e9tudes coll\u00e9giales sont les m\u00eames, que le candidat soit Qu\u00e9b\u00e9cois, Am\u00e9ricain, Chinois ou Britannique.\" \/>\n<meta property=\"og:url\" content=\"https:\/\/www.brebeuf.qc.ca\/collegial\/baccalaureat-international\/\" \/>\n<meta property=\"og:site_name\" content=\"Coll\u00e9gial\" \/>\n<meta property=\"article:modified_time\" content=\"2020-12-07T21:17:21+00:00\" \/>\n<meta property=\"og:image\" content=\"https:\/\/www.brebeuf.qc.ca\/collegial\/wp-content\/uploads\/sites\/2\/2014\/07\/BI.jpg\" \/>\n\t<meta property=\"og:image:width\" content=\"1400\" \/>\n\t<meta property=\"og:image:height\" content=\"240\" \/>\n<meta name=\"twitter:label1\" content=\"Dur\u00e9e de lecture est.\">\n\t<meta name=\"twitter:data1\" content=\"7 minutes\">\n<script type=\"application\/ld+json\" class=\"yoast-schema-graph\">{\"@context\":\"https:\/\/schema.org\",\"@graph\":[{\"@type\":\"WebSite\",\"@id\":\"https:\/\/www.brebeuf.qc.ca\/collegial\/#website\",\"url\":\"https:\/\/www.brebeuf.qc.ca\/collegial\/\",\"name\":\"Coll\\u00e9gial\",\"description\":\"Coll\\u00e8ge priv\\u00e9 | Secondaire | Coll\\u00e9gial\",\"potentialAction\":[{\"@type\":\"SearchAction\",\"target\":\"https:\/\/www.brebeuf.qc.ca\/collegial\/?s={search_term_string}\",\"query-input\":\"required name=search_term_string\"}],\"inLanguage\":\"fr-FR\"},{\"@type\":\"ImageObject\",\"@id\":\"https:\/\/www.brebeuf.qc.ca\/collegial\/baccalaureat-international\/#primaryimage\",\"inLanguage\":\"fr-FR\",\"url\":\"https:\/\/www.brebeuf.qc.ca\/collegial\/wp-content\/uploads\/sites\/2\/2014\/07\/BI.jpg\",\"contentUrl\":\"https:\/\/www.brebeuf.qc.ca\/collegial\/wp-content\/uploads\/sites\/2\/2014\/07\/BI.jpg\",\"width\":1400,\"height\":240,\"caption\":\"BACCALAUR\\u00c9AT INTERNATIONAL (BI)\"},{\"@type\":\"WebPage\",\"@id\":\"https:\/\/www.brebeuf.qc.ca\/collegial\/baccalaureat-international\/#webpage\",\"url\":\"https:\/\/www.brebeuf.qc.ca\/collegial\/baccalaureat-international\/\",\"name\":\"Baccalaur\\u00e9at international (BI) - Coll\\u00e9gial (\\u2260 C\\u00e9gep)\",\"isPartOf\":{\"@id\":\"https:\/\/www.brebeuf.qc.ca\/collegial\/#website\"},\"primaryImageOfPage\":{\"@id\":\"https:\/\/www.brebeuf.qc.ca\/collegial\/baccalaureat-international\/#primaryimage\"},\"datePublished\":\"2014-07-18T14:58:04+00:00\",\"dateModified\":\"2020-12-07T21:17:21+00:00\",\"description\":\"Le programme du Baccalaur\\u00e9at international est offert dans plus de 140 pays \\u00e0 travers le monde. Les contenus sont \\u00e9labor\\u00e9s par des professeurs venant de partout, y compris du Qu\\u00e9bec, et les examens de fin d\\u2019\\u00e9tudes coll\\u00e9giales sont les m\\u00eames, que le candidat soit Qu\\u00e9b\\u00e9cois, Am\\u00e9ricain, Chinois ou Britannique.\",\"breadcrumb\":{\"@id\":\"https:\/\/www.brebeuf.qc.ca\/collegial\/baccalaureat-international\/#breadcrumb\"},\"inLanguage\":\"fr-FR\",\"potentialAction\":[{\"@type\":\"ReadAction\",\"target\":[\"https:\/\/www.brebeuf.qc.ca\/collegial\/baccalaureat-international\/\"]}]},{\"@type\":\"BreadcrumbList\",\"@id\":\"https:\/\/www.brebeuf.qc.ca\/collegial\/baccalaureat-international\/#breadcrumb\",\"itemListElement\":[{\"@type\":\"ListItem\",\"position\":1,\"item\":{\"@type\":\"WebPage\",\"@id\":\"https:\/\/www.brebeuf.qc.ca\/collegial\/\",\"url\":\"https:\/\/www.brebeuf.qc.ca\/collegial\/\",\"name\":\"Home\"}},{\"@type\":\"ListItem\",\"position\":2,\"item\":{\"@id\":\"https:\/\/www.brebeuf.qc.ca\/collegial\/baccalaureat-international\/#webpage\"}}]}]}<\/script>\n<!-- \/ Yoast SEO plugin. -->","_links":{"self":[{"href":"https:\/\/www.brebeuf.qc.ca\/collegial\/wp-json\/wp\/v2\/pages\/48"}],"collection":[{"href":"https:\/\/www.brebeuf.qc.ca\/collegial\/wp-json\/wp\/v2\/pages"}],"about":[{"href":"https:\/\/www.brebeuf.qc.ca\/collegial\/wp-json\/wp\/v2\/types\/page"}],"author":[{"embeddable":true,"href":"https:\/\/www.brebeuf.qc.ca\/collegial\/wp-json\/wp\/v2\/users\/1"}],"replies":[{"embeddable":true,"href":"https:\/\/www.brebeuf.qc.ca\/collegial\/wp-json\/wp\/v2\/comments?post=48"}],"version-history":[{"count":87,"href":"https:\/\/www.brebeuf.qc.ca\/collegial\/wp-json\/wp\/v2\/pages\/48\/revisions"}],"predecessor-version":[{"id":5307,"href":"https:\/\/www.brebeuf.qc.ca\/collegial\/wp-json\/wp\/v2\/pages\/48\/revisions\/5307"}],"wp:featuredmedia":[{"embeddable":true,"href":"https:\/\/www.brebeuf.qc.ca\/collegial\/wp-json\/wp\/v2\/media\/590"}],"wp:attachment":[{"href":"https:\/\/www.brebeuf.qc.ca\/collegial\/wp-json\/wp\/v2\/media?parent=48"}],"curies":[{"name":"wp","href":"https:\/\/api.w.org\/{rel}","templated":true}]}}