{"id":401,"date":"2014-09-03T18:33:06","date_gmt":"2014-09-03T18:33:06","guid":{"rendered":"http:\/\/www.brebeuf.qc.ca\/collegial\/?page_id=401"},"modified":"2021-03-15T12:25:20","modified_gmt":"2021-03-15T12:25:20","slug":"biologie","status":"publish","type":"page","link":"https:\/\/www.brebeuf.qc.ca\/collegial\/vie-academique\/biologie\/","title":{"rendered":"Biologie"},"content":{"rendered":"<p style=\"text-align: left;\">Les cours de biologie offerts au Coll\u00e8ge Jean-de-Br\u00e9beuf pr\u00e9parent les \u00e9tudiants aux \u00e9tudes universitaires et sont donc davantage ax\u00e9s sur les bases historiques de cette discipline et sur la compr\u00e9hension des m\u00e9canismes fondamentaux de la vie.<\/p>\n<p style=\"text-align: left;\">L\u2019\u00e9tudiant est amen\u00e9 \u00e9galement \u00e0 d\u00e9velopper un sens critique et une rigueur intellectuelle en appliquant la d\u00e9marche scientifique.<\/p>\n<p style=\"text-align: left;\">Science en plein essor qui a connu un d\u00e9veloppement tr\u00e8s rapide au cours des derni\u00e8res d\u00e9cennies, la biologie exige une constante mise \u00e0 jour des connaissances et cette approche \u00e9volutive permet d\u2019amener les \u00e9tudiants \u00e0 traiter des enjeux \u00e9thiques soulev\u00e9s de plus en plus par les recherches r\u00e9centes.<\/p>\n<p style=\"text-align: left;\">Enfin, dans les cours de biologie, le travail multidisciplinaire par \u00e9quipe est largement favoris\u00e9, particuli\u00e8rement dans le cadre des cours d\u2019int\u00e9gration o\u00f9 des sujets qui pr\u00e9occupent les \u00e9l\u00e8ves sont \u00e9tudi\u00e9s et pr\u00e9sent\u00e9s par les \u00e9tudiants eux-m\u00eames.<\/p>\n","protected":false},"excerpt":{"rendered":"<p>Les cours de biologie offerts au Coll\u00e8ge Jean-de-Br\u00e9beuf pr\u00e9parent les \u00e9tudiants aux \u00e9tudes universitaires et sont donc davantage ax\u00e9s sur les bases historiques de cette discipline et sur la compr\u00e9hension des m\u00e9canismes fondamentaux de la vie. L\u2019\u00e9tudiant est amen\u00e9 \u00e9galement&#8230;<\/p>\n","protected":false},"author":3,"featured_media":620,"parent":74,"menu_order":0,"comment_status":"open","ping_status":"closed","template":"templates\/template-personnalisable.php","meta":{"_editorskit_title_hidden":false,"_editorskit_reading_time":0,"_editorskit_typography_data":[],"_editorskit_blocks_typography":""},"yoast_head":"<!-- This site is optimized with the Yoast SEO plugin v16.3 - https:\/\/yoast.com\/wordpress\/plugins\/seo\/ -->\n<title>Biologie - Coll\u00e9gial<\/title>\n<meta name=\"robots\" content=\"index, follow, max-snippet:-1, max-image-preview:large, max-video-preview:-1\" \/>\n<link rel=\"canonical\" href=\"https:\/\/www.brebeuf.qc.ca\/collegial\/vie-academique\/biologie\/\" \/>\n<meta property=\"og:locale\" content=\"fr_FR\" \/>\n<meta property=\"og:type\" content=\"article\" \/>\n<meta property=\"og:title\" content=\"Biologie - Coll\u00e9gial\" \/>\n<meta property=\"og:description\" content=\"Les cours de biologie offerts au Coll\u00e8ge Jean-de-Br\u00e9beuf pr\u00e9parent les \u00e9tudiants aux \u00e9tudes universitaires et sont donc davantage ax\u00e9s sur les bases historiques de cette discipline et sur la compr\u00e9hension des m\u00e9canismes fondamentaux de la vie. L\u2019\u00e9tudiant est amen\u00e9 \u00e9galement...\" \/>\n<meta property=\"og:url\" content=\"https:\/\/www.brebeuf.qc.ca\/collegial\/vie-academique\/biologie\/\" \/>\n<meta property=\"og:site_name\" content=\"Coll\u00e9gial\" \/>\n<meta property=\"article:modified_time\" content=\"2021-03-15T12:25:20+00:00\" \/>\n<meta property=\"og:image\" content=\"https:\/\/www.brebeuf.qc.ca\/collegial\/wp-content\/uploads\/sites\/2\/2014\/07\/science-de-la-nature.jpg\" \/>\n\t<meta property=\"og:image:width\" content=\"1400\" \/>\n\t<meta property=\"og:image:height\" content=\"240\" \/>\n<meta name=\"twitter:label1\" content=\"Dur\u00e9e de lecture est.\">\n\t<meta name=\"twitter:data1\" content=\"1 minute\">\n<script type=\"application\/ld+json\" class=\"yoast-schema-graph\">{\"@context\":\"https:\/\/schema.org\",\"@graph\":[{\"@type\":\"WebSite\",\"@id\":\"https:\/\/www.brebeuf.qc.ca\/collegial\/#website\",\"url\":\"https:\/\/www.brebeuf.qc.ca\/collegial\/\",\"name\":\"Coll\\u00e9gial\",\"description\":\"Coll\\u00e8ge priv\\u00e9 | Secondaire | Coll\\u00e9gial\",\"potentialAction\":[{\"@type\":\"SearchAction\",\"target\":\"https:\/\/www.brebeuf.qc.ca\/collegial\/?s={search_term_string}\",\"query-input\":\"required name=search_term_string\"}],\"inLanguage\":\"fr-FR\"},{\"@type\":\"ImageObject\",\"@id\":\"https:\/\/www.brebeuf.qc.ca\/collegial\/vie-academique\/biologie\/#primaryimage\",\"inLanguage\":\"fr-FR\",\"url\":\"https:\/\/www.brebeuf.qc.ca\/collegial\/wp-content\/uploads\/sites\/2\/2014\/07\/science-de-la-nature.jpg\",\"contentUrl\":\"https:\/\/www.brebeuf.qc.ca\/collegial\/wp-content\/uploads\/sites\/2\/2014\/07\/science-de-la-nature.jpg\",\"width\":1400,\"height\":240,\"caption\":\"DEC SCIENCES DE LA NATURE\"},{\"@type\":\"WebPage\",\"@id\":\"https:\/\/www.brebeuf.qc.ca\/collegial\/vie-academique\/biologie\/#webpage\",\"url\":\"https:\/\/www.brebeuf.qc.ca\/collegial\/vie-academique\/biologie\/\",\"name\":\"Biologie - Coll\\u00e9gial\",\"isPartOf\":{\"@id\":\"https:\/\/www.brebeuf.qc.ca\/collegial\/#website\"},\"primaryImageOfPage\":{\"@id\":\"https:\/\/www.brebeuf.qc.ca\/collegial\/vie-academique\/biologie\/#primaryimage\"},\"datePublished\":\"2014-09-03T18:33:06+00:00\",\"dateModified\":\"2021-03-15T12:25:20+00:00\",\"breadcrumb\":{\"@id\":\"https:\/\/www.brebeuf.qc.ca\/collegial\/vie-academique\/biologie\/#breadcrumb\"},\"inLanguage\":\"fr-FR\",\"potentialAction\":[{\"@type\":\"ReadAction\",\"target\":[\"https:\/\/www.brebeuf.qc.ca\/collegial\/vie-academique\/biologie\/\"]}]},{\"@type\":\"BreadcrumbList\",\"@id\":\"https:\/\/www.brebeuf.qc.ca\/collegial\/vie-academique\/biologie\/#breadcrumb\",\"itemListElement\":[{\"@type\":\"ListItem\",\"position\":1,\"item\":{\"@type\":\"WebPage\",\"@id\":\"https:\/\/www.brebeuf.qc.ca\/collegial\/\",\"url\":\"https:\/\/www.brebeuf.qc.ca\/collegial\/\",\"name\":\"Home\"}},{\"@type\":\"ListItem\",\"position\":2,\"item\":{\"@type\":\"WebPage\",\"@id\":\"https:\/\/www.brebeuf.qc.ca\/collegial\/vie-academique\/\",\"url\":\"https:\/\/www.brebeuf.qc.ca\/collegial\/vie-academique\/\",\"name\":\"Vie acad\\u00e9mique\"}},{\"@type\":\"ListItem\",\"position\":3,\"item\":{\"@id\":\"https:\/\/www.brebeuf.qc.ca\/collegial\/vie-academique\/biologie\/#webpage\"}}]}]}<\/script>\n<!-- \/ Yoast SEO plugin. -->","_links":{"self":[{"href":"https:\/\/www.brebeuf.qc.ca\/collegial\/wp-json\/wp\/v2\/pages\/401"}],"collection":[{"href":"https:\/\/www.brebeuf.qc.ca\/collegial\/wp-json\/wp\/v2\/pages"}],"about":[{"href":"https:\/\/www.brebeuf.qc.ca\/collegial\/wp-json\/wp\/v2\/types\/page"}],"author":[{"embeddable":true,"href":"https:\/\/www.brebeuf.qc.ca\/collegial\/wp-json\/wp\/v2\/users\/3"}],"replies":[{"embeddable":true,"href":"https:\/\/www.brebeuf.qc.ca\/collegial\/wp-json\/wp\/v2\/comments?post=401"}],"version-history":[{"count":9,"href":"https:\/\/www.brebeuf.qc.ca\/collegial\/wp-json\/wp\/v2\/pages\/401\/revisions"}],"predecessor-version":[{"id":5586,"href":"https:\/\/www.brebeuf.qc.ca\/collegial\/wp-json\/wp\/v2\/pages\/401\/revisions\/5586"}],"up":[{"embeddable":true,"href":"https:\/\/www.brebeuf.qc.ca\/collegial\/wp-json\/wp\/v2\/pages\/74"}],"wp:featuredmedia":[{"embeddable":true,"href":"https:\/\/www.brebeuf.qc.ca\/collegial\/wp-json\/wp\/v2\/media\/620"}],"wp:attachment":[{"href":"https:\/\/www.brebeuf.qc.ca\/collegial\/wp-json\/wp\/v2\/media?parent=401"}],"curies":[{"name":"wp","href":"https:\/\/api.w.org\/{rel}","templated":true}]}}