{"id":3661,"date":"2018-10-05T18:49:59","date_gmt":"2018-10-05T18:49:59","guid":{"rendered":"http:\/\/www.brebeuf.qc.ca\/collegial\/?page_id=3661"},"modified":"2026-02-03T18:02:55","modified_gmt":"2026-02-03T18:02:55","slug":"baccalaureat-international-sciences-de-nature","status":"publish","type":"page","link":"https:\/\/www.brebeuf.qc.ca\/collegial\/baccalaureat-international-sciences-de-nature\/","title":{"rendered":"BI &#8211; Sciences de la nature"},"content":{"rendered":"\n<div class=\"wp-block-buttons\">\n<div class=\"wp-block-button is-style-outline\"><a class=\"wp-block-button__link\" href=\"https:\/\/brebeuf-estd.omnivox.ca\/estd\/adms2\/Admission.ovx\">Je fais ma demande d&rsquo;admission<\/a><\/div>\n\n\n\n<div class=\"wp-block-button is-style-outline\"><a class=\"wp-block-button__link\" href=\"https:\/\/brebeuf-estd.omnivox.ca\/Estd\/Net\/DemandeAdmission\/Loginv2.aspx\">Je consulte l&rsquo;\u00e9tat de ma demande<\/a><\/div>\n<\/div>\n\n\n<p>Le programme pr\u00e9universitaire du Baccalaur\u00e9at international (BI) est un programme rigoureux, qui r\u00e9pond \u00e0 des normes internationales. Il est offert et reconnu dans plus de 150 pays. <!--more-->En suivant ce programme pr\u00e9universitaire, l\u2019\u00e9tudiant obtient deux dipl\u00f4mes de niveau coll\u00e9gial apr\u00e8s deux ann\u00e9es d\u2019\u00e9tudes : le dipl\u00f4me de l\u2019IB, d\u00e9livr\u00e9 par l\u2019Office du Baccalaur\u00e9at international, et le dipl\u00f4me d\u2019\u00e9tudes coll\u00e9giales (DEC), d\u00e9livr\u00e9 par le minist\u00e8re de l\u2019\u00c9ducation et de l\u2019Enseignement sup\u00e9rieur du Qu\u00e9bec.<\/p>\n<p><strong>Au c\u0153ur du programme : une formation sp\u00e9cifique pour un citoyen engag\u00e9, r\u00e9fl\u00e9chi et actif<\/strong><\/p>\n<ul>\n<li>Le cours Th\u00e9orie de la connaissance, pour r\u00e9fl\u00e9chir \u00e0 la nature de la connaissance et aux liens entre les disciplines<\/li>\n<li>Le m\u00e9moire, pour mettre \u00e0 profit les int\u00e9r\u00eats et la curiosit\u00e9 des \u00e9tudiants dans une recherche ind\u00e9pendante et originale<\/li>\n<li>Le programme CAS (Cr\u00e9ativit\u00e9\u2013Activit\u00e9\u2013Service), pour encourager le d\u00e9veloppement de la personne par la r\u00e9alisation de projets qui impliquent l\u2019engagement dans des domaines choisis, ce qui permet de b\u00e2tir une exp\u00e9rience de vie qui sort du cadre scolaire<\/li>\n<\/ul>\n<p><strong>Des approches actuelles de l\u2019apprentissage et de l\u2019enseignement<\/strong><\/p>\n<ul>\n<li>Enseignement qui stimule le travail collaboratif, la cr\u00e9ativit\u00e9, la r\u00e9flexion et l\u2019apprentissage profond<\/li>\n<\/ul>\n<p><strong>L\u2019aventure Plein air BI<\/strong><\/p>\n<ul>\n<li>Une activit\u00e9 d\u2019accueil engageante, dans un milieu naturel, qui donne l\u2019occasion de tisser des liens avant m\u00eame le d\u00e9but des cours<\/li>\n<\/ul>\n<hr>\n<blockquote>\n<p><a href=\"https:\/\/www.brebeuf.qc.ca\/wp-content\/uploads\/2025\/09\/1486-BREBEUF-Collegial-2025-26-Depliant-BI-SN-numerique.pdf\">T\u00e9l\u00e9charger le <strong>d\u00e9pliant <\/strong>du BI Sciences de la nature 2025<\/a><\/p>\n<p><a href=\"https:\/\/www.brebeuf.qc.ca\/collegial\/faq-bi-sciences-nature\/\">Acc\u00e9der \u00e0 la <strong>FAQ<\/strong> du BI Sciences de la nature<\/a><\/p>\n<p><a href=\"https:\/\/www.brebeuf.qc.ca\/collegial\/difference-dec-baccalaureat-international\/\">DEC ou BI? Quelles sont les <strong>diff\u00e9rences<\/strong>?<\/a><\/p>\n<\/blockquote>\n\n","protected":false},"excerpt":{"rendered":"<p>Le programme pr\u00e9universitaire du Baccalaur\u00e9at international (BI) est un programme rigoureux, qui r\u00e9pond \u00e0 des normes internationales. Il est offert et reconnu dans plus de 150 pays.<\/p>\n","protected":false},"author":1,"featured_media":-1,"parent":0,"menu_order":0,"comment_status":"closed","ping_status":"closed","template":"templates\/template-programme-v2.php","meta":{"_editorskit_title_hidden":false,"_editorskit_reading_time":1,"_editorskit_typography_data":[],"_editorskit_blocks_typography":""},"yoast_head":"<!-- This site is optimized with the Yoast SEO plugin v16.3 - https:\/\/yoast.com\/wordpress\/plugins\/seo\/ -->\n<title>BI - Sciences de la nature - Coll\u00e9gial<\/title>\n<meta name=\"description\" content=\"99 % de nos \u00e9tudiants obtiennent le dipl\u00f4me du Baccalaur\u00e9at international (BI), un programme rigoureux pour un citoyen engag\u00e9, r\u00e9fl\u00e9chi et actif.\" \/>\n<meta name=\"robots\" content=\"index, follow, max-snippet:-1, max-image-preview:large, max-video-preview:-1\" \/>\n<link rel=\"canonical\" href=\"https:\/\/www.brebeuf.qc.ca\/collegial\/baccalaureat-international-sciences-de-nature\/\" \/>\n<meta property=\"og:locale\" content=\"fr_FR\" \/>\n<meta property=\"og:type\" content=\"article\" \/>\n<meta property=\"og:title\" content=\"BI - Sciences de la nature - Coll\u00e9gial\" \/>\n<meta property=\"og:description\" content=\"99 % de nos \u00e9tudiants obtiennent le dipl\u00f4me du Baccalaur\u00e9at international (BI), un programme rigoureux pour un citoyen engag\u00e9, r\u00e9fl\u00e9chi et actif.\" \/>\n<meta property=\"og:url\" content=\"https:\/\/www.brebeuf.qc.ca\/collegial\/baccalaureat-international-sciences-de-nature\/\" \/>\n<meta property=\"og:site_name\" content=\"Coll\u00e9gial\" \/>\n<meta property=\"article:modified_time\" content=\"2026-02-03T18:02:55+00:00\" \/>\n<meta name=\"twitter:label1\" content=\"Dur\u00e9e de lecture est.\">\n\t<meta name=\"twitter:data1\" content=\"2 minutes\">\n<script type=\"application\/ld+json\" class=\"yoast-schema-graph\">{\"@context\":\"https:\/\/schema.org\",\"@graph\":[{\"@type\":\"WebSite\",\"@id\":\"https:\/\/www.brebeuf.qc.ca\/collegial\/#website\",\"url\":\"https:\/\/www.brebeuf.qc.ca\/collegial\/\",\"name\":\"Coll\\u00e9gial\",\"description\":\"Coll\\u00e8ge priv\\u00e9 | Secondaire | Coll\\u00e9gial\",\"potentialAction\":[{\"@type\":\"SearchAction\",\"target\":\"https:\/\/www.brebeuf.qc.ca\/collegial\/?s={search_term_string}\",\"query-input\":\"required name=search_term_string\"}],\"inLanguage\":\"fr-FR\"},{\"@type\":\"ImageObject\",\"@id\":\"https:\/\/www.brebeuf.qc.ca\/collegial\/baccalaureat-international-sciences-de-nature\/#primaryimage\",\"inLanguage\":\"fr-FR\",\"url\":\"\",\"contentUrl\":\"\"},{\"@type\":\"WebPage\",\"@id\":\"https:\/\/www.brebeuf.qc.ca\/collegial\/baccalaureat-international-sciences-de-nature\/#webpage\",\"url\":\"https:\/\/www.brebeuf.qc.ca\/collegial\/baccalaureat-international-sciences-de-nature\/\",\"name\":\"BI - Sciences de la nature - Coll\\u00e9gial\",\"isPartOf\":{\"@id\":\"https:\/\/www.brebeuf.qc.ca\/collegial\/#website\"},\"primaryImageOfPage\":{\"@id\":\"https:\/\/www.brebeuf.qc.ca\/collegial\/baccalaureat-international-sciences-de-nature\/#primaryimage\"},\"datePublished\":\"2018-10-05T18:49:59+00:00\",\"dateModified\":\"2026-02-03T18:02:55+00:00\",\"description\":\"99 % de nos \\u00e9tudiants obtiennent le dipl\\u00f4me du Baccalaur\\u00e9at international (BI), un programme rigoureux pour un citoyen engag\\u00e9, r\\u00e9fl\\u00e9chi et actif.\",\"breadcrumb\":{\"@id\":\"https:\/\/www.brebeuf.qc.ca\/collegial\/baccalaureat-international-sciences-de-nature\/#breadcrumb\"},\"inLanguage\":\"fr-FR\",\"potentialAction\":[{\"@type\":\"ReadAction\",\"target\":[\"https:\/\/www.brebeuf.qc.ca\/collegial\/baccalaureat-international-sciences-de-nature\/\"]}]},{\"@type\":\"BreadcrumbList\",\"@id\":\"https:\/\/www.brebeuf.qc.ca\/collegial\/baccalaureat-international-sciences-de-nature\/#breadcrumb\",\"itemListElement\":[{\"@type\":\"ListItem\",\"position\":1,\"item\":{\"@type\":\"WebPage\",\"@id\":\"https:\/\/www.brebeuf.qc.ca\/collegial\/\",\"url\":\"https:\/\/www.brebeuf.qc.ca\/collegial\/\",\"name\":\"Home\"}},{\"@type\":\"ListItem\",\"position\":2,\"item\":{\"@id\":\"https:\/\/www.brebeuf.qc.ca\/collegial\/baccalaureat-international-sciences-de-nature\/#webpage\"}}]}]}<\/script>\n<!-- \/ Yoast SEO plugin. -->","_links":{"self":[{"href":"https:\/\/www.brebeuf.qc.ca\/collegial\/wp-json\/wp\/v2\/pages\/3661"}],"collection":[{"href":"https:\/\/www.brebeuf.qc.ca\/collegial\/wp-json\/wp\/v2\/pages"}],"about":[{"href":"https:\/\/www.brebeuf.qc.ca\/collegial\/wp-json\/wp\/v2\/types\/page"}],"author":[{"embeddable":true,"href":"https:\/\/www.brebeuf.qc.ca\/collegial\/wp-json\/wp\/v2\/users\/1"}],"replies":[{"embeddable":true,"href":"https:\/\/www.brebeuf.qc.ca\/collegial\/wp-json\/wp\/v2\/comments?post=3661"}],"version-history":[{"count":41,"href":"https:\/\/www.brebeuf.qc.ca\/collegial\/wp-json\/wp\/v2\/pages\/3661\/revisions"}],"predecessor-version":[{"id":9537,"href":"https:\/\/www.brebeuf.qc.ca\/collegial\/wp-json\/wp\/v2\/pages\/3661\/revisions\/9537"}],"wp:featuredmedia":[{"embeddable":true,"href":"https:\/\/www.brebeuf.qc.ca\/collegial\/wp-json\/wp\/v2\/media\/-1"}],"wp:attachment":[{"href":"https:\/\/www.brebeuf.qc.ca\/collegial\/wp-json\/wp\/v2\/media?parent=3661"}],"curies":[{"name":"wp","href":"https:\/\/api.w.org\/{rel}","templated":true}]}}