{"id":31,"date":"2014-07-15T15:52:51","date_gmt":"2014-07-15T15:52:51","guid":{"rendered":"http:\/\/localhost\/brebeuf\/collegial\/?page_id=31"},"modified":"2023-09-29T14:53:57","modified_gmt":"2023-09-29T14:53:57","slug":"vie-etudiante","status":"publish","type":"page","link":"https:\/\/www.brebeuf.qc.ca\/collegial\/vie-etudiante\/","title":{"rendered":"Vie \u00e9tudiante"},"content":{"rendered":"<p style=\"text-align: left;\"><a href=\"https:\/\/www.instagram.com\/vie.etudiante.brebeuf\/\"><strong>&gt;&gt;&gt; Instagram de la vie \u00e9tudiante\u00a0<\/strong><\/a><\/p>\n<p style=\"text-align: left;\"><span style=\"font-size: inherit;\">Le Coll\u00e8ge Jean-de-Br\u00e9beuf, en accord avec sa mission et son projet \u00e9ducatif, favorise l\u2019implication des \u00e9tudiants \u00e0 des activit\u00e9s parascolaires vari\u00e9es permettant ainsi de d\u00e9velopper l\u2019ensemble de leur personnalit\u00e9.<\/span><\/p>\n<p style=\"text-align: left;\">Chaque ann\u00e9e plus d&rsquo;une centaine d&rsquo;activit\u00e9s sportives, artistiques, culturelles et communautaires sont offertes aux \u00e9tudiants du coll\u00e9gial.<\/p>\n<p style=\"text-align: left;\">Elles permettent \u00e0 qui veut en profiter d\u2019avoir une vie sociale enrichissante, de d\u00e9velopper ses talents, d\u2019\u00e9largir son r\u00e9seau de contacts personnels et professionnels. Toutes les activit\u00e9s sont organis\u00e9es gr\u00e2ce \u00e0 la collaboration de professeurs, de membres du personnel et de r\u00e9pondants externes. Le Coll\u00e8ge reconna\u00eet ces implications par son programme Distinction Br\u00e9beuf.<\/p>\n<p style=\"text-align: left;\">Toute l\u2019\u00e9quipe de la vie \u00e9tudiante est l\u00e0 pour vous appuyer et faire de votre s\u00e9jour moment m\u00e9morable. Nous vous aiderons \u00e0 concr\u00e9tiser vos projets et \u00e0 les transformer en des activit\u00e9s accessibles et stimulantes.<\/p>\n\n\n<p><\/p>\n","protected":false},"excerpt":{"rendered":"<p>&gt;&gt;&gt; Instagram de la vie \u00e9tudiante\u00a0 Le Coll\u00e8ge Jean-de-Br\u00e9beuf, en accord avec sa mission et son projet \u00e9ducatif, favorise l\u2019implication des \u00e9tudiants \u00e0 des activit\u00e9s parascolaires vari\u00e9es permettant ainsi de d\u00e9velopper l\u2019ensemble de leur personnalit\u00e9. Chaque ann\u00e9e plus d&rsquo;une centaine&#8230;<\/p>\n","protected":false},"author":1,"featured_media":5512,"parent":0,"menu_order":10,"comment_status":"open","ping_status":"closed","template":"templates\/template-vie-etudiante-collegial.php","meta":{"_editorskit_title_hidden":false,"_editorskit_reading_time":1,"_editorskit_typography_data":[],"_editorskit_blocks_typography":""},"yoast_head":"<!-- This site is optimized with the Yoast SEO plugin v16.3 - https:\/\/yoast.com\/wordpress\/plugins\/seo\/ -->\n<title>Vie \u00e9tudiante - Coll\u00e9gial<\/title>\n<meta name=\"robots\" content=\"index, follow, max-snippet:-1, max-image-preview:large, max-video-preview:-1\" \/>\n<link rel=\"canonical\" href=\"https:\/\/www.brebeuf.qc.ca\/collegial\/vie-etudiante\/\" \/>\n<meta property=\"og:locale\" content=\"fr_FR\" \/>\n<meta property=\"og:type\" content=\"article\" \/>\n<meta property=\"og:title\" content=\"Vie \u00e9tudiante - Coll\u00e9gial\" \/>\n<meta property=\"og:description\" content=\"&gt;&gt;&gt; Instagram de la vie \u00e9tudiante\u00a0 Le Coll\u00e8ge Jean-de-Br\u00e9beuf, en accord avec sa mission et son projet \u00e9ducatif, favorise l\u2019implication des \u00e9tudiants \u00e0 des activit\u00e9s parascolaires vari\u00e9es permettant ainsi de d\u00e9velopper l\u2019ensemble de leur personnalit\u00e9. Chaque ann\u00e9e plus d&rsquo;une centaine...\" \/>\n<meta property=\"og:url\" content=\"https:\/\/www.brebeuf.qc.ca\/collegial\/vie-etudiante\/\" \/>\n<meta property=\"og:site_name\" content=\"Coll\u00e9gial\" \/>\n<meta property=\"article:modified_time\" content=\"2023-09-29T14:53:57+00:00\" \/>\n<meta property=\"og:image\" content=\"https:\/\/www.brebeuf.qc.ca\/collegial\/wp-content\/uploads\/sites\/2\/2021\/02\/vie-etudiante-collegial-header.jpg\" \/>\n\t<meta property=\"og:image:width\" content=\"991\" \/>\n\t<meta property=\"og:image:height\" content=\"460\" \/>\n<meta name=\"twitter:label1\" content=\"Dur\u00e9e de lecture est.\">\n\t<meta name=\"twitter:data1\" content=\"1 minute\">\n<script type=\"application\/ld+json\" class=\"yoast-schema-graph\">{\"@context\":\"https:\/\/schema.org\",\"@graph\":[{\"@type\":\"WebSite\",\"@id\":\"https:\/\/www.brebeuf.qc.ca\/collegial\/#website\",\"url\":\"https:\/\/www.brebeuf.qc.ca\/collegial\/\",\"name\":\"Coll\\u00e9gial\",\"description\":\"Coll\\u00e8ge priv\\u00e9 | Secondaire | Coll\\u00e9gial\",\"potentialAction\":[{\"@type\":\"SearchAction\",\"target\":\"https:\/\/www.brebeuf.qc.ca\/collegial\/?s={search_term_string}\",\"query-input\":\"required name=search_term_string\"}],\"inLanguage\":\"fr-FR\"},{\"@type\":\"ImageObject\",\"@id\":\"https:\/\/www.brebeuf.qc.ca\/collegial\/vie-etudiante\/#primaryimage\",\"inLanguage\":\"fr-FR\",\"url\":\"https:\/\/www.brebeuf.qc.ca\/collegial\/wp-content\/uploads\/sites\/2\/2021\/02\/vie-etudiante-collegial-header.jpg\",\"contentUrl\":\"https:\/\/www.brebeuf.qc.ca\/collegial\/wp-content\/uploads\/sites\/2\/2021\/02\/vie-etudiante-collegial-header.jpg\",\"width\":991,\"height\":460},{\"@type\":\"WebPage\",\"@id\":\"https:\/\/www.brebeuf.qc.ca\/collegial\/vie-etudiante\/#webpage\",\"url\":\"https:\/\/www.brebeuf.qc.ca\/collegial\/vie-etudiante\/\",\"name\":\"Vie \\u00e9tudiante - Coll\\u00e9gial\",\"isPartOf\":{\"@id\":\"https:\/\/www.brebeuf.qc.ca\/collegial\/#website\"},\"primaryImageOfPage\":{\"@id\":\"https:\/\/www.brebeuf.qc.ca\/collegial\/vie-etudiante\/#primaryimage\"},\"datePublished\":\"2014-07-15T15:52:51+00:00\",\"dateModified\":\"2023-09-29T14:53:57+00:00\",\"breadcrumb\":{\"@id\":\"https:\/\/www.brebeuf.qc.ca\/collegial\/vie-etudiante\/#breadcrumb\"},\"inLanguage\":\"fr-FR\",\"potentialAction\":[{\"@type\":\"ReadAction\",\"target\":[\"https:\/\/www.brebeuf.qc.ca\/collegial\/vie-etudiante\/\"]}]},{\"@type\":\"BreadcrumbList\",\"@id\":\"https:\/\/www.brebeuf.qc.ca\/collegial\/vie-etudiante\/#breadcrumb\",\"itemListElement\":[{\"@type\":\"ListItem\",\"position\":1,\"item\":{\"@type\":\"WebPage\",\"@id\":\"https:\/\/www.brebeuf.qc.ca\/collegial\/\",\"url\":\"https:\/\/www.brebeuf.qc.ca\/collegial\/\",\"name\":\"Home\"}},{\"@type\":\"ListItem\",\"position\":2,\"item\":{\"@id\":\"https:\/\/www.brebeuf.qc.ca\/collegial\/vie-etudiante\/#webpage\"}}]}]}<\/script>\n<!-- \/ Yoast SEO plugin. -->","_links":{"self":[{"href":"https:\/\/www.brebeuf.qc.ca\/collegial\/wp-json\/wp\/v2\/pages\/31"}],"collection":[{"href":"https:\/\/www.brebeuf.qc.ca\/collegial\/wp-json\/wp\/v2\/pages"}],"about":[{"href":"https:\/\/www.brebeuf.qc.ca\/collegial\/wp-json\/wp\/v2\/types\/page"}],"author":[{"embeddable":true,"href":"https:\/\/www.brebeuf.qc.ca\/collegial\/wp-json\/wp\/v2\/users\/1"}],"replies":[{"embeddable":true,"href":"https:\/\/www.brebeuf.qc.ca\/collegial\/wp-json\/wp\/v2\/comments?post=31"}],"version-history":[{"count":27,"href":"https:\/\/www.brebeuf.qc.ca\/collegial\/wp-json\/wp\/v2\/pages\/31\/revisions"}],"predecessor-version":[{"id":7612,"href":"https:\/\/www.brebeuf.qc.ca\/collegial\/wp-json\/wp\/v2\/pages\/31\/revisions\/7612"}],"wp:featuredmedia":[{"embeddable":true,"href":"https:\/\/www.brebeuf.qc.ca\/collegial\/wp-json\/wp\/v2\/media\/5512"}],"wp:attachment":[{"href":"https:\/\/www.brebeuf.qc.ca\/collegial\/wp-json\/wp\/v2\/media?parent=31"}],"curies":[{"name":"wp","href":"https:\/\/api.w.org\/{rel}","templated":true}]}}