{"id":2225,"date":"2015-11-17T14:26:18","date_gmt":"2015-11-17T14:26:18","guid":{"rendered":"http:\/\/www.brebeuf.qc.ca\/collegial\/?page_id=2225"},"modified":"2021-09-29T20:02:35","modified_gmt":"2021-09-29T20:02:35","slug":"simulations-diplomatiques","status":"publish","type":"page","link":"https:\/\/www.brebeuf.qc.ca\/collegial\/vie-etudiante\/activites_socioculturelles_comites\/simulations-diplomatiques\/","title":{"rendered":"Simulations diplomatiques &#8211; NMUN"},"content":{"rendered":"<p style=\"text-align: left;\">Depuis 2011, soucieux de l\u2019importance de valoriser l\u2019internationalisme, Br\u00e9beuf implique activement ses \u00e9tudiants dans les simulations diplomatiques au Canada et aux \u00c9tats-Unis. \u00c0 l\u2019automne de chaque ann\u00e9e, nous formons une \u00e9quipe d\u2019une vingtaine de d\u00e9l\u00e9gu\u00e9s pour repr\u00e9senter le coll\u00e8ge dans les meilleures simulations organis\u00e9es au Qu\u00e9bec, dont McMUN, la plus prestigieuse simulation canadienne des Nations Unies.<\/p>\n<p style=\"text-align: left;\">En vue de participer \u00e0 la simulation mondiale tenue annuellement \u00e0 New York, les \u00e9tudiants s\u00e9lectionn\u00e9s pour devenir membres de l\u2019\u00e9quipe NMUN Br\u00e9beuf\u00a0apprennent le fonctionnement de la diplomatie, perfectionnent leur ma\u00eetrise de l\u2019anglais, s\u2019initient \u00e0 la recherche appliqu\u00e9e et re\u00e7oivent une solide formation donn\u00e9e par des formateurs exp\u00e9riment\u00e9s. En plus de McMUN et de NMUN-New York, notre d\u00e9l\u00e9gation participe \u00e0 QMUN (simulation tenue dans une ville diff\u00e9rente chaque ann\u00e9e) ainsi qu\u2019\u00e0 diverses autres simulations.<\/p>\n<h3 style=\"text-align: left;\">SimEURO-Br\u00e9beuf<\/h3>\n<p style=\"text-align: left;\">L\u2019\u00e9quipe NMUN Br\u00e9beuf\u00a0se charge \u00e9galement de l\u2019organisation annuelle de notre simulation locale : SimEURO-Br\u00e9beuf. Il s\u2019agit d\u2019une simulation du Conseil europ\u00e9en qui comprend 28 pays membres. Pr\u00e9sid\u00e9e par nos d\u00e9l\u00e9gu\u00e9s en chef et organis\u00e9e par notre \u00e9quipe NMUN, cette simulation originale et novatrice existe depuis 2013. Se d\u00e9roulant en fran\u00e7ais et accueillant des \u00e9tudiants du coll\u00e9gial et du secondaire en provenance de plusieurs \u00e9coles de Montr\u00e9al, SimEURO permet aux jeunes d\u00e9l\u00e9gu\u00e9s de vivre l\u2019actualit\u00e9 europ\u00e9enne et internationale. Notre simulation locale constitue donc une occasion id\u00e9ale pour s\u2019initier \u00e0 la diplomatie ou pour vivre une exp\u00e9rience politique unique en son genre.<\/p>\n<hr \/>\n<p><strong>\u00c9quipe d&rsquo;animation<\/strong><\/p>\n<p style=\"text-align: left;\"><strong>Responsable<\/strong> : Marie-Antoinette Diop<br \/>\n<strong>Formateurs<\/strong> : Jasmine Razavi, Juliette Ryan-Lortie, Dylan Theriault-Harris et Arnaud Dessain.<\/p>\n<hr \/>\n<p><strong>Membres de l\u2019\u00e9quipe NMUN Br\u00e9beuf 2020-2021<\/strong><\/p>\n<ul>\n<li>Nicolas Gosselin<\/li>\n<li>Pierre-Antonin Thibault<\/li>\n<li>Dorian Culot<\/li>\n<li>Justin Ranger<\/li>\n<li>\u00c9phra\u00efm Durazo-Hernandez<\/li>\n<li>Alexis Noiseux<\/li>\n<li>N\u2019habiella Pierre<\/li>\n<li>Philippe Poirier<\/li>\n<li>Ghaith Bakri<\/li>\n<li>In\u00e8s El Adib<\/li>\n<li>Camille Balan<\/li>\n<li>Fran\u00e7ois Ferland<\/li>\n<li>Alicia Assayag<\/li>\n<li>Eug\u00e9nie Godin<\/li>\n<li>Benjamin Chancey<\/li>\n<li>Victor Stip<\/li>\n<li>Rayan Bechichi<\/li>\n<\/ul>\n<hr \/>\n<p style=\"text-align: left;\"><strong>\u00c9quipe NMUN- NY 2019-2020\u00a0<\/strong><\/p>\n<ul style=\"text-align: left;\">\n<li>P\u00e9n\u00e9loppe Fernandez-Busto<\/li>\n<li>Cyril Gagnon<\/li>\n<li>Elisa\u00a0 Enza Argento<\/li>\n<li>Nicolas Gosselin<\/li>\n<li>Fanny Caire<\/li>\n<li>Andrea Pavaluca<\/li>\n<li>Luke Kazandjian<\/li>\n<li>Matthew Beaudet<\/li>\n<li>\u00a0Pierre-Antonin Thibault<\/li>\n<li>Henri Cant<\/li>\n<li>Mathis Bourassa<\/li>\n<li>Dorian Culot<\/li>\n<li>Charlotte Ringgard<\/li>\n<li>Laurence Saint-Jacques<\/li>\n<li>Marie-Claire Tach\u00e9<\/li>\n<li>Yasmine Belrachid<\/li>\n<li>L\u00e9a Dakessian<\/li>\n<\/ul>\n<hr \/>\n<p style=\"text-align: left;\"><strong>Repr\u00e9sentation 2019-2020<\/strong><\/p>\n<ul>\n<li style=\"text-align: left;\"><strong>SimEURO (8 et 9 novembre 2019)<\/strong><\/li>\n<li style=\"text-align: left;\"><strong>NMUN-NY\u00a0(New-York, 5 au 9 avril 2020)<\/strong><\/li>\n<\/ul>\n<hr \/>\n<p style=\"text-align: left;\"><strong>Prix et mentions<\/strong><\/p>\n<p style=\"text-align: left;\">Au fil des ann\u00e9es, nos d\u00e9l\u00e9gations se sont d\u00e9marqu\u00e9es au sein de ces activit\u00e9s diplomatiques. \u00c0 NMUN-New York, les d\u00e9l\u00e9gations de Br\u00e9beuf ont remport\u00e9 plusieurs prix, dont la plus prestigieuse distinction d\u2019\u00e9quipe <em>Outstanding delegation<\/em> en 2014. Plusieurs de nos d\u00e9l\u00e9gu\u00e9s ont \u00e9galement remport\u00e9 des prix individuels dans diff\u00e9rents comit\u00e9s. L&rsquo;\u00e9quipe de Br\u00e9beuf de 2017-2018 a remport\u00e9 le prix <em>Delegation Diplomacy Award<\/em> de l\u2019organisation Canadian Model United Nations ainsi que 8 prix individuels de diplomatie et deux mentions honorables<span class=\"Apple-converted-space\">\u00a0<\/span>au Coll\u00e8ge Dawson. L&rsquo;\u00e9quipe 2018-2019 a remport\u00e9 le prix <em>Distinguished Delegation Award<\/em> de l&rsquo;organisation Canadian Model United Nations \u00e0 New York.<\/p>\n<div id='gallery-1' class='gallery galleryid-2225 gallery-columns-3 gallery-size-thumbnail'><figure class='gallery-item'>\n\t\t\t<div class='gallery-icon landscape'>\n\t\t\t\t<a href='https:\/\/www.brebeuf.qc.ca\/collegial\/wp-content\/uploads\/sites\/2\/2015\/11\/13.jpg' title=\"1. &lt;span class=&quot;description&quot;&gt;&lt;\/span&gt;\" data-rl_title=\"1. &lt;span class=&quot;description&quot;&gt;&lt;\/span&gt;\" class=\"rl-gallery-link\" data-rl_caption=\"\" data-rel=\"lightbox-gallery-1\"><img width=\"150\" height=\"150\" src=\"https:\/\/www.brebeuf.qc.ca\/collegial\/wp-content\/uploads\/sites\/2\/2015\/11\/13-150x150.jpg\" class=\"attachment-thumbnail size-thumbnail\" alt=\"\" loading=\"lazy\" \/><\/a>\n\t\t\t<\/div><\/figure><figure class='gallery-item'>\n\t\t\t<div class='gallery-icon landscape'>\n\t\t\t\t<a href='https:\/\/www.brebeuf.qc.ca\/collegial\/wp-content\/uploads\/sites\/2\/2015\/11\/23.jpg' title=\"2. &lt;span class=&quot;description&quot;&gt;&lt;\/span&gt;\" data-rl_title=\"2. &lt;span class=&quot;description&quot;&gt;&lt;\/span&gt;\" class=\"rl-gallery-link\" data-rl_caption=\"\" data-rel=\"lightbox-gallery-1\"><img width=\"150\" height=\"150\" src=\"https:\/\/www.brebeuf.qc.ca\/collegial\/wp-content\/uploads\/sites\/2\/2015\/11\/23-150x150.jpg\" class=\"attachment-thumbnail size-thumbnail\" alt=\"\" loading=\"lazy\" \/><\/a>\n\t\t\t<\/div><\/figure><figure class='gallery-item'>\n\t\t\t<div class='gallery-icon landscape'>\n\t\t\t\t<a href='https:\/\/www.brebeuf.qc.ca\/collegial\/wp-content\/uploads\/sites\/2\/2015\/11\/32.jpg' title=\"3. &lt;span class=&quot;description&quot;&gt;&lt;\/span&gt;\" data-rl_title=\"3. &lt;span class=&quot;description&quot;&gt;&lt;\/span&gt;\" class=\"rl-gallery-link\" data-rl_caption=\"\" data-rel=\"lightbox-gallery-1\"><img width=\"150\" height=\"150\" src=\"https:\/\/www.brebeuf.qc.ca\/collegial\/wp-content\/uploads\/sites\/2\/2015\/11\/32-150x150.jpg\" class=\"attachment-thumbnail size-thumbnail\" alt=\"\" loading=\"lazy\" \/><\/a>\n\t\t\t<\/div><\/figure>\n\t\t<\/div>\n\n","protected":false},"excerpt":{"rendered":"<p>Depuis 2011, soucieux de l\u2019importance de valoriser l\u2019internationalisme, Br\u00e9beuf implique activement ses \u00e9tudiants dans les simulations diplomatiques au Canada et aux \u00c9tats-Unis. \u00c0 l\u2019automne de chaque ann\u00e9e, nous formons une \u00e9quipe d\u2019une vingtaine de d\u00e9l\u00e9gu\u00e9s pour repr\u00e9senter le coll\u00e8ge dans&#8230;<\/p>\n","protected":false},"author":3,"featured_media":639,"parent":92,"menu_order":0,"comment_status":"closed","ping_status":"closed","template":"templates\/template-personnalisable.php","meta":{"_editorskit_title_hidden":false,"_editorskit_reading_time":0,"_editorskit_typography_data":[],"_editorskit_blocks_typography":""},"yoast_head":"<!-- This site is optimized with the Yoast SEO plugin v16.3 - https:\/\/yoast.com\/wordpress\/plugins\/seo\/ -->\n<title>Simulations diplomatiques - NMUN - Coll\u00e9gial<\/title>\n<meta name=\"robots\" content=\"index, follow, max-snippet:-1, max-image-preview:large, max-video-preview:-1\" \/>\n<link rel=\"canonical\" href=\"https:\/\/www.brebeuf.qc.ca\/collegial\/vie-etudiante\/activites_socioculturelles_comites\/simulations-diplomatiques\/\" \/>\n<meta property=\"og:locale\" content=\"fr_FR\" \/>\n<meta property=\"og:type\" content=\"article\" \/>\n<meta property=\"og:title\" content=\"Simulations diplomatiques - NMUN - Coll\u00e9gial\" \/>\n<meta property=\"og:description\" content=\"Depuis 2011, soucieux de l\u2019importance de valoriser l\u2019internationalisme, Br\u00e9beuf implique activement ses \u00e9tudiants dans les simulations diplomatiques au Canada et aux \u00c9tats-Unis. \u00c0 l\u2019automne de chaque ann\u00e9e, nous formons une \u00e9quipe d\u2019une vingtaine de d\u00e9l\u00e9gu\u00e9s pour repr\u00e9senter le coll\u00e8ge dans...\" \/>\n<meta property=\"og:url\" content=\"https:\/\/www.brebeuf.qc.ca\/collegial\/vie-etudiante\/activites_socioculturelles_comites\/simulations-diplomatiques\/\" \/>\n<meta property=\"og:site_name\" content=\"Coll\u00e9gial\" \/>\n<meta property=\"article:modified_time\" content=\"2021-09-29T20:02:35+00:00\" \/>\n<meta property=\"og:image\" content=\"https:\/\/www.brebeuf.qc.ca\/collegial\/wp-content\/uploads\/sites\/2\/2014\/10\/banniere-4.jpg\" \/>\n\t<meta property=\"og:image:width\" content=\"1400\" \/>\n\t<meta property=\"og:image:height\" content=\"240\" \/>\n<meta name=\"twitter:label1\" content=\"Dur\u00e9e de lecture est.\">\n\t<meta name=\"twitter:data1\" content=\"2 minutes\">\n<script type=\"application\/ld+json\" class=\"yoast-schema-graph\">{\"@context\":\"https:\/\/schema.org\",\"@graph\":[{\"@type\":\"WebSite\",\"@id\":\"https:\/\/www.brebeuf.qc.ca\/collegial\/#website\",\"url\":\"https:\/\/www.brebeuf.qc.ca\/collegial\/\",\"name\":\"Coll\\u00e9gial\",\"description\":\"Coll\\u00e8ge priv\\u00e9 | Secondaire | Coll\\u00e9gial\",\"potentialAction\":[{\"@type\":\"SearchAction\",\"target\":\"https:\/\/www.brebeuf.qc.ca\/collegial\/?s={search_term_string}\",\"query-input\":\"required name=search_term_string\"}],\"inLanguage\":\"fr-FR\"},{\"@type\":\"ImageObject\",\"@id\":\"https:\/\/www.brebeuf.qc.ca\/collegial\/vie-etudiante\/activites_socioculturelles_comites\/simulations-diplomatiques\/#primaryimage\",\"inLanguage\":\"fr-FR\",\"url\":\"https:\/\/www.brebeuf.qc.ca\/collegial\/wp-content\/uploads\/sites\/2\/2014\/10\/banniere-4.jpg\",\"contentUrl\":\"https:\/\/www.brebeuf.qc.ca\/collegial\/wp-content\/uploads\/sites\/2\/2014\/10\/banniere-4.jpg\",\"width\":1400,\"height\":240},{\"@type\":\"WebPage\",\"@id\":\"https:\/\/www.brebeuf.qc.ca\/collegial\/vie-etudiante\/activites_socioculturelles_comites\/simulations-diplomatiques\/#webpage\",\"url\":\"https:\/\/www.brebeuf.qc.ca\/collegial\/vie-etudiante\/activites_socioculturelles_comites\/simulations-diplomatiques\/\",\"name\":\"Simulations diplomatiques - NMUN - Coll\\u00e9gial\",\"isPartOf\":{\"@id\":\"https:\/\/www.brebeuf.qc.ca\/collegial\/#website\"},\"primaryImageOfPage\":{\"@id\":\"https:\/\/www.brebeuf.qc.ca\/collegial\/vie-etudiante\/activites_socioculturelles_comites\/simulations-diplomatiques\/#primaryimage\"},\"datePublished\":\"2015-11-17T14:26:18+00:00\",\"dateModified\":\"2021-09-29T20:02:35+00:00\",\"breadcrumb\":{\"@id\":\"https:\/\/www.brebeuf.qc.ca\/collegial\/vie-etudiante\/activites_socioculturelles_comites\/simulations-diplomatiques\/#breadcrumb\"},\"inLanguage\":\"fr-FR\",\"potentialAction\":[{\"@type\":\"ReadAction\",\"target\":[\"https:\/\/www.brebeuf.qc.ca\/collegial\/vie-etudiante\/activites_socioculturelles_comites\/simulations-diplomatiques\/\"]}]},{\"@type\":\"BreadcrumbList\",\"@id\":\"https:\/\/www.brebeuf.qc.ca\/collegial\/vie-etudiante\/activites_socioculturelles_comites\/simulations-diplomatiques\/#breadcrumb\",\"itemListElement\":[{\"@type\":\"ListItem\",\"position\":1,\"item\":{\"@type\":\"WebPage\",\"@id\":\"https:\/\/www.brebeuf.qc.ca\/collegial\/\",\"url\":\"https:\/\/www.brebeuf.qc.ca\/collegial\/\",\"name\":\"Home\"}},{\"@type\":\"ListItem\",\"position\":2,\"item\":{\"@type\":\"WebPage\",\"@id\":\"https:\/\/www.brebeuf.qc.ca\/collegial\/vie-etudiante\/\",\"url\":\"https:\/\/www.brebeuf.qc.ca\/collegial\/vie-etudiante\/\",\"name\":\"Vie \\u00e9tudiante\"}},{\"@type\":\"ListItem\",\"position\":3,\"item\":{\"@type\":\"WebPage\",\"@id\":\"https:\/\/www.brebeuf.qc.ca\/collegial\/vie-etudiante\/activites_socioculturelles_comites\/\",\"url\":\"https:\/\/www.brebeuf.qc.ca\/collegial\/vie-etudiante\/activites_socioculturelles_comites\/\",\"name\":\"Activit\\u00e9s socioculturelles et comit\\u00e9s\"}},{\"@type\":\"ListItem\",\"position\":4,\"item\":{\"@id\":\"https:\/\/www.brebeuf.qc.ca\/collegial\/vie-etudiante\/activites_socioculturelles_comites\/simulations-diplomatiques\/#webpage\"}}]}]}<\/script>\n<!-- \/ Yoast SEO plugin. -->","_links":{"self":[{"href":"https:\/\/www.brebeuf.qc.ca\/collegial\/wp-json\/wp\/v2\/pages\/2225"}],"collection":[{"href":"https:\/\/www.brebeuf.qc.ca\/collegial\/wp-json\/wp\/v2\/pages"}],"about":[{"href":"https:\/\/www.brebeuf.qc.ca\/collegial\/wp-json\/wp\/v2\/types\/page"}],"author":[{"embeddable":true,"href":"https:\/\/www.brebeuf.qc.ca\/collegial\/wp-json\/wp\/v2\/users\/3"}],"replies":[{"embeddable":true,"href":"https:\/\/www.brebeuf.qc.ca\/collegial\/wp-json\/wp\/v2\/comments?post=2225"}],"version-history":[{"count":29,"href":"https:\/\/www.brebeuf.qc.ca\/collegial\/wp-json\/wp\/v2\/pages\/2225\/revisions"}],"predecessor-version":[{"id":5889,"href":"https:\/\/www.brebeuf.qc.ca\/collegial\/wp-json\/wp\/v2\/pages\/2225\/revisions\/5889"}],"up":[{"embeddable":true,"href":"https:\/\/www.brebeuf.qc.ca\/collegial\/wp-json\/wp\/v2\/pages\/92"}],"wp:featuredmedia":[{"embeddable":true,"href":"https:\/\/www.brebeuf.qc.ca\/collegial\/wp-json\/wp\/v2\/media\/639"}],"wp:attachment":[{"href":"https:\/\/www.brebeuf.qc.ca\/collegial\/wp-json\/wp\/v2\/media?parent=2225"}],"curies":[{"name":"wp","href":"https:\/\/api.w.org\/{rel}","templated":true}]}}