{"id":2221,"date":"2015-11-17T14:18:08","date_gmt":"2015-11-17T14:18:08","guid":{"rendered":"http:\/\/www.brebeuf.qc.ca\/collegial\/?page_id=2221"},"modified":"2024-04-16T20:45:27","modified_gmt":"2024-04-16T20:45:27","slug":"debats-oratoires","status":"publish","type":"page","link":"https:\/\/www.brebeuf.qc.ca\/collegial\/vie-etudiante\/activites_socioculturelles_comites\/debats-oratoires\/","title":{"rendered":"Club de d\u00e9bats oratoires"},"content":{"rendered":"\n<h2><span id=\"Mission\">Mission<\/span><\/h2>\n\n\n\n<p>Le Club de d\u00e9bats oratoires du Coll\u00e8ge Jean-de-Br\u00e9beuf vise \u00e0 d\u00e9velopper l&rsquo;\u00e9loquence, la pens\u00e9e critique et le leadership des \u00e9tudiants par des activit\u00e9s vari\u00e9es favorisant l&rsquo;expression et le d\u00e9bat sur diff\u00e9rents sujets. Les membres am\u00e9liorent leurs comp\u00e9tences en argumentation et en prise de parole en public \u00e0 travers des rencontres hebdomadaires, des comp\u00e9titions et des voyages, b\u00e9n\u00e9ficiant de retours constructifs.<\/p>\n\n\n\n<p>Membre de la Ligue de d\u00e9bat universitaire et coll\u00e9giale (LiDUC), le club participe \u00e0 des comp\u00e9titions rassemblant diverses institutions dans la province et, occasionnellement, \u00e0 des \u00e9v\u00e9nements hors province pour enrichir l&rsquo;exp\u00e9rience linguistique et culturelle des participants. Il organise \u00e9galement des comp\u00e9titions internes et des d\u00e9bats publics, int\u00e9grant ainsi la communaut\u00e9 Br\u00e9beuf dans sa passion pour l&rsquo;art oratoire. Annuellement, deux membres sont choisis pour repr\u00e9senter le Coll\u00e8ge au prestigieux Concours du Barreau de Montr\u00e9al, et ce depuis la cr\u00e9ation de ce concours en 1990.<\/p>\n\n\n\n<h2><span id=\"Activites\">Activit\u00e9s<\/span><\/h2>\n\n\n\n<ul><li>Championnat du Club de d\u00e9bats oratoires du Coll\u00e8ge Jean-de-Br\u00e9beuf \u2014 Concours interne<\/li><li>D\u00e9bats publics durant le midi<\/li><li>Ligue de d\u00e9bat universitaire et coll\u00e9giale (LiDUC) \u2014 Club-membre<\/li><li>Canadian University Society for Intercollegiate Debate (CUSID)<\/li><li>Concours du Barreau de Montr\u00e9al\u2014 Cour d&rsquo;appel du Qu\u00e9bec (mars)<\/li><\/ul>\n\n\n\n<h2><span id=\"Equipe_drsquoanimation\">\u00c9quipe d&rsquo;animation<\/span><\/h2>\n\n\n\n<p>Professeurs responsables : Bart Kasowski et Martin Desrosiers<\/p>\n\n\n\n<h2><span id=\"Notre_histoire\">Notre histoire<\/span><\/h2>\n\n\n\n<p>Le Club de d\u00e9bats oratoires se distingue par la remarquable performance de ses d\u00e9batteurs. Ceux-ci se sont illustr\u00e9s \u00e0 de nombreuses reprises au Concours du Barreau de Montr\u00e9al (7 \u00e9quipes finalistes et 6 \u00e9quipes championnes depuis la cr\u00e9ation du Concours) et lors des tournois dans les diff\u00e9rentes ligues. Durant les ann\u00e9es \u00e0 venir, le club s&rsquo;engage \u00e0 perp\u00e9tuer cette tradition d&rsquo;excellence.<\/p>\n\n\n\n<h2><span id=\"Nos_exploits_depuis_2018\">Nos exploits depuis 2018<\/span><\/h2>\n\n\n\n<ul><li>Thomas Roussel et Cyril Mani (2018-2019), \u00e9quipe championne \u2014 Tournoi de la Coupe Bois-de-Boulogne (SUCDI)<\/li><li>P\u00e9n\u00e9lope Fernandez et Thomas Roussel (2019-2020), \u00e9quipe finaliste \u2014 Coupe Laurier (LiDUC)<\/li><li>Chlo\u00e9 Paquette et P\u00e9n\u00e9lope Fernandez (2020-2021), \u00e9quipe championne \u2014 Concours du Barreau de Montr\u00e9al<\/li><li>Fr\u00e9d\u00e9rique Johnson et Julien Blanchet-Desbiens (2021-2022), \u00e9quipe finaliste \u2014 Concours du Barreau de Montr\u00e9al<\/li><li>B\u00e9atrice Gaudreault et Simone Giroux (2023-2024), \u00e9quipe championne \u2014 Tournoi novice (LiDUC)<\/li><li>David Lacoste et Rukun Dou (2023-2024), \u00e9quipe championne \u2014 Coupe Archambault-Letendre (LiDUC)<\/li><li>Renaud Levesque et Rukun Dou (2023-2024), \u00e9quipe finaliste \u2014 Concours du Barreau de Montr\u00e9al<\/li><\/ul>\n<div id=\"toc_container\" class=\"no_bullets\"><p class=\"toc_title\">Sommaire<\/p><ul class=\"toc_list\"><li><a href=\"#Mission\">Mission<\/a><\/li><li><a href=\"#Activites\">Activit\u00e9s<\/a><\/li><li><a href=\"#Equipe_drsquoanimation\">\u00c9quipe d&rsquo;animation<\/a><\/li><li><a href=\"#Notre_histoire\">Notre histoire<\/a><\/li><li><a href=\"#Nos_exploits_depuis_2018\">Nos exploits depuis 2018<\/a><\/li><\/ul><\/div>\n","protected":false},"excerpt":{"rendered":"<p>Mission Le Club de d\u00e9bats oratoires du Coll\u00e8ge Jean-de-Br\u00e9beuf vise \u00e0 d\u00e9velopper l&rsquo;\u00e9loquence, la pens\u00e9e critique et le leadership des \u00e9tudiants par des activit\u00e9s vari\u00e9es favorisant l&rsquo;expression et le d\u00e9bat sur diff\u00e9rents sujets. Les membres am\u00e9liorent leurs comp\u00e9tences en argumentation&#8230;<\/p>\n","protected":false},"author":3,"featured_media":1210,"parent":92,"menu_order":0,"comment_status":"closed","ping_status":"closed","template":"templates\/template-personnalisable.php","meta":{"_editorskit_title_hidden":false,"_editorskit_reading_time":0,"_editorskit_typography_data":[],"_editorskit_blocks_typography":""},"yoast_head":"<!-- This site is optimized with the Yoast SEO plugin v16.3 - https:\/\/yoast.com\/wordpress\/plugins\/seo\/ -->\n<title>Club de d\u00e9bats oratoires - Coll\u00e9gial<\/title>\n<meta name=\"robots\" content=\"index, follow, max-snippet:-1, max-image-preview:large, max-video-preview:-1\" \/>\n<link rel=\"canonical\" href=\"https:\/\/www.brebeuf.qc.ca\/collegial\/vie-etudiante\/activites_socioculturelles_comites\/debats-oratoires\/\" \/>\n<meta property=\"og:locale\" content=\"fr_FR\" \/>\n<meta property=\"og:type\" content=\"article\" \/>\n<meta property=\"og:title\" content=\"Club de d\u00e9bats oratoires - Coll\u00e9gial\" \/>\n<meta property=\"og:description\" content=\"Mission Le Club de d\u00e9bats oratoires du Coll\u00e8ge Jean-de-Br\u00e9beuf vise \u00e0 d\u00e9velopper l&rsquo;\u00e9loquence, la pens\u00e9e critique et le leadership des \u00e9tudiants par des activit\u00e9s vari\u00e9es favorisant l&rsquo;expression et le d\u00e9bat sur diff\u00e9rents sujets. Les membres am\u00e9liorent leurs comp\u00e9tences en argumentation...\" \/>\n<meta property=\"og:url\" content=\"https:\/\/www.brebeuf.qc.ca\/collegial\/vie-etudiante\/activites_socioculturelles_comites\/debats-oratoires\/\" \/>\n<meta property=\"og:site_name\" content=\"Coll\u00e9gial\" \/>\n<meta property=\"article:modified_time\" content=\"2024-04-16T20:45:27+00:00\" \/>\n<meta property=\"og:image\" content=\"https:\/\/www.brebeuf.qc.ca\/collegial\/wp-content\/uploads\/sites\/2\/2014\/11\/journees-portes-ouvertes-header1.jpg\" \/>\n\t<meta property=\"og:image:width\" content=\"1400\" \/>\n\t<meta property=\"og:image:height\" content=\"240\" \/>\n<meta name=\"twitter:label1\" content=\"Dur\u00e9e de lecture est.\">\n\t<meta name=\"twitter:data1\" content=\"2 minutes\">\n<script type=\"application\/ld+json\" class=\"yoast-schema-graph\">{\"@context\":\"https:\/\/schema.org\",\"@graph\":[{\"@type\":\"WebSite\",\"@id\":\"https:\/\/www.brebeuf.qc.ca\/collegial\/#website\",\"url\":\"https:\/\/www.brebeuf.qc.ca\/collegial\/\",\"name\":\"Coll\\u00e9gial\",\"description\":\"Coll\\u00e8ge priv\\u00e9 | Secondaire | Coll\\u00e9gial\",\"potentialAction\":[{\"@type\":\"SearchAction\",\"target\":\"https:\/\/www.brebeuf.qc.ca\/collegial\/?s={search_term_string}\",\"query-input\":\"required name=search_term_string\"}],\"inLanguage\":\"fr-FR\"},{\"@type\":\"ImageObject\",\"@id\":\"https:\/\/www.brebeuf.qc.ca\/collegial\/vie-etudiante\/activites_socioculturelles_comites\/debats-oratoires\/#primaryimage\",\"inLanguage\":\"fr-FR\",\"url\":\"https:\/\/www.brebeuf.qc.ca\/collegial\/wp-content\/uploads\/sites\/2\/2014\/11\/journees-portes-ouvertes-header1.jpg\",\"contentUrl\":\"https:\/\/www.brebeuf.qc.ca\/collegial\/wp-content\/uploads\/sites\/2\/2014\/11\/journees-portes-ouvertes-header1.jpg\",\"width\":1400,\"height\":240},{\"@type\":\"WebPage\",\"@id\":\"https:\/\/www.brebeuf.qc.ca\/collegial\/vie-etudiante\/activites_socioculturelles_comites\/debats-oratoires\/#webpage\",\"url\":\"https:\/\/www.brebeuf.qc.ca\/collegial\/vie-etudiante\/activites_socioculturelles_comites\/debats-oratoires\/\",\"name\":\"Club de d\\u00e9bats oratoires - Coll\\u00e9gial\",\"isPartOf\":{\"@id\":\"https:\/\/www.brebeuf.qc.ca\/collegial\/#website\"},\"primaryImageOfPage\":{\"@id\":\"https:\/\/www.brebeuf.qc.ca\/collegial\/vie-etudiante\/activites_socioculturelles_comites\/debats-oratoires\/#primaryimage\"},\"datePublished\":\"2015-11-17T14:18:08+00:00\",\"dateModified\":\"2024-04-16T20:45:27+00:00\",\"breadcrumb\":{\"@id\":\"https:\/\/www.brebeuf.qc.ca\/collegial\/vie-etudiante\/activites_socioculturelles_comites\/debats-oratoires\/#breadcrumb\"},\"inLanguage\":\"fr-FR\",\"potentialAction\":[{\"@type\":\"ReadAction\",\"target\":[\"https:\/\/www.brebeuf.qc.ca\/collegial\/vie-etudiante\/activites_socioculturelles_comites\/debats-oratoires\/\"]}]},{\"@type\":\"BreadcrumbList\",\"@id\":\"https:\/\/www.brebeuf.qc.ca\/collegial\/vie-etudiante\/activites_socioculturelles_comites\/debats-oratoires\/#breadcrumb\",\"itemListElement\":[{\"@type\":\"ListItem\",\"position\":1,\"item\":{\"@type\":\"WebPage\",\"@id\":\"https:\/\/www.brebeuf.qc.ca\/collegial\/\",\"url\":\"https:\/\/www.brebeuf.qc.ca\/collegial\/\",\"name\":\"Home\"}},{\"@type\":\"ListItem\",\"position\":2,\"item\":{\"@type\":\"WebPage\",\"@id\":\"https:\/\/www.brebeuf.qc.ca\/collegial\/vie-etudiante\/\",\"url\":\"https:\/\/www.brebeuf.qc.ca\/collegial\/vie-etudiante\/\",\"name\":\"Vie \\u00e9tudiante\"}},{\"@type\":\"ListItem\",\"position\":3,\"item\":{\"@type\":\"WebPage\",\"@id\":\"https:\/\/www.brebeuf.qc.ca\/collegial\/vie-etudiante\/activites_socioculturelles_comites\/\",\"url\":\"https:\/\/www.brebeuf.qc.ca\/collegial\/vie-etudiante\/activites_socioculturelles_comites\/\",\"name\":\"Activit\\u00e9s socioculturelles et comit\\u00e9s\"}},{\"@type\":\"ListItem\",\"position\":4,\"item\":{\"@id\":\"https:\/\/www.brebeuf.qc.ca\/collegial\/vie-etudiante\/activites_socioculturelles_comites\/debats-oratoires\/#webpage\"}}]}]}<\/script>\n<!-- \/ Yoast SEO plugin. -->","_links":{"self":[{"href":"https:\/\/www.brebeuf.qc.ca\/collegial\/wp-json\/wp\/v2\/pages\/2221"}],"collection":[{"href":"https:\/\/www.brebeuf.qc.ca\/collegial\/wp-json\/wp\/v2\/pages"}],"about":[{"href":"https:\/\/www.brebeuf.qc.ca\/collegial\/wp-json\/wp\/v2\/types\/page"}],"author":[{"embeddable":true,"href":"https:\/\/www.brebeuf.qc.ca\/collegial\/wp-json\/wp\/v2\/users\/3"}],"replies":[{"embeddable":true,"href":"https:\/\/www.brebeuf.qc.ca\/collegial\/wp-json\/wp\/v2\/comments?post=2221"}],"version-history":[{"count":21,"href":"https:\/\/www.brebeuf.qc.ca\/collegial\/wp-json\/wp\/v2\/pages\/2221\/revisions"}],"predecessor-version":[{"id":8127,"href":"https:\/\/www.brebeuf.qc.ca\/collegial\/wp-json\/wp\/v2\/pages\/2221\/revisions\/8127"}],"up":[{"embeddable":true,"href":"https:\/\/www.brebeuf.qc.ca\/collegial\/wp-json\/wp\/v2\/pages\/92"}],"wp:featuredmedia":[{"embeddable":true,"href":"https:\/\/www.brebeuf.qc.ca\/collegial\/wp-json\/wp\/v2\/media\/1210"}],"wp:attachment":[{"href":"https:\/\/www.brebeuf.qc.ca\/collegial\/wp-json\/wp\/v2\/media?parent=2221"}],"curies":[{"name":"wp","href":"https:\/\/api.w.org\/{rel}","templated":true}]}}