{"id":2214,"date":"2015-11-16T21:03:45","date_gmt":"2015-11-16T21:03:45","guid":{"rendered":"http:\/\/www.brebeuf.qc.ca\/collegial\/?page_id=2214"},"modified":"2026-04-29T21:15:16","modified_gmt":"2026-04-29T21:15:16","slug":"thespian-theatre-troupe-theatre-anglais","status":"publish","type":"page","link":"https:\/\/www.brebeuf.qc.ca\/collegial\/vie-etudiante\/activites_socioculturelles_comites\/thespian-theatre-troupe-theatre-anglais\/","title":{"rendered":"Thespian Theatre &#8211; Th\u00e9\u00e2tre en anglais"},"content":{"rendered":"\n<figure class=\"wp-block-image size-large is-resized\"><a href=\"https:\/\/www.brebeuf.qc.ca\/collegial\/wp-content\/uploads\/sites\/2\/2026\/04\/Thespian-Photo-Principale_photo_reduite-scaled.jpg\" data-rel=\"lightbox-image-0\" data-rl_title=\"\" data-rl_caption=\"\" title=\"\"><img loading=\"lazy\" src=\"https:\/\/www.brebeuf.qc.ca\/collegial\/wp-content\/uploads\/sites\/2\/2026\/04\/Thespian-Photo-Principale_photo_reduite-1024x683.jpg\" alt=\"\" class=\"wp-image-9871\" width=\"722\" height=\"481\" srcset=\"https:\/\/www.brebeuf.qc.ca\/collegial\/wp-content\/uploads\/sites\/2\/2026\/04\/Thespian-Photo-Principale_photo_reduite-1024x683.jpg 1024w, https:\/\/www.brebeuf.qc.ca\/collegial\/wp-content\/uploads\/sites\/2\/2026\/04\/Thespian-Photo-Principale_photo_reduite-300x200.jpg 300w, https:\/\/www.brebeuf.qc.ca\/collegial\/wp-content\/uploads\/sites\/2\/2026\/04\/Thespian-Photo-Principale_photo_reduite-768x512.jpg 768w, https:\/\/www.brebeuf.qc.ca\/collegial\/wp-content\/uploads\/sites\/2\/2026\/04\/Thespian-Photo-Principale_photo_reduite-1536x1024.jpg 1536w, https:\/\/www.brebeuf.qc.ca\/collegial\/wp-content\/uploads\/sites\/2\/2026\/04\/Thespian-Photo-Principale_photo_reduite-2048x1365.jpg 2048w\" sizes=\"(max-width: 722px) 100vw, 722px\" \/><\/a><\/figure>\n\n\n\n<hr class=\"wp-block-separator\"\/>\n\n\n\n<p>Thespian Theatre est une collaboration entre les \u00e9tudiant.e.s du coll\u00e8ge et plusieurs ancien.ne.s. \u00c9tablie en 2008, la troupe offre un atelier de production compl\u00e8te d\u2019une pi\u00e8ce de th\u00e9\u00e2tre permettant aussi aux participant.e.s. d\u2019am\u00e9liorer leur ma\u00eetrise de l\u2019anglais.&nbsp;<\/p>\n\n\n\n<p>Tous les aspects d\u2019une production professionnelle y sont explor\u00e9s: mise en sc\u00e8ne, jeu d\u2019acteur, costumes, d\u00e9cor, accessoires, maquillage, son, publicit\u00e9, etc.&nbsp;<\/p>\n\n\n\n<p>Les auditions et le recrutement pour l\u2019\u00e9quipe technique ont lieu en septembre et la pi\u00e8ce est pr\u00e9sent\u00e9e en mars. Entre-temps, les membres de la troupe doivent se pr\u00e9senter 1-2 fois par semaine pour r\u00e9p\u00e9ter et pr\u00e9parer le spectacle.&nbsp;<\/p>\n\n\n\n<p>Thespian se distingue des autres troupes de th\u00e9\u00e2tre du Coll\u00e8ge en pr\u00e9sentant des pi\u00e8ces en anglais et par son choix de spectacles modernes, soit des adaptations de films, s\u00e9ries t\u00e9l\u00e9vis\u00e9es, jeux vid\u00e9os, romans, podcasts, etc.!<\/p>\n\n\n\n<p>Pour en savoir plus sur les productions, n&rsquo;h\u00e9sitez pas \u00e0 visiter leurs r\u00e9seaux sociaux :<\/p>\n\n\n\n<div class=\"wp-block-buttons\">\n<div class=\"wp-block-button is-style-outline\"><a class=\"wp-block-button__link\" href=\"https:\/\/can01.safelinks.protection.outlook.com\/?url=https%3A%2F%2Fwww.facebook.com%2FThespianTheatreTroupe%2F&amp;data=05%7C02%7Calexandra.dowse%40brebeuf.qc.ca%7C787b6ed87a1145f2f8cc08dc6bbf58c9%7C4f3aaf92fc844b238419c738a183c6aa%7C0%7C0%7C638503717918259791%7CUnknown%7CTWFpbGZsb3d8eyJWIjoiMC4wLjAwMDAiLCJQIjoiV2luMzIiLCJBTiI6Ik1haWwiLCJXVCI6Mn0%3D%7C0%7C%7C%7C&amp;sdata=Mv1NDs0n10F52k3%2BrL4w6CPTz1A7YgDIRctot0lrCdM%3D&amp;reserved=0\">Facebook<\/a><\/div>\n\n\n\n<div class=\"wp-block-button is-style-outline\"><a class=\"wp-block-button__link\" href=\"https:\/\/can01.safelinks.protection.outlook.com\/?url=https%3A%2F%2Fwww.instagram.com%2Fthespiantheatretroupe%2F&amp;data=05%7C02%7Calexandra.dowse%40brebeuf.qc.ca%7C787b6ed87a1145f2f8cc08dc6bbf58c9%7C4f3aaf92fc844b238419c738a183c6aa%7C0%7C0%7C638503717918265173%7CUnknown%7CTWFpbGZsb3d8eyJWIjoiMC4wLjAwMDAiLCJQIjoiV2luMzIiLCJBTiI6Ik1haWwiLCJXVCI6Mn0%3D%7C0%7C%7C%7C&amp;sdata=4H6n6PeeJFABNeoX%2FBh795ZE4IFZgoWpBD6u1WgIaE0%3D&amp;reserved=0\">Instagram<\/a><\/div>\n\n\n\n<div class=\"wp-block-button is-style-outline\"><a class=\"wp-block-button__link\" href=\"https:\/\/youtube.com\/playlist?list=PLupCw9QVPVp8-8nH7ra9BHzihoLVwcYGR&amp;si=v6CZoDEx66FmsR4J\">YouTube<\/a><\/div>\n<\/div>\n\n\n\n<hr class=\"wp-block-separator\"\/>\n\n\n\n<figure class=\"wp-block-gallery aligncenter columns-4 is-cropped\"><ul class=\"blocks-gallery-grid\"><li class=\"blocks-gallery-item\"><figure><a href=\"https:\/\/www.brebeuf.qc.ca\/collegial\/wp-content\/uploads\/sites\/2\/2026\/04\/Thespian-Photo-7-1024x683.jpg\" data-rel=\"lightbox-image-1\" data-rl_title=\"\" data-rl_caption=\"\" title=\"\"><img loading=\"lazy\" width=\"1024\" height=\"683\" src=\"https:\/\/www.brebeuf.qc.ca\/collegial\/wp-content\/uploads\/sites\/2\/2026\/04\/Thespian-Photo-7-1024x683.jpg\" alt=\"\" data-id=\"9874\" data-link=\"https:\/\/www.brebeuf.qc.ca\/collegial\/vie-etudiante\/activites_socioculturelles_comites\/thespian-theatre-troupe-theatre-anglais\/thespian-photo-7\/\" class=\"wp-image-9874\" srcset=\"https:\/\/www.brebeuf.qc.ca\/collegial\/wp-content\/uploads\/sites\/2\/2026\/04\/Thespian-Photo-7-1024x683.jpg 1024w, https:\/\/www.brebeuf.qc.ca\/collegial\/wp-content\/uploads\/sites\/2\/2026\/04\/Thespian-Photo-7-300x200.jpg 300w, https:\/\/www.brebeuf.qc.ca\/collegial\/wp-content\/uploads\/sites\/2\/2026\/04\/Thespian-Photo-7-768x512.jpg 768w, https:\/\/www.brebeuf.qc.ca\/collegial\/wp-content\/uploads\/sites\/2\/2026\/04\/Thespian-Photo-7-1536x1024.jpg 1536w, https:\/\/www.brebeuf.qc.ca\/collegial\/wp-content\/uploads\/sites\/2\/2026\/04\/Thespian-Photo-7-2048x1365.jpg 2048w\" sizes=\"(max-width: 1024px) 100vw, 1024px\" \/><\/a><\/figure><\/li><li class=\"blocks-gallery-item\"><figure><a href=\"https:\/\/www.brebeuf.qc.ca\/collegial\/wp-content\/uploads\/sites\/2\/2026\/04\/Thespian-Photo-1-1024x683.jpg\" data-rel=\"lightbox-image-2\" data-rl_title=\"\" data-rl_caption=\"\" title=\"\"><img loading=\"lazy\" width=\"1024\" height=\"683\" src=\"https:\/\/www.brebeuf.qc.ca\/collegial\/wp-content\/uploads\/sites\/2\/2026\/04\/Thespian-Photo-1-1024x683.jpg\" alt=\"\" data-id=\"9877\" data-link=\"https:\/\/www.brebeuf.qc.ca\/collegial\/vie-etudiante\/activites_socioculturelles_comites\/thespian-theatre-troupe-theatre-anglais\/thespian-photo-1\/\" class=\"wp-image-9877\" srcset=\"https:\/\/www.brebeuf.qc.ca\/collegial\/wp-content\/uploads\/sites\/2\/2026\/04\/Thespian-Photo-1-1024x683.jpg 1024w, https:\/\/www.brebeuf.qc.ca\/collegial\/wp-content\/uploads\/sites\/2\/2026\/04\/Thespian-Photo-1-300x200.jpg 300w, https:\/\/www.brebeuf.qc.ca\/collegial\/wp-content\/uploads\/sites\/2\/2026\/04\/Thespian-Photo-1-768x512.jpg 768w, https:\/\/www.brebeuf.qc.ca\/collegial\/wp-content\/uploads\/sites\/2\/2026\/04\/Thespian-Photo-1-1536x1024.jpg 1536w, https:\/\/www.brebeuf.qc.ca\/collegial\/wp-content\/uploads\/sites\/2\/2026\/04\/Thespian-Photo-1-2048x1365.jpg 2048w\" sizes=\"(max-width: 1024px) 100vw, 1024px\" \/><\/a><\/figure><\/li><li class=\"blocks-gallery-item\"><figure><a href=\"https:\/\/www.brebeuf.qc.ca\/collegial\/wp-content\/uploads\/sites\/2\/2026\/04\/Thespian-Photo-2-1024x619.jpg\" data-rel=\"lightbox-image-3\" data-rl_title=\"\" data-rl_caption=\"\" title=\"\"><img loading=\"lazy\" width=\"1024\" height=\"619\" src=\"https:\/\/www.brebeuf.qc.ca\/collegial\/wp-content\/uploads\/sites\/2\/2026\/04\/Thespian-Photo-2-1024x619.jpg\" alt=\"\" data-id=\"9878\" data-link=\"https:\/\/www.brebeuf.qc.ca\/collegial\/vie-etudiante\/activites_socioculturelles_comites\/thespian-theatre-troupe-theatre-anglais\/thespian-photo-2\/\" class=\"wp-image-9878\" srcset=\"https:\/\/www.brebeuf.qc.ca\/collegial\/wp-content\/uploads\/sites\/2\/2026\/04\/Thespian-Photo-2-1024x619.jpg 1024w, https:\/\/www.brebeuf.qc.ca\/collegial\/wp-content\/uploads\/sites\/2\/2026\/04\/Thespian-Photo-2-300x181.jpg 300w, https:\/\/www.brebeuf.qc.ca\/collegial\/wp-content\/uploads\/sites\/2\/2026\/04\/Thespian-Photo-2-768x464.jpg 768w, https:\/\/www.brebeuf.qc.ca\/collegial\/wp-content\/uploads\/sites\/2\/2026\/04\/Thespian-Photo-2-1536x929.jpg 1536w, https:\/\/www.brebeuf.qc.ca\/collegial\/wp-content\/uploads\/sites\/2\/2026\/04\/Thespian-Photo-2-2048x1238.jpg 2048w\" sizes=\"(max-width: 1024px) 100vw, 1024px\" \/><\/a><\/figure><\/li><li class=\"blocks-gallery-item\"><figure><a href=\"https:\/\/www.brebeuf.qc.ca\/collegial\/wp-content\/uploads\/sites\/2\/2026\/04\/Thespian-Photo-6-1.jpg\" data-rel=\"lightbox-image-4\" data-rl_title=\"\" data-rl_caption=\"\" title=\"\"><img loading=\"lazy\" width=\"1024\" height=\"683\" src=\"https:\/\/www.brebeuf.qc.ca\/collegial\/wp-content\/uploads\/sites\/2\/2026\/04\/Thespian-Photo-6-1-1024x683.jpg\" alt=\"\" data-id=\"9882\" data-full-url=\"https:\/\/www.brebeuf.qc.ca\/collegial\/wp-content\/uploads\/sites\/2\/2026\/04\/Thespian-Photo-6-1.jpg\" data-link=\"https:\/\/www.brebeuf.qc.ca\/collegial\/vie-etudiante\/activites_socioculturelles_comites\/thespian-theatre-troupe-theatre-anglais\/thespian-photo-6-1\/\" class=\"wp-image-9882\" srcset=\"https:\/\/www.brebeuf.qc.ca\/collegial\/wp-content\/uploads\/sites\/2\/2026\/04\/Thespian-Photo-6-1-1024x683.jpg 1024w, https:\/\/www.brebeuf.qc.ca\/collegial\/wp-content\/uploads\/sites\/2\/2026\/04\/Thespian-Photo-6-1-300x200.jpg 300w, https:\/\/www.brebeuf.qc.ca\/collegial\/wp-content\/uploads\/sites\/2\/2026\/04\/Thespian-Photo-6-1-768x512.jpg 768w, https:\/\/www.brebeuf.qc.ca\/collegial\/wp-content\/uploads\/sites\/2\/2026\/04\/Thespian-Photo-6-1.jpg 1134w\" sizes=\"(max-width: 1024px) 100vw, 1024px\" \/><\/a><\/figure><\/li><li class=\"blocks-gallery-item\"><figure><a href=\"https:\/\/www.brebeuf.qc.ca\/collegial\/wp-content\/uploads\/sites\/2\/2026\/04\/Thespian-Photo-3-1024x683.jpg\" data-rel=\"lightbox-image-5\" data-rl_title=\"\" data-rl_caption=\"\" title=\"\"><img loading=\"lazy\" width=\"1024\" height=\"683\" src=\"https:\/\/www.brebeuf.qc.ca\/collegial\/wp-content\/uploads\/sites\/2\/2026\/04\/Thespian-Photo-3-1024x683.jpg\" alt=\"\" data-id=\"9879\" data-link=\"https:\/\/www.brebeuf.qc.ca\/collegial\/vie-etudiante\/activites_socioculturelles_comites\/thespian-theatre-troupe-theatre-anglais\/thespian-photo-3\/\" class=\"wp-image-9879\" srcset=\"https:\/\/www.brebeuf.qc.ca\/collegial\/wp-content\/uploads\/sites\/2\/2026\/04\/Thespian-Photo-3-1024x683.jpg 1024w, https:\/\/www.brebeuf.qc.ca\/collegial\/wp-content\/uploads\/sites\/2\/2026\/04\/Thespian-Photo-3-300x200.jpg 300w, https:\/\/www.brebeuf.qc.ca\/collegial\/wp-content\/uploads\/sites\/2\/2026\/04\/Thespian-Photo-3-768x512.jpg 768w, https:\/\/www.brebeuf.qc.ca\/collegial\/wp-content\/uploads\/sites\/2\/2026\/04\/Thespian-Photo-3-1536x1024.jpg 1536w, https:\/\/www.brebeuf.qc.ca\/collegial\/wp-content\/uploads\/sites\/2\/2026\/04\/Thespian-Photo-3-2048x1365.jpg 2048w\" sizes=\"(max-width: 1024px) 100vw, 1024px\" \/><\/a><\/figure><\/li><li class=\"blocks-gallery-item\"><figure><a href=\"https:\/\/www.brebeuf.qc.ca\/collegial\/wp-content\/uploads\/sites\/2\/2026\/04\/Thespian-Photo-5-1024x683.jpg\" data-rel=\"lightbox-image-6\" data-rl_title=\"\" data-rl_caption=\"\" title=\"\"><img loading=\"lazy\" width=\"1024\" height=\"683\" src=\"https:\/\/www.brebeuf.qc.ca\/collegial\/wp-content\/uploads\/sites\/2\/2026\/04\/Thespian-Photo-5-1024x683.jpg\" alt=\"\" data-id=\"9881\" data-link=\"https:\/\/www.brebeuf.qc.ca\/collegial\/vie-etudiante\/activites_socioculturelles_comites\/thespian-theatre-troupe-theatre-anglais\/thespian-photo-5\/\" class=\"wp-image-9881\" srcset=\"https:\/\/www.brebeuf.qc.ca\/collegial\/wp-content\/uploads\/sites\/2\/2026\/04\/Thespian-Photo-5-1024x683.jpg 1024w, https:\/\/www.brebeuf.qc.ca\/collegial\/wp-content\/uploads\/sites\/2\/2026\/04\/Thespian-Photo-5-300x200.jpg 300w, https:\/\/www.brebeuf.qc.ca\/collegial\/wp-content\/uploads\/sites\/2\/2026\/04\/Thespian-Photo-5-768x512.jpg 768w, https:\/\/www.brebeuf.qc.ca\/collegial\/wp-content\/uploads\/sites\/2\/2026\/04\/Thespian-Photo-5-1536x1024.jpg 1536w, https:\/\/www.brebeuf.qc.ca\/collegial\/wp-content\/uploads\/sites\/2\/2026\/04\/Thespian-Photo-5-2048x1365.jpg 2048w\" sizes=\"(max-width: 1024px) 100vw, 1024px\" \/><\/a><\/figure><\/li><li class=\"blocks-gallery-item\"><figure><a href=\"https:\/\/www.brebeuf.qc.ca\/collegial\/wp-content\/uploads\/sites\/2\/2026\/04\/Thespian-Photo-4-1024x683.jpg\" data-rel=\"lightbox-image-7\" data-rl_title=\"\" data-rl_caption=\"\" title=\"\"><img loading=\"lazy\" width=\"1024\" height=\"683\" src=\"https:\/\/www.brebeuf.qc.ca\/collegial\/wp-content\/uploads\/sites\/2\/2026\/04\/Thespian-Photo-4-1024x683.jpg\" alt=\"\" data-id=\"9880\" data-link=\"https:\/\/www.brebeuf.qc.ca\/collegial\/vie-etudiante\/activites_socioculturelles_comites\/thespian-theatre-troupe-theatre-anglais\/thespian-photo-4\/\" class=\"wp-image-9880\" srcset=\"https:\/\/www.brebeuf.qc.ca\/collegial\/wp-content\/uploads\/sites\/2\/2026\/04\/Thespian-Photo-4-1024x683.jpg 1024w, https:\/\/www.brebeuf.qc.ca\/collegial\/wp-content\/uploads\/sites\/2\/2026\/04\/Thespian-Photo-4-300x200.jpg 300w, https:\/\/www.brebeuf.qc.ca\/collegial\/wp-content\/uploads\/sites\/2\/2026\/04\/Thespian-Photo-4-768x512.jpg 768w, https:\/\/www.brebeuf.qc.ca\/collegial\/wp-content\/uploads\/sites\/2\/2026\/04\/Thespian-Photo-4-1536x1024.jpg 1536w, https:\/\/www.brebeuf.qc.ca\/collegial\/wp-content\/uploads\/sites\/2\/2026\/04\/Thespian-Photo-4-2048x1365.jpg 2048w\" sizes=\"(max-width: 1024px) 100vw, 1024px\" \/><\/a><\/figure><\/li><\/ul><\/figure>\n\n\n\n<h2>Historique des pi\u00e8ces jou\u00e9es<\/h2>\n\n\n\n<ul><li>2009: American Beauty&nbsp;<\/li><li>2010: Donnie Darko<\/li><li>2011: Eternal Sunshine of the Spotless Mind<\/li><li>2012: Fahrenheit 451<\/li><li>2013: Moonrise Kingdom<\/li><li>2014: Daydream Nation<\/li><li>2015: Majora\u2019s Mask<\/li><li>2016: The Breakfast Club<\/li><li>2017: Ex_Machina<\/li><li>2018: Homecoming<\/li><li>2019: Superbad<\/li><li>2020: 15,000,000 Merits<\/li><li>2022: The Guilty<\/li><li>2023: San Junipero<\/li><li>2024: Community<\/li><li>2025: The Office<\/li><li>2026: Doctor Who<\/li><li>2027: Bottoms<\/li><\/ul>\n","protected":false},"excerpt":{"rendered":"<p>Thespian Theatre est une collaboration entre les \u00e9tudiant.e.s du coll\u00e8ge et plusieurs ancien.ne.s. \u00c9tablie en 2008, la troupe offre un atelier de production compl\u00e8te d\u2019une pi\u00e8ce de th\u00e9\u00e2tre permettant aussi aux participant.e.s. d\u2019am\u00e9liorer leur ma\u00eetrise de l\u2019anglais.&nbsp; Tous les aspects&#8230;<\/p>\n","protected":false},"author":3,"featured_media":9874,"parent":92,"menu_order":0,"comment_status":"closed","ping_status":"closed","template":"templates\/template-personnalisable.php","meta":{"_editorskit_title_hidden":false,"_editorskit_reading_time":1,"_editorskit_typography_data":[],"_editorskit_blocks_typography":""},"yoast_head":"<!-- This site is optimized with the Yoast SEO plugin v16.3 - https:\/\/yoast.com\/wordpress\/plugins\/seo\/ -->\n<title>Thespian Theatre - Th\u00e9\u00e2tre en anglais - Coll\u00e9gial<\/title>\n<meta name=\"robots\" content=\"index, follow, max-snippet:-1, max-image-preview:large, max-video-preview:-1\" \/>\n<link rel=\"canonical\" href=\"https:\/\/www.brebeuf.qc.ca\/collegial\/vie-etudiante\/activites_socioculturelles_comites\/thespian-theatre-troupe-theatre-anglais\/\" \/>\n<meta property=\"og:locale\" content=\"fr_FR\" \/>\n<meta property=\"og:type\" content=\"article\" \/>\n<meta property=\"og:title\" content=\"Thespian Theatre - Th\u00e9\u00e2tre en anglais - Coll\u00e9gial\" \/>\n<meta property=\"og:description\" content=\"Thespian Theatre est une collaboration entre les \u00e9tudiant.e.s du coll\u00e8ge et plusieurs ancien.ne.s. \u00c9tablie en 2008, la troupe offre un atelier de production compl\u00e8te d\u2019une pi\u00e8ce de th\u00e9\u00e2tre permettant aussi aux participant.e.s. d\u2019am\u00e9liorer leur ma\u00eetrise de l\u2019anglais.&nbsp; Tous les aspects...\" \/>\n<meta property=\"og:url\" content=\"https:\/\/www.brebeuf.qc.ca\/collegial\/vie-etudiante\/activites_socioculturelles_comites\/thespian-theatre-troupe-theatre-anglais\/\" \/>\n<meta property=\"og:site_name\" content=\"Coll\u00e9gial\" \/>\n<meta property=\"article:modified_time\" content=\"2026-04-29T21:15:16+00:00\" \/>\n<meta property=\"og:image\" content=\"https:\/\/www.brebeuf.qc.ca\/collegial\/wp-content\/uploads\/sites\/2\/2026\/04\/Thespian-Photo-7-scaled.jpg\" \/>\n\t<meta property=\"og:image:width\" content=\"2560\" \/>\n\t<meta property=\"og:image:height\" content=\"1707\" \/>\n<meta name=\"twitter:label1\" content=\"Dur\u00e9e de lecture est.\">\n\t<meta name=\"twitter:data1\" content=\"3 minutes\">\n<script type=\"application\/ld+json\" class=\"yoast-schema-graph\">{\"@context\":\"https:\/\/schema.org\",\"@graph\":[{\"@type\":\"WebSite\",\"@id\":\"https:\/\/www.brebeuf.qc.ca\/collegial\/#website\",\"url\":\"https:\/\/www.brebeuf.qc.ca\/collegial\/\",\"name\":\"Coll\\u00e9gial\",\"description\":\"Coll\\u00e8ge priv\\u00e9 | Secondaire | Coll\\u00e9gial\",\"potentialAction\":[{\"@type\":\"SearchAction\",\"target\":\"https:\/\/www.brebeuf.qc.ca\/collegial\/?s={search_term_string}\",\"query-input\":\"required name=search_term_string\"}],\"inLanguage\":\"fr-FR\"},{\"@type\":\"ImageObject\",\"@id\":\"https:\/\/www.brebeuf.qc.ca\/collegial\/vie-etudiante\/activites_socioculturelles_comites\/thespian-theatre-troupe-theatre-anglais\/#primaryimage\",\"inLanguage\":\"fr-FR\",\"url\":\"https:\/\/www.brebeuf.qc.ca\/collegial\/wp-content\/uploads\/sites\/2\/2026\/04\/Thespian-Photo-7-scaled.jpg\",\"contentUrl\":\"https:\/\/www.brebeuf.qc.ca\/collegial\/wp-content\/uploads\/sites\/2\/2026\/04\/Thespian-Photo-7-scaled.jpg\",\"width\":2560,\"height\":1707},{\"@type\":\"WebPage\",\"@id\":\"https:\/\/www.brebeuf.qc.ca\/collegial\/vie-etudiante\/activites_socioculturelles_comites\/thespian-theatre-troupe-theatre-anglais\/#webpage\",\"url\":\"https:\/\/www.brebeuf.qc.ca\/collegial\/vie-etudiante\/activites_socioculturelles_comites\/thespian-theatre-troupe-theatre-anglais\/\",\"name\":\"Thespian Theatre - Th\\u00e9\\u00e2tre en anglais - Coll\\u00e9gial\",\"isPartOf\":{\"@id\":\"https:\/\/www.brebeuf.qc.ca\/collegial\/#website\"},\"primaryImageOfPage\":{\"@id\":\"https:\/\/www.brebeuf.qc.ca\/collegial\/vie-etudiante\/activites_socioculturelles_comites\/thespian-theatre-troupe-theatre-anglais\/#primaryimage\"},\"datePublished\":\"2015-11-16T21:03:45+00:00\",\"dateModified\":\"2026-04-29T21:15:16+00:00\",\"breadcrumb\":{\"@id\":\"https:\/\/www.brebeuf.qc.ca\/collegial\/vie-etudiante\/activites_socioculturelles_comites\/thespian-theatre-troupe-theatre-anglais\/#breadcrumb\"},\"inLanguage\":\"fr-FR\",\"potentialAction\":[{\"@type\":\"ReadAction\",\"target\":[\"https:\/\/www.brebeuf.qc.ca\/collegial\/vie-etudiante\/activites_socioculturelles_comites\/thespian-theatre-troupe-theatre-anglais\/\"]}]},{\"@type\":\"BreadcrumbList\",\"@id\":\"https:\/\/www.brebeuf.qc.ca\/collegial\/vie-etudiante\/activites_socioculturelles_comites\/thespian-theatre-troupe-theatre-anglais\/#breadcrumb\",\"itemListElement\":[{\"@type\":\"ListItem\",\"position\":1,\"item\":{\"@type\":\"WebPage\",\"@id\":\"https:\/\/www.brebeuf.qc.ca\/collegial\/\",\"url\":\"https:\/\/www.brebeuf.qc.ca\/collegial\/\",\"name\":\"Home\"}},{\"@type\":\"ListItem\",\"position\":2,\"item\":{\"@type\":\"WebPage\",\"@id\":\"https:\/\/www.brebeuf.qc.ca\/collegial\/vie-etudiante\/\",\"url\":\"https:\/\/www.brebeuf.qc.ca\/collegial\/vie-etudiante\/\",\"name\":\"Vie \\u00e9tudiante\"}},{\"@type\":\"ListItem\",\"position\":3,\"item\":{\"@type\":\"WebPage\",\"@id\":\"https:\/\/www.brebeuf.qc.ca\/collegial\/vie-etudiante\/activites_socioculturelles_comites\/\",\"url\":\"https:\/\/www.brebeuf.qc.ca\/collegial\/vie-etudiante\/activites_socioculturelles_comites\/\",\"name\":\"Activit\\u00e9s socioculturelles et comit\\u00e9s\"}},{\"@type\":\"ListItem\",\"position\":4,\"item\":{\"@id\":\"https:\/\/www.brebeuf.qc.ca\/collegial\/vie-etudiante\/activites_socioculturelles_comites\/thespian-theatre-troupe-theatre-anglais\/#webpage\"}}]}]}<\/script>\n<!-- \/ Yoast SEO plugin. -->","_links":{"self":[{"href":"https:\/\/www.brebeuf.qc.ca\/collegial\/wp-json\/wp\/v2\/pages\/2214"}],"collection":[{"href":"https:\/\/www.brebeuf.qc.ca\/collegial\/wp-json\/wp\/v2\/pages"}],"about":[{"href":"https:\/\/www.brebeuf.qc.ca\/collegial\/wp-json\/wp\/v2\/types\/page"}],"author":[{"embeddable":true,"href":"https:\/\/www.brebeuf.qc.ca\/collegial\/wp-json\/wp\/v2\/users\/3"}],"replies":[{"embeddable":true,"href":"https:\/\/www.brebeuf.qc.ca\/collegial\/wp-json\/wp\/v2\/comments?post=2214"}],"version-history":[{"count":66,"href":"https:\/\/www.brebeuf.qc.ca\/collegial\/wp-json\/wp\/v2\/pages\/2214\/revisions"}],"predecessor-version":[{"id":9886,"href":"https:\/\/www.brebeuf.qc.ca\/collegial\/wp-json\/wp\/v2\/pages\/2214\/revisions\/9886"}],"up":[{"embeddable":true,"href":"https:\/\/www.brebeuf.qc.ca\/collegial\/wp-json\/wp\/v2\/pages\/92"}],"wp:featuredmedia":[{"embeddable":true,"href":"https:\/\/www.brebeuf.qc.ca\/collegial\/wp-json\/wp\/v2\/media\/9874"}],"wp:attachment":[{"href":"https:\/\/www.brebeuf.qc.ca\/collegial\/wp-json\/wp\/v2\/media?parent=2214"}],"curies":[{"name":"wp","href":"https:\/\/api.w.org\/{rel}","templated":true}]}}