{"id":2146,"date":"2015-11-09T19:39:10","date_gmt":"2015-11-09T19:39:10","guid":{"rendered":"http:\/\/www.brebeuf.qc.ca\/collegial\/?page_id=2146"},"modified":"2022-01-11T15:12:11","modified_gmt":"2022-01-11T15:12:11","slug":"cegeps-en-spectacle","status":"publish","type":"page","link":"https:\/\/www.brebeuf.qc.ca\/collegial\/vie-etudiante\/activites_socioculturelles_comites\/cegeps-en-spectacle\/","title":{"rendered":"C\u00c9GEPS EN SPECTACLE"},"content":{"rendered":"<h2 style=\"text-align: left\">C\u00e9geps en spectacle : le plus ancien et le plus prestigieux des concours \u00e9tudiants<\/h2>\n<p style=\"text-align: left\">Ce concours intercoll\u00e9gial am\u00e8ne les \u00e9tudiants passionn\u00e9s des arts \u00e0 performer sur sc\u00e8ne devant un public en d\u00e9lire. Participer \u00e0 C\u00e9geps en spectacle est une exp\u00e9rience enrichissante et unique pour tous. C\u2019est le moment de partager son talent et de laisser sa trace dans le monde du spectacle.<\/p>\n<p style=\"text-align: left\">Le Coll\u00e8ge Jean-de-Br\u00e9beuf est fier du talent de ses \u00e9tudiants. Que cela soit dans le domaine musical, de la danse ou de l\u2019humour, les \u00e9tudiants qui participent \u00e0 C\u00e9geps en spectacle en impressionnent plusieurs.<\/p>\n<p style=\"text-align: left\">Le concours se d\u00e9roule en trois \u00e9tapes, chacune devant favoriser l\u2019engagement et la participation des \u00e9tudiants dans tous les domaines du spectacle.<\/p>\n<ul>\n<li style=\"text-align: left\"><strong>Finales locales<\/strong> : se d\u00e9roulent \u00e0 l\u2019int\u00e9rieur de chacun des coll\u00e8ges membres; le jury s\u00e9lectionne un num\u00e9ro gagnant pour la finale r\u00e9gionale.<\/li>\n<li style=\"text-align: left\"><strong>Finales r\u00e9gionales<\/strong> : se d\u00e9roulent \u00e0 l\u2019int\u00e9rieur de chacune des cinq r\u00e9gions et regroupe les gagnantes et les gagnants locaux; deux num\u00e9ros gagnants sont s\u00e9lectionn\u00e9s pour la finale nationale.<\/li>\n<li style=\"text-align: left\"><strong>Finale nationale<\/strong> : se d\u00e9roule chaque ann\u00e9e dans une r\u00e9gion diff\u00e9rente et regroupe dix gagnantes et gagnants r\u00e9gionaux; trois num\u00e9ros gagnants sont choisis par les membres du jury.<\/li>\n<\/ul>\n<h3 style=\"text-align: left\">REPR\u00c9SENTATIONS<\/h3>\n<p style=\"text-align: left\">Nous soulignons en 2021-2022 la 25e finale locale au coll\u00e8ge! \u00c0 cette occasion, plusieurs anciens seront pr\u00e9sents pour cette soir\u00e9e qui s&rsquo;annonce festive et rassembleuse.<\/p>\n<ul style=\"text-align: left\">\n<li>Finale locale : 10 f\u00e9vrier 2022<\/li>\n<li>Finale r\u00e9gionale : 19 mars 2022<\/li>\n<li>Finale nationale : 30 avril 2022<\/li>\n<\/ul>\n<h3 style=\"text-align: left\">HISTORIQUE DE NOS GAGNANTS<\/h3>\n<ul>\n<li>La gagnante de la finale locale 2021: <strong>Elisa Bonin<\/strong><\/li>\n<li>La gagnante de la finale locale 2020: <strong>Alice Takser-Almanza<\/strong><\/li>\n<li style=\"text-align: left\">Les gagnants de la finale locale 2019 : <strong>Miro Nguyen, Vincent Isabel, C\u00e9dric Comte et J\u00e9r\u00e9mie Pinard<\/strong><\/li>\n<li style=\"text-align: left\">La gagnante de la finale locale 2018 : <strong>E<\/strong><strong>mily Oulousian<\/strong> &#8211;\u00a0<strong><a href=\"https:\/\/www.youtube.com\/watch?v=jNcEP_pnmfQ\" data-rel=\"lightbox-video-0\">Extrait<\/a><\/strong><\/li>\n<li style=\"text-align: left\">Le gagnant de la finale locale 2017 : <strong>Maxime Richard &#8211; \u00a0<a href=\"https:\/\/www.youtube.com\/watch?v=Z8hbro9QtRs&amp;t=23s\" data-rel=\"lightbox-video-1\">Extrait<\/a><\/strong><\/li>\n<li style=\"text-align: left\">Les gagnants de la finale locale 2016: <strong>Gali Bonin<\/strong> et <strong>Paul Provencher &#8211; <a href=\"https:\/\/www.youtube.com\/watch?v=D5T87WT3els\" data-rel=\"lightbox-video-2\">Extrait<\/a><\/strong><\/li>\n<li style=\"text-align: left\">Le gagnant de la finale locale 2015: <strong>Maxime Richard<\/strong><\/li>\n<\/ul>\n<hr \/>\n<h3 style=\"text-align: left\">POUR PLUS D\u2019INFORMATIONS<\/h3>\n<p><a href=\"https:\/\/riasq.qc.ca\/evenements\/cegeps-en-spectacle\" target=\"_blank\" rel=\"noopener noreferrer\">Le site web du RIASQ<\/a><\/p>\n","protected":false},"excerpt":{"rendered":"<p>C\u00e9geps en spectacle : le plus ancien et le plus prestigieux des concours \u00e9tudiants Ce concours intercoll\u00e9gial am\u00e8ne les \u00e9tudiants passionn\u00e9s des arts \u00e0 performer sur sc\u00e8ne devant un public en d\u00e9lire. Participer \u00e0 C\u00e9geps en spectacle est une exp\u00e9rience&#8230;<\/p>\n","protected":false},"author":3,"featured_media":2290,"parent":92,"menu_order":0,"comment_status":"closed","ping_status":"closed","template":"templates\/template-personnalisable.php","meta":{"_editorskit_title_hidden":false,"_editorskit_reading_time":1,"_editorskit_typography_data":[],"_editorskit_blocks_typography":""},"yoast_head":"<!-- This site is optimized with the Yoast SEO plugin v16.3 - https:\/\/yoast.com\/wordpress\/plugins\/seo\/ -->\n<title>C\u00c9GEPS EN SPECTACLE - Coll\u00e9gial<\/title>\n<meta name=\"robots\" content=\"index, follow, max-snippet:-1, max-image-preview:large, max-video-preview:-1\" \/>\n<link rel=\"canonical\" href=\"https:\/\/www.brebeuf.qc.ca\/collegial\/vie-etudiante\/activites_socioculturelles_comites\/cegeps-en-spectacle\/\" \/>\n<meta property=\"og:locale\" content=\"fr_FR\" \/>\n<meta property=\"og:type\" content=\"article\" \/>\n<meta property=\"og:title\" content=\"C\u00c9GEPS EN SPECTACLE - Coll\u00e9gial\" \/>\n<meta property=\"og:description\" content=\"C\u00e9geps en spectacle : le plus ancien et le plus prestigieux des concours \u00e9tudiants Ce concours intercoll\u00e9gial am\u00e8ne les \u00e9tudiants passionn\u00e9s des arts \u00e0 performer sur sc\u00e8ne devant un public en d\u00e9lire. Participer \u00e0 C\u00e9geps en spectacle est une exp\u00e9rience...\" \/>\n<meta property=\"og:url\" content=\"https:\/\/www.brebeuf.qc.ca\/collegial\/vie-etudiante\/activites_socioculturelles_comites\/cegeps-en-spectacle\/\" \/>\n<meta property=\"og:site_name\" content=\"Coll\u00e9gial\" \/>\n<meta property=\"article:modified_time\" content=\"2022-01-11T15:12:11+00:00\" \/>\n<meta property=\"og:image\" content=\"https:\/\/www.brebeuf.qc.ca\/collegial\/wp-content\/uploads\/sites\/2\/2015\/11\/Cegeps-en-spectacle.jpg\" \/>\n\t<meta property=\"og:image:width\" content=\"1400\" \/>\n\t<meta property=\"og:image:height\" content=\"240\" \/>\n<meta name=\"twitter:label1\" content=\"Dur\u00e9e de lecture est.\">\n\t<meta name=\"twitter:data1\" content=\"2 minutes\">\n<script type=\"application\/ld+json\" class=\"yoast-schema-graph\">{\"@context\":\"https:\/\/schema.org\",\"@graph\":[{\"@type\":\"WebSite\",\"@id\":\"https:\/\/www.brebeuf.qc.ca\/collegial\/#website\",\"url\":\"https:\/\/www.brebeuf.qc.ca\/collegial\/\",\"name\":\"Coll\\u00e9gial\",\"description\":\"Coll\\u00e8ge priv\\u00e9 | Secondaire | Coll\\u00e9gial\",\"potentialAction\":[{\"@type\":\"SearchAction\",\"target\":\"https:\/\/www.brebeuf.qc.ca\/collegial\/?s={search_term_string}\",\"query-input\":\"required name=search_term_string\"}],\"inLanguage\":\"fr-FR\"},{\"@type\":\"ImageObject\",\"@id\":\"https:\/\/www.brebeuf.qc.ca\/collegial\/vie-etudiante\/activites_socioculturelles_comites\/cegeps-en-spectacle\/#primaryimage\",\"inLanguage\":\"fr-FR\",\"url\":\"https:\/\/www.brebeuf.qc.ca\/collegial\/wp-content\/uploads\/sites\/2\/2015\/11\/Cegeps-en-spectacle.jpg\",\"contentUrl\":\"https:\/\/www.brebeuf.qc.ca\/collegial\/wp-content\/uploads\/sites\/2\/2015\/11\/Cegeps-en-spectacle.jpg\",\"width\":1400,\"height\":240},{\"@type\":\"WebPage\",\"@id\":\"https:\/\/www.brebeuf.qc.ca\/collegial\/vie-etudiante\/activites_socioculturelles_comites\/cegeps-en-spectacle\/#webpage\",\"url\":\"https:\/\/www.brebeuf.qc.ca\/collegial\/vie-etudiante\/activites_socioculturelles_comites\/cegeps-en-spectacle\/\",\"name\":\"C\\u00c9GEPS EN SPECTACLE - Coll\\u00e9gial\",\"isPartOf\":{\"@id\":\"https:\/\/www.brebeuf.qc.ca\/collegial\/#website\"},\"primaryImageOfPage\":{\"@id\":\"https:\/\/www.brebeuf.qc.ca\/collegial\/vie-etudiante\/activites_socioculturelles_comites\/cegeps-en-spectacle\/#primaryimage\"},\"datePublished\":\"2015-11-09T19:39:10+00:00\",\"dateModified\":\"2022-01-11T15:12:11+00:00\",\"breadcrumb\":{\"@id\":\"https:\/\/www.brebeuf.qc.ca\/collegial\/vie-etudiante\/activites_socioculturelles_comites\/cegeps-en-spectacle\/#breadcrumb\"},\"inLanguage\":\"fr-FR\",\"potentialAction\":[{\"@type\":\"ReadAction\",\"target\":[\"https:\/\/www.brebeuf.qc.ca\/collegial\/vie-etudiante\/activites_socioculturelles_comites\/cegeps-en-spectacle\/\"]}]},{\"@type\":\"BreadcrumbList\",\"@id\":\"https:\/\/www.brebeuf.qc.ca\/collegial\/vie-etudiante\/activites_socioculturelles_comites\/cegeps-en-spectacle\/#breadcrumb\",\"itemListElement\":[{\"@type\":\"ListItem\",\"position\":1,\"item\":{\"@type\":\"WebPage\",\"@id\":\"https:\/\/www.brebeuf.qc.ca\/collegial\/\",\"url\":\"https:\/\/www.brebeuf.qc.ca\/collegial\/\",\"name\":\"Home\"}},{\"@type\":\"ListItem\",\"position\":2,\"item\":{\"@type\":\"WebPage\",\"@id\":\"https:\/\/www.brebeuf.qc.ca\/collegial\/vie-etudiante\/\",\"url\":\"https:\/\/www.brebeuf.qc.ca\/collegial\/vie-etudiante\/\",\"name\":\"Vie \\u00e9tudiante\"}},{\"@type\":\"ListItem\",\"position\":3,\"item\":{\"@type\":\"WebPage\",\"@id\":\"https:\/\/www.brebeuf.qc.ca\/collegial\/vie-etudiante\/activites_socioculturelles_comites\/\",\"url\":\"https:\/\/www.brebeuf.qc.ca\/collegial\/vie-etudiante\/activites_socioculturelles_comites\/\",\"name\":\"Activit\\u00e9s socioculturelles et comit\\u00e9s\"}},{\"@type\":\"ListItem\",\"position\":4,\"item\":{\"@id\":\"https:\/\/www.brebeuf.qc.ca\/collegial\/vie-etudiante\/activites_socioculturelles_comites\/cegeps-en-spectacle\/#webpage\"}}]}]}<\/script>\n<!-- \/ Yoast SEO plugin. -->","_links":{"self":[{"href":"https:\/\/www.brebeuf.qc.ca\/collegial\/wp-json\/wp\/v2\/pages\/2146"}],"collection":[{"href":"https:\/\/www.brebeuf.qc.ca\/collegial\/wp-json\/wp\/v2\/pages"}],"about":[{"href":"https:\/\/www.brebeuf.qc.ca\/collegial\/wp-json\/wp\/v2\/types\/page"}],"author":[{"embeddable":true,"href":"https:\/\/www.brebeuf.qc.ca\/collegial\/wp-json\/wp\/v2\/users\/3"}],"replies":[{"embeddable":true,"href":"https:\/\/www.brebeuf.qc.ca\/collegial\/wp-json\/wp\/v2\/comments?post=2146"}],"version-history":[{"count":20,"href":"https:\/\/www.brebeuf.qc.ca\/collegial\/wp-json\/wp\/v2\/pages\/2146\/revisions"}],"predecessor-version":[{"id":6388,"href":"https:\/\/www.brebeuf.qc.ca\/collegial\/wp-json\/wp\/v2\/pages\/2146\/revisions\/6388"}],"up":[{"embeddable":true,"href":"https:\/\/www.brebeuf.qc.ca\/collegial\/wp-json\/wp\/v2\/pages\/92"}],"wp:featuredmedia":[{"embeddable":true,"href":"https:\/\/www.brebeuf.qc.ca\/collegial\/wp-json\/wp\/v2\/media\/2290"}],"wp:attachment":[{"href":"https:\/\/www.brebeuf.qc.ca\/collegial\/wp-json\/wp\/v2\/media?parent=2146"}],"curies":[{"name":"wp","href":"https:\/\/api.w.org\/{rel}","templated":true}]}}