{"id":1775,"date":"2015-07-27T17:25:03","date_gmt":"2015-07-27T17:25:03","guid":{"rendered":"http:\/\/www.brebeuf.qc.ca\/collegial\/?page_id=1775"},"modified":"2018-10-05T13:06:01","modified_gmt":"2018-10-05T13:06:01","slug":"la-preparation-aux-etudes-universitaires","status":"publish","type":"page","link":"https:\/\/www.brebeuf.qc.ca\/collegial\/la-preparation-aux-etudes-universitaires\/","title":{"rendered":"La pr\u00e9paration aux \u00e9tudes universitaires"},"content":{"rendered":"<p>L\u2019immense majorit\u00e9 des dipl\u00f4m\u00e9s du Coll\u00e8ge poursuivront leurs \u00e9tudes \u00e0 l\u2019universit\u00e9, tr\u00e8s souvent au deuxi\u00e8me et au troisi\u00e8me cycle. Apr\u00e8s Br\u00e9beuf, nos \u00e9tudiants r\u00e9ussissent particuli\u00e8rement bien dans leurs \u00e9tudes. Pourquoi\u00a0?<\/p>\n<p>&nbsp;<\/p>\n<p><strong>Parce qu\u2019\u00e0 Br\u00e9beuf, les \u00e9tudiants font un apprentissage rigoureux des contenus et des m\u00e9thodes de travail disciplinaires.<\/strong> Le contenu des cours est riche et le lien entre les apprentissages est solide.<\/p>\n<p>&nbsp;<\/p>\n<p><strong>Parce que les \u00e9tudiants de Br\u00e9beuf doivent constamment \u00eatre soucieux de la qualit\u00e9 de leur fran\u00e7ais.<\/strong> Une solide ma\u00eetrise de l\u2019expression \u00e9crite et orale, en particulier en fran\u00e7ais, est indispensable \u00e0 la pleine r\u00e9ussite de ses \u00e9tudes universitaires puis, ultimement, au succ\u00e8s professionnel. \u00c0 Br\u00e9beuf, les professeurs sont soucieux de cette r\u00e9alit\u00e9. Il faut aussi rappeler que la r\u00e9ussite \u00e0 l\u2019\u00e9preuve uniforme de fran\u00e7ais, \u00e0 la fin du coll\u00e9gial, est une condition d\u2019obtention du DEC. \u00c0 ce propos, les \u00e9tudiants de Br\u00e9beuf sont, bon an mal an, 97% \u00e0 r\u00e9ussir leur \u00e9preuve uniforme de fran\u00e7ais, un r\u00e9sultat exceptionnel dans le r\u00e9seau coll\u00e9gial qu\u00e9b\u00e9cois.<\/p>\n<p>&nbsp;<\/p>\n<p><strong>Parce qu\u2019\u00e0 Br\u00e9beuf, on encourage une solide ma\u00eetrise de l\u2019anglais.<\/strong> Une excellente connaissance de l\u2019anglais est, dans plusieurs domaines universitaires, indispensable \u00e0 la r\u00e9ussite. Il ne s\u2019agit d\u2019ailleurs pas seulement de ma\u00eetriser la langue seconde \u00ab\u00a0quotidienne\u00a0\u00bb, mais aussi de conna\u00eetre le lexique propre \u00e0 son domaine scientifique. Les professeurs\u00a0de Br\u00e9beuf\u00a0sont encourag\u00e9s \u00e0 faire lire des articles scientifiques dans la langue de Shakespeare. De plus, pour ceux qui veulent d\u00e9velopper encore plus loin\u00a0leurs habilet\u00e9s en anglais, certaines activit\u00e9s parascolaires permettent de d\u00e9velopper ce talent.<\/p>\n<p>&nbsp;<\/p>\n<p><strong>Parce qu\u2019\u00e0 Br\u00e9beuf, on prend au s\u00e9rieux la ma\u00eetrise des technologies de l\u2019information et des techniques de recherche documentaire.<\/strong> L\u2019utilisation pouss\u00e9e des outils informatiques est indispensable \u00e0 la r\u00e9ussite des \u00e9tudes sup\u00e9rieures. En effet, il s\u2019agit de savoir traiter de l\u2019information de mani\u00e8re rapide et claire. Les besoins dans la ma\u00eetrise des outils informatiques ne sont bien entendu pas les m\u00eames en sciences de la nature, en sciences humaines ou dans le domaine des arts; aussi faut-il que l\u2019apprentissage soit diff\u00e9renci\u00e9 selon le domaine d\u2019\u00e9tudes. Face au \u00ab\u00a0d\u00e9fi informatique\u00a0\u00bb, Br\u00e9beuf a mis en place une solution unique dans le r\u00e9seau coll\u00e9gial\u00a0: la formation Magellan. Offerte en premi\u00e8re ann\u00e9e, les apprentissages qui y sont acquis sont imm\u00e9diatement repris dans les autres cours de la formation de l\u2019\u00e9tudiant. Magellan permet aussi \u00e0 l\u2019\u00e9tudiant de d\u00e9velopper ses techniques de recherche documentaire, ce qui constitue une condition n\u00e9cessaire \u00e0\u00a0la r\u00e9ussite de ses \u00e9tudes universitaires.<\/p>\n<p>&nbsp;<\/p>\n<p><strong>Parce qu\u2019\u00e0 Br\u00e9beuf, il est possible pour chacun de pousser plus loin son int\u00e9r\u00eat pour une discipline.<\/strong> Vous \u00eates passionn\u00e9 par la recherche scientifique en chimie ou en biologie? Par le droit ou par les probl\u00e8mes \u00e9thiques abord\u00e9s par la philosophie\u00a0? Vous avez du talent en litt\u00e9rature ou en \u00e9criture journalistique et vous voulez rencontrer des coll\u00e8gues qui partagent ces passions. Vous aimez participer \u00e0 des concours en math\u00e9matiques\u00a0? Peut-\u00eatre est-ce le th\u00e9\u00e2tre ou plut\u00f4t les sciences politiques qui vous enthousiasment\u00a0? \u00c0 Br\u00e9beuf, dans ces domaines et dans bien d\u2019autres, des activit\u00e9s sont organis\u00e9es, la plupart dirig\u00e9es par des professeurs, vont permettant d\u2019aller au bout de vos passions. Participer \u00e0 des activit\u00e9s paraacad\u00e9miques, c\u2019est une mani\u00e8re diff\u00e9rente, particuli\u00e8rement stimulante, de se pr\u00e9parer aux \u00e9tudes sup\u00e9rieures, d\u2019en conna\u00eetre un peu plus long sur un sujet, parfois par le biais de domaines de pointe.<\/p>\n<p>&nbsp;<\/p>\n<p><strong>Parce qu\u2019\u00e0 Br\u00e9beuf, vous serez parmi les meilleurs\u00a0!<\/strong> Une fa\u00e7on de bien se pr\u00e9parer aux \u00e9tudes sup\u00e9rieures, c\u2019est de participer \u00e0 un milieu stimulant, tourn\u00e9 vers la r\u00e9ussite.<\/p>\n","protected":false},"excerpt":{"rendered":"<p>L\u2019immense majorit\u00e9 des dipl\u00f4m\u00e9s du Coll\u00e8ge poursuivront leurs \u00e9tudes \u00e0 l\u2019universit\u00e9, tr\u00e8s souvent au deuxi\u00e8me et au troisi\u00e8me cycle. Apr\u00e8s Br\u00e9beuf, nos \u00e9tudiants r\u00e9ussissent particuli\u00e8rement bien dans leurs \u00e9tudes. Pourquoi\u00a0? &nbsp; Parce qu\u2019\u00e0 Br\u00e9beuf, les \u00e9tudiants font un apprentissage rigoureux&#8230;<\/p>\n","protected":false},"author":15,"featured_media":0,"parent":0,"menu_order":30,"comment_status":"closed","ping_status":"closed","template":"templates\/template-generique.php","meta":{"_editorskit_title_hidden":false,"_editorskit_reading_time":0,"_editorskit_typography_data":[],"_editorskit_blocks_typography":""},"yoast_head":"<!-- This site is optimized with the Yoast SEO plugin v16.3 - https:\/\/yoast.com\/wordpress\/plugins\/seo\/ -->\n<title>La pr\u00e9paration aux \u00e9tudes universitaires - Coll\u00e9gial<\/title>\n<meta name=\"robots\" content=\"index, follow, max-snippet:-1, max-image-preview:large, max-video-preview:-1\" \/>\n<link rel=\"canonical\" href=\"https:\/\/www.brebeuf.qc.ca\/collegial\/la-preparation-aux-etudes-universitaires\/\" \/>\n<meta property=\"og:locale\" content=\"fr_FR\" \/>\n<meta property=\"og:type\" content=\"article\" \/>\n<meta property=\"og:title\" content=\"La pr\u00e9paration aux \u00e9tudes universitaires - Coll\u00e9gial\" \/>\n<meta property=\"og:description\" content=\"L\u2019immense majorit\u00e9 des dipl\u00f4m\u00e9s du Coll\u00e8ge poursuivront leurs \u00e9tudes \u00e0 l\u2019universit\u00e9, tr\u00e8s souvent au deuxi\u00e8me et au troisi\u00e8me cycle. Apr\u00e8s Br\u00e9beuf, nos \u00e9tudiants r\u00e9ussissent particuli\u00e8rement bien dans leurs \u00e9tudes. Pourquoi\u00a0? &nbsp; Parce qu\u2019\u00e0 Br\u00e9beuf, les \u00e9tudiants font un apprentissage rigoureux...\" \/>\n<meta property=\"og:url\" content=\"https:\/\/www.brebeuf.qc.ca\/collegial\/la-preparation-aux-etudes-universitaires\/\" \/>\n<meta property=\"og:site_name\" content=\"Coll\u00e9gial\" \/>\n<meta property=\"article:modified_time\" content=\"2018-10-05T13:06:01+00:00\" \/>\n<meta name=\"twitter:label1\" content=\"Dur\u00e9e de lecture est.\">\n\t<meta name=\"twitter:data1\" content=\"3 minutes\">\n<script type=\"application\/ld+json\" class=\"yoast-schema-graph\">{\"@context\":\"https:\/\/schema.org\",\"@graph\":[{\"@type\":\"WebSite\",\"@id\":\"https:\/\/www.brebeuf.qc.ca\/collegial\/#website\",\"url\":\"https:\/\/www.brebeuf.qc.ca\/collegial\/\",\"name\":\"Coll\\u00e9gial\",\"description\":\"Coll\\u00e8ge priv\\u00e9 | Secondaire | Coll\\u00e9gial\",\"potentialAction\":[{\"@type\":\"SearchAction\",\"target\":\"https:\/\/www.brebeuf.qc.ca\/collegial\/?s={search_term_string}\",\"query-input\":\"required name=search_term_string\"}],\"inLanguage\":\"fr-FR\"},{\"@type\":\"WebPage\",\"@id\":\"https:\/\/www.brebeuf.qc.ca\/collegial\/la-preparation-aux-etudes-universitaires\/#webpage\",\"url\":\"https:\/\/www.brebeuf.qc.ca\/collegial\/la-preparation-aux-etudes-universitaires\/\",\"name\":\"La pr\\u00e9paration aux \\u00e9tudes universitaires - Coll\\u00e9gial\",\"isPartOf\":{\"@id\":\"https:\/\/www.brebeuf.qc.ca\/collegial\/#website\"},\"datePublished\":\"2015-07-27T17:25:03+00:00\",\"dateModified\":\"2018-10-05T13:06:01+00:00\",\"breadcrumb\":{\"@id\":\"https:\/\/www.brebeuf.qc.ca\/collegial\/la-preparation-aux-etudes-universitaires\/#breadcrumb\"},\"inLanguage\":\"fr-FR\",\"potentialAction\":[{\"@type\":\"ReadAction\",\"target\":[\"https:\/\/www.brebeuf.qc.ca\/collegial\/la-preparation-aux-etudes-universitaires\/\"]}]},{\"@type\":\"BreadcrumbList\",\"@id\":\"https:\/\/www.brebeuf.qc.ca\/collegial\/la-preparation-aux-etudes-universitaires\/#breadcrumb\",\"itemListElement\":[{\"@type\":\"ListItem\",\"position\":1,\"item\":{\"@type\":\"WebPage\",\"@id\":\"https:\/\/www.brebeuf.qc.ca\/collegial\/\",\"url\":\"https:\/\/www.brebeuf.qc.ca\/collegial\/\",\"name\":\"Home\"}},{\"@type\":\"ListItem\",\"position\":2,\"item\":{\"@id\":\"https:\/\/www.brebeuf.qc.ca\/collegial\/la-preparation-aux-etudes-universitaires\/#webpage\"}}]}]}<\/script>\n<!-- \/ Yoast SEO plugin. -->","_links":{"self":[{"href":"https:\/\/www.brebeuf.qc.ca\/collegial\/wp-json\/wp\/v2\/pages\/1775"}],"collection":[{"href":"https:\/\/www.brebeuf.qc.ca\/collegial\/wp-json\/wp\/v2\/pages"}],"about":[{"href":"https:\/\/www.brebeuf.qc.ca\/collegial\/wp-json\/wp\/v2\/types\/page"}],"author":[{"embeddable":true,"href":"https:\/\/www.brebeuf.qc.ca\/collegial\/wp-json\/wp\/v2\/users\/15"}],"replies":[{"embeddable":true,"href":"https:\/\/www.brebeuf.qc.ca\/collegial\/wp-json\/wp\/v2\/comments?post=1775"}],"version-history":[{"count":1,"href":"https:\/\/www.brebeuf.qc.ca\/collegial\/wp-json\/wp\/v2\/pages\/1775\/revisions"}],"predecessor-version":[{"id":1776,"href":"https:\/\/www.brebeuf.qc.ca\/collegial\/wp-json\/wp\/v2\/pages\/1775\/revisions\/1776"}],"wp:attachment":[{"href":"https:\/\/www.brebeuf.qc.ca\/collegial\/wp-json\/wp\/v2\/media?parent=1775"}],"curies":[{"name":"wp","href":"https:\/\/api.w.org\/{rel}","templated":true}]}}