{"id":1674,"date":"2015-03-31T15:21:33","date_gmt":"2015-03-31T15:21:33","guid":{"rendered":"http:\/\/www.brebeuf.qc.ca\/collegial\/?page_id=1674"},"modified":"2025-08-21T18:20:32","modified_gmt":"2025-08-21T18:20:32","slug":"sports-participatifs","status":"publish","type":"page","link":"https:\/\/www.brebeuf.qc.ca\/collegial\/vie-etudiante\/sports\/sports-participatifs\/","title":{"rendered":"Salle d&rsquo;entra\u00eenement et sports participatifs"},"content":{"rendered":"\n<h2><span id=\"Activites_recreatives\">Activit\u00e9s r\u00e9cr\u00e9atives<\/span><\/h2>\n\n\n\n<p>Le Coll\u00e8ge offre aux \u00e9tudiants plusieurs activit\u00e9s r\u00e9cr\u00e9atives et intramuros. Des ligues et des tournois sont organis\u00e9s par l\u2019AGEB et le service des sports (ex : hockey f\u00e9minin et masculin, basket 3 vs 3, volleyball, hockey cosom, badminton, soccer int\u00e9rieur\u2026). Les \u00e9tudiants sont invit\u00e9s \u00e0 partager leurs id\u00e9es et \u00e0 mettre sur pied des activit\u00e9s avec la collaboration de<strong>&nbsp;<\/strong>Maxime Laforest-de Feydeau (local J1-20, poste t\u00e9l\u00e9phonique 5246).<\/p>\n\n\n\n<h2><span id=\"Salle_dentrainement\">Salle d\u2019entra\u00eenement<\/span><\/h2>\n\n\n\n<ul><li>Questionnaire sur l&rsquo;aptitude \u00e0 l&rsquo;activit\u00e9 physique <a href=\"https:\/\/www.brebeuf.qc.ca\/wp-content\/uploads\/2025\/08\/Q-AAP.pdf\" class=\"ek-link\">T\u00e9l\u00e9charger le (PDF)<\/a><\/li><li>Horaire d&rsquo;entrainement automne 2025 <a href=\"https:\/\/www.brebeuf.qc.ca\/wp-content\/uploads\/2025\/08\/Horaire-salle-entrainement-Automne-2025..pdf\" class=\"ek-link\">T\u00e9l\u00e9charger le PDF<\/a><\/li><li><a href=\"https:\/\/www.brebeuf.qc.ca\/wp-content\/uploads\/2025\/08\/Info-employes-salle-entrainement-A2025.pdf\" class=\"ek-link\">Information pour les employ\u00e9s (PDF)<\/a><\/li><\/ul>\n\n\n\n<p>Tous les jours, la salle d\u2019entra\u00eenement offre plusieurs p\u00e9riodes d\u2019entra\u00eenement libre aux \u00e9tudiants et aux membres du personnel. Elle est \u00e9quip\u00e9e de plus de 75 appareils, dont 37 de type cardio-vasculaire.<\/p>\n\n\n\n<p>Les \u00e9tudiants-athl\u00e8tes des \u00e9quipes intercoll\u00e9giales b\u00e9n\u00e9ficient d\u2019un suivi particulier avec les entra\u00eeneurs et de programmes d\u2019entra\u00eenement sp\u00e9cifiques \u00e0 leur discipline. L\u2019entra\u00eenement physique est essentiel pour \u00eatre comp\u00e9titif. Ainsi, nous encourageons les \u00e9quipes \u00e0 s\u2019entra\u00eener avant, pendant et apr\u00e8s leur saison.<\/p>\n\n\n\n<h3>Entra\u00eeneurs<\/h3>\n\n\n\n<p><strong>Maxime Laforest-de Feydeau<\/strong> 514-342-9342, poste 5246<br><a href=\"mailto:Maxime.laforest-de-feydeau@brebeuf.qc.ca\">Maxime.laforest-de-feydeau@brebeuf.qc.ca<\/a><\/p>\n\n\n\n<p><strong>Edera Lancione <\/strong>514-342-9342, poste 5244<br><a href=\"mailto:Edera.lancione@brebeuf.qc.ca\">Edera.lancione@brebeuf.qc.ca<\/a><\/p>\n<div id=\"toc_container\" class=\"no_bullets\"><p class=\"toc_title\">Sommaire<\/p><ul class=\"toc_list\"><li><a href=\"#Activites_recreatives\">Activit\u00e9s r\u00e9cr\u00e9atives<\/a><\/li><li><a href=\"#Salle_dentrainement\">Salle d\u2019entra\u00eenement<\/a><\/li><\/ul><\/div>\n","protected":false},"excerpt":{"rendered":"<p>Activit\u00e9s r\u00e9cr\u00e9atives Le Coll\u00e8ge offre aux \u00e9tudiants plusieurs activit\u00e9s r\u00e9cr\u00e9atives et intramuros. Des ligues et des tournois sont organis\u00e9s par l\u2019AGEB et le service des sports (ex : hockey f\u00e9minin et masculin, basket 3 vs 3, volleyball, hockey cosom, badminton,&#8230;<\/p>\n","protected":false},"author":3,"featured_media":6852,"parent":100,"menu_order":0,"comment_status":"closed","ping_status":"closed","template":"templates\/template-personnalisable.php","meta":{"_editorskit_title_hidden":false,"_editorskit_reading_time":1,"_editorskit_typography_data":[],"_editorskit_blocks_typography":""},"yoast_head":"<!-- This site is optimized with the Yoast SEO plugin v16.3 - https:\/\/yoast.com\/wordpress\/plugins\/seo\/ -->\n<title>Salle d&#039;entra\u00eenement et sports participatifs - Coll\u00e9gial<\/title>\n<meta name=\"robots\" content=\"index, follow, max-snippet:-1, max-image-preview:large, max-video-preview:-1\" \/>\n<link rel=\"canonical\" href=\"https:\/\/www.brebeuf.qc.ca\/collegial\/vie-etudiante\/sports\/sports-participatifs\/\" \/>\n<meta property=\"og:locale\" content=\"fr_FR\" \/>\n<meta property=\"og:type\" content=\"article\" \/>\n<meta property=\"og:title\" content=\"Salle d&#039;entra\u00eenement et sports participatifs - Coll\u00e9gial\" \/>\n<meta property=\"og:description\" content=\"Activit\u00e9s r\u00e9cr\u00e9atives Le Coll\u00e8ge offre aux \u00e9tudiants plusieurs activit\u00e9s r\u00e9cr\u00e9atives et intramuros. Des ligues et des tournois sont organis\u00e9s par l\u2019AGEB et le service des sports (ex : hockey f\u00e9minin et masculin, basket 3 vs 3, volleyball, hockey cosom, badminton,...\" \/>\n<meta property=\"og:url\" content=\"https:\/\/www.brebeuf.qc.ca\/collegial\/vie-etudiante\/sports\/sports-participatifs\/\" \/>\n<meta property=\"og:site_name\" content=\"Coll\u00e9gial\" \/>\n<meta property=\"article:modified_time\" content=\"2025-08-21T18:20:32+00:00\" \/>\n<meta property=\"og:image\" content=\"https:\/\/www.brebeuf.qc.ca\/collegial\/wp-content\/uploads\/sites\/2\/2022\/08\/salle_entrainement.jpg\" \/>\n\t<meta property=\"og:image:width\" content=\"1400\" \/>\n\t<meta property=\"og:image:height\" content=\"240\" \/>\n<meta name=\"twitter:label1\" content=\"Dur\u00e9e de lecture est.\">\n\t<meta name=\"twitter:data1\" content=\"1 minute\">\n<script type=\"application\/ld+json\" class=\"yoast-schema-graph\">{\"@context\":\"https:\/\/schema.org\",\"@graph\":[{\"@type\":\"WebSite\",\"@id\":\"https:\/\/www.brebeuf.qc.ca\/collegial\/#website\",\"url\":\"https:\/\/www.brebeuf.qc.ca\/collegial\/\",\"name\":\"Coll\\u00e9gial\",\"description\":\"Coll\\u00e8ge priv\\u00e9 | Secondaire | Coll\\u00e9gial\",\"potentialAction\":[{\"@type\":\"SearchAction\",\"target\":\"https:\/\/www.brebeuf.qc.ca\/collegial\/?s={search_term_string}\",\"query-input\":\"required name=search_term_string\"}],\"inLanguage\":\"fr-FR\"},{\"@type\":\"ImageObject\",\"@id\":\"https:\/\/www.brebeuf.qc.ca\/collegial\/vie-etudiante\/sports\/sports-participatifs\/#primaryimage\",\"inLanguage\":\"fr-FR\",\"url\":\"https:\/\/www.brebeuf.qc.ca\/collegial\/wp-content\/uploads\/sites\/2\/2022\/08\/salle_entrainement.jpg\",\"contentUrl\":\"https:\/\/www.brebeuf.qc.ca\/collegial\/wp-content\/uploads\/sites\/2\/2022\/08\/salle_entrainement.jpg\",\"width\":1400,\"height\":240},{\"@type\":\"WebPage\",\"@id\":\"https:\/\/www.brebeuf.qc.ca\/collegial\/vie-etudiante\/sports\/sports-participatifs\/#webpage\",\"url\":\"https:\/\/www.brebeuf.qc.ca\/collegial\/vie-etudiante\/sports\/sports-participatifs\/\",\"name\":\"Salle d'entra\\u00eenement et sports participatifs - Coll\\u00e9gial\",\"isPartOf\":{\"@id\":\"https:\/\/www.brebeuf.qc.ca\/collegial\/#website\"},\"primaryImageOfPage\":{\"@id\":\"https:\/\/www.brebeuf.qc.ca\/collegial\/vie-etudiante\/sports\/sports-participatifs\/#primaryimage\"},\"datePublished\":\"2015-03-31T15:21:33+00:00\",\"dateModified\":\"2025-08-21T18:20:32+00:00\",\"breadcrumb\":{\"@id\":\"https:\/\/www.brebeuf.qc.ca\/collegial\/vie-etudiante\/sports\/sports-participatifs\/#breadcrumb\"},\"inLanguage\":\"fr-FR\",\"potentialAction\":[{\"@type\":\"ReadAction\",\"target\":[\"https:\/\/www.brebeuf.qc.ca\/collegial\/vie-etudiante\/sports\/sports-participatifs\/\"]}]},{\"@type\":\"BreadcrumbList\",\"@id\":\"https:\/\/www.brebeuf.qc.ca\/collegial\/vie-etudiante\/sports\/sports-participatifs\/#breadcrumb\",\"itemListElement\":[{\"@type\":\"ListItem\",\"position\":1,\"item\":{\"@type\":\"WebPage\",\"@id\":\"https:\/\/www.brebeuf.qc.ca\/collegial\/\",\"url\":\"https:\/\/www.brebeuf.qc.ca\/collegial\/\",\"name\":\"Home\"}},{\"@type\":\"ListItem\",\"position\":2,\"item\":{\"@type\":\"WebPage\",\"@id\":\"https:\/\/www.brebeuf.qc.ca\/collegial\/vie-etudiante\/\",\"url\":\"https:\/\/www.brebeuf.qc.ca\/collegial\/vie-etudiante\/\",\"name\":\"Vie \\u00e9tudiante\"}},{\"@type\":\"ListItem\",\"position\":3,\"item\":{\"@type\":\"WebPage\",\"@id\":\"https:\/\/www.brebeuf.qc.ca\/collegial\/vie-etudiante\/sports\/\",\"url\":\"https:\/\/www.brebeuf.qc.ca\/collegial\/vie-etudiante\/sports\/\",\"name\":\"Sports au coll\\u00e9gial\"}},{\"@type\":\"ListItem\",\"position\":4,\"item\":{\"@id\":\"https:\/\/www.brebeuf.qc.ca\/collegial\/vie-etudiante\/sports\/sports-participatifs\/#webpage\"}}]}]}<\/script>\n<!-- \/ Yoast SEO plugin. -->","_links":{"self":[{"href":"https:\/\/www.brebeuf.qc.ca\/collegial\/wp-json\/wp\/v2\/pages\/1674"}],"collection":[{"href":"https:\/\/www.brebeuf.qc.ca\/collegial\/wp-json\/wp\/v2\/pages"}],"about":[{"href":"https:\/\/www.brebeuf.qc.ca\/collegial\/wp-json\/wp\/v2\/types\/page"}],"author":[{"embeddable":true,"href":"https:\/\/www.brebeuf.qc.ca\/collegial\/wp-json\/wp\/v2\/users\/3"}],"replies":[{"embeddable":true,"href":"https:\/\/www.brebeuf.qc.ca\/collegial\/wp-json\/wp\/v2\/comments?post=1674"}],"version-history":[{"count":24,"href":"https:\/\/www.brebeuf.qc.ca\/collegial\/wp-json\/wp\/v2\/pages\/1674\/revisions"}],"predecessor-version":[{"id":8993,"href":"https:\/\/www.brebeuf.qc.ca\/collegial\/wp-json\/wp\/v2\/pages\/1674\/revisions\/8993"}],"up":[{"embeddable":true,"href":"https:\/\/www.brebeuf.qc.ca\/collegial\/wp-json\/wp\/v2\/pages\/100"}],"wp:featuredmedia":[{"embeddable":true,"href":"https:\/\/www.brebeuf.qc.ca\/collegial\/wp-json\/wp\/v2\/media\/6852"}],"wp:attachment":[{"href":"https:\/\/www.brebeuf.qc.ca\/collegial\/wp-json\/wp\/v2\/media?parent=1674"}],"curies":[{"name":"wp","href":"https:\/\/api.w.org\/{rel}","templated":true}]}}