{"id":137,"date":"2014-08-08T16:04:08","date_gmt":"2014-08-08T16:04:08","guid":{"rendered":"http:\/\/www.brebeuf.qc.ca\/collegial\/?page_id=137"},"modified":"2024-07-11T19:56:56","modified_gmt":"2024-07-11T19:56:56","slug":"avantage-brebeuf","status":"publish","type":"page","link":"https:\/\/www.brebeuf.qc.ca\/collegial\/avantage-brebeuf\/","title":{"rendered":"L&rsquo;avantage Br\u00e9beuf"},"content":{"rendered":"\n<hr class=\"wp-block-separator\" \/>\n\n\n\n<h1>10 raisons de choisir Br\u00e9beuf au coll\u00e9gial<\/h1>\n\n\n\n<hr class=\"wp-block-separator\" \/>\n\n\n\n<figure class=\"wp-block-embed is-type-video is-provider-youtube wp-block-embed-youtube wp-embed-aspect-16-9 wp-has-aspect-ratio\"><div class=\"wp-block-embed__wrapper\">\n<iframe loading=\"lazy\" title=\"Tracer sa voie au Coll\u00e8ge Br\u00e9beuf\" width=\"1140\" height=\"641\" src=\"https:\/\/www.youtube.com\/embed\/CI4jem2ZK0E?feature=oembed\" frameborder=\"0\" allow=\"accelerometer; autoplay; clipboard-write; encrypted-media; gyroscope; picture-in-picture; web-share\" allowfullscreen><\/iframe>\n<\/div><\/figure>\n\n\n\n<hr class=\"wp-block-separator\" \/>\n\n\n\n<p>Choisir le bon coll\u00e8ge, celui qui conviendra \u00e0 ta personnalit\u00e9 et \u00e0 tes int\u00e9r\u00eats, voil\u00e0 l\u2019une des d\u00e9cisions les plus importantes que tu auras \u00e0 prendre pendant ta vie.<\/p>\n\n\n\n<p>Si tu comptes poursuivre tes \u00e9tudes \u00e0 l\u2019universit\u00e9, si tu es <strong>curieux<\/strong> intellectuellement, pr\u00eat \u00e0 <strong>travailler<\/strong> <strong>pour<\/strong> <strong>r\u00e9ussir<\/strong> et que tu veux choisir un coll\u00e8ge qui soit \u00e9galement un <strong>milieu de vie<\/strong>, Br\u00e9beuf est probablement fait pour toi.<\/p>\n\n\n\n<hr class=\"wp-block-separator\" \/>\n\n\n\n<h2><span id=\"1_La_qualite_de_la_formation_tout_simplement\">1. La qualit\u00e9 de la formation, tout simplement<\/span><\/h2>\n\n\n\n<p>La r\u00e9putation de l\u2019enseignement dispens\u00e9 \u00e0 Br\u00e9beuf n\u2019est plus \u00e0 faire.<\/p>\n\n\n\n<p>Choisir un coll\u00e8ge, c\u2019est d\u2019abord choisir une \u00e9quipe de professeurs hautement comp\u00e9tents, soucieux de la r\u00e9ussite de chacun.<\/p>\n\n\n\n<p>Plus que jamais, la formation dispens\u00e9e \u00e0 Br\u00e9beuf se distingue par son excellence et par la capacit\u00e9 de ses enseignants de tirer le meilleur de chaque \u00e9tudiant.<\/p>\n\n\n\n<h2><span id=\"2_Prepare_solidement_aux_etudes_universitaires\">2. Pr\u00e9pare solidement aux \u00e9tudes universitaires<\/span><\/h2>\n\n\n\n<p>Les \u00e9tudes universitaires demandent de solides connaissances disciplinaires et une excellente ma\u00eetrise des m\u00e9thodes de travail.<\/p>\n\n\n\n<p>On s\u2019attend \u00e0 ce que chacun sache g\u00e9rer son temps, qu\u2019il soit capable de se pr\u00e9parer efficacement aux examens<\/p>\n\n\n\n<p>De plus, les comp\u00e9tences en communication (fran\u00e7ais et anglais) et l\u2019aisance avec les technologies de l\u2019information doivent \u00eatre solides.<\/p>\n\n\n\n<p>\u00c0 Br\u00e9beuf, on te pr\u00e9parera \u00e0 relever ces d\u00e9fis avec brio. <strong>(<a title=\"La pr\u00e9paration aux \u00e9tudes universitaires\" href=\"http:\/\/www.brebeuf.qc.ca\/collegial\/la-preparation-aux-etudes-universitaires\/\">Pour en savoir plus<\/a>)<\/strong><\/p>\n\n\n\n<h2><span id=\"3_Permet_un_acces_aux_facultes_contingentees\">3. Permet un acc\u00e8s aux facult\u00e9s contingent\u00e9es<\/span><\/h2>\n\n\n\n<p>La majorit\u00e9 des \u00e9tudiants de Br\u00e9beuf continueront leurs \u00e9tudes dans des facult\u00e9s contingent\u00e9es. C\u2019est notamment le coll\u00e8ge qui, au Qu\u00e9bec, envoie le plus grand nombre d\u2019\u00e9tudiants en m\u00e9decine et en droit.<\/p>\n\n\n\n<p>Au-del\u00e0 des param\u00e8tres propres \u00e0 la cote R, une entrevue, un portfolio, la r\u00e9daction d\u2019une lettre de motivation ou l\u2019appui d\u2019une lettre de r\u00e9f\u00e9rence fait souvent la diff\u00e9rence.<\/p>\n\n\n\n<p>\u00c0 Br\u00e9beuf, nous sommes l\u00e0 pour t\u2019aider \u00e0 r\u00e9aliser tes ambitions. <strong>(<a title=\"L\u2019acc\u00e8s aux facult\u00e9s contingent\u00e9es\" href=\"http:\/\/www.brebeuf.qc.ca\/collegial\/lacces-aux-facultes-contingentees\/\">Pour en savoir plus<\/a>)<\/strong><\/p>\n\n\n\n<h2><span id=\"4_Une_vie_etudiante_chaleureuse\">4. Une vie \u00e9tudiante chaleureuse<\/span><\/h2>\n\n\n\n<p>Les \u00e9tudiant.e.s qui fr\u00e9quentent le Coll\u00e8ge Br\u00e9beuf viennent de plus de 100 \u00e9coles secondaires diff\u00e9rentes et sont issus de tr\u00e8s nombreuses nationalit\u00e9s.<\/p>\n\n\n\n<p>Il est facile de s\u2019y faire des amis, et cela d\u00e8s les premiers jours du coll\u00e9gial. Les amiti\u00e9s d\u00e9velopp\u00e9es dans les cours, les nombreuses activit\u00e9s parascolaires, sportives, ainsi que les \u00e9v\u00e9nements organis\u00e9s par l\u2019Association \u00e9tudiante te permettront de t\u2019int\u00e9grer rapidement et \u00e0 ton rythme \u00e0 la vie \u00e9tudiante.<\/p>\n\n\n\n<h2><span id=\"5_Plus_de_90_activites_parascolaires_et_sportives\">5. Plus de 90 activit\u00e9s parascolaires et sportives<\/span><\/h2>\n\n\n\n<p>Chaque ann\u00e9e, de nouveaux projets naissent, le plus souvent \u00e0 l\u2019initiative des \u00e9tudiants eux-m\u00eames.<\/p>\n\n\n\n<p>Que tu t\u2019int\u00e9resses \u00e0 la politique, aux arts, aux sciences, \u00e0 l\u2019environnement, \u00e0 un domaine comme le droit ou les affaires internationales ou que tu veuilles faire du b\u00e9n\u00e9volat, Br\u00e9beuf te permettra d&rsquo;explorer d&rsquo;avantage tes passions.<\/p>\n\n\n\n<p>Pour ce qui est des sports, Br\u00e9beuf est le coll\u00e8ge qui, de tout le r\u00e9seau coll\u00e9gial qu\u00e9b\u00e9cois, a le pourcentage le plus \u00e9lev\u00e9 d\u2019athl\u00e8tes en sport \u00e9lite.<\/p>\n\n\n\n<p>Nos installations sont d\u2019ailleurs toutes neuves. \u00c0 Br\u00e9beuf, le parascolaire et le sport ne sont pas l\u2019affaire d\u2019une minorit\u00e9 ; la plupart y participent, chacun \u00e0 son go\u00fbt ! <strong>(<a title=\"Vie \u00e9tudiante\" href=\"http:\/\/www.brebeuf.qc.ca\/collegial\/vie-etudiante\/\">Pour en savoir plus<\/a>)<\/strong><\/p>\n\n\n\n<h2><span id=\"6_Lrsquoaccessibilite\">6. L&rsquo;accessibilit\u00e9<\/span><\/h2>\n\n\n\n<p><strong>Transports en commun<\/strong><\/p>\n\n\n\n<p>Le coll\u00e8ge est ais\u00e9ment accessible par les transports en commun, puisqu\u2019il est desservi par deux stations de m\u00e9tro, une gare et quatre circuits d\u2019autobus. De plus, pour ceux qui demeurent plus loin, 165 places sont disponibles en r\u00e9sidence.<\/p>\n\n\n\n<p><a title=\"R\u00e9sidence\" href=\"http:\/\/www.brebeuf.qc.ca\/collegial\/vie-etudiante\/residence\/\"><strong>Pour en savoir plus<\/strong><\/a><\/p>\n\n\n\n<p><strong><span class=\"TextRun Highlight MacChromeBold SCXW94430910 BCX0\" lang=\"FR-CA\" xml:lang=\"FR-CA\" data-contrast=\"auto\"><span class=\"NormalTextRun SCXW94430910 BCX0\">Pr\u00eats, b<\/span><\/span><span class=\"TextRun Highlight MacChromeBold SCXW94430910 BCX0\" lang=\"FR-CA\" xml:lang=\"FR-CA\" data-contrast=\"auto\"><span class=\"NormalTextRun SCXW94430910 BCX0\">ourses et avantages fiscaux<\/span><\/span><span class=\"EOP SCXW94430910 BCX0\" data-ccp-props=\"{&quot;134233117&quot;:true,&quot;134233118&quot;:true,&quot;201341983&quot;:0,&quot;335559739&quot;:200,&quot;335559740&quot;:240}\">&nbsp;<\/span><\/strong><\/p>\n\n\n\n<p>Les droits de scolarit\u00e9 au coll\u00e9gial priv\u00e9 sont, contrairement \u00e0 ceux du secondaire, d\u00e9ductibles d\u2019imp\u00f4t. De plus, au-del\u00e0 de 170 000 $ sont distribu\u00e9s en bourse chaque ann\u00e9e, en bourses d\u2019excellence (110 000 $) ou en bourses de soutien financier (60 000 $). Nos \u00e9tudiants ont \u00e9galement droit au programme de pr\u00eats et bourses du MESRS.<\/p>\n\n\n\n<p><strong><a title=\"Bourses d\u2019excellence\" href=\"http:\/\/www.brebeuf.qc.ca\/collegial\/bourses\/\">Pour en savoir plus<\/a><\/strong><\/p>\n\n\n\n<p><strong>Seuils d\u2019admission \u00e9gaux aux autres coll\u00e8ges<\/strong><\/p>\n\n\n\n<p>Les seuils d\u2019admission au coll\u00e9gial au Coll\u00e8ge Br\u00e9beuf sont comparables \u00e0 ceux ailleurs dans le r\u00e9seau pour les coll\u00e8ges de premier tour. Ni plus ni moins.<\/p>\n\n\n\n<h2><span id=\"7_Des_mesures_daide\">7. Des mesures d\u2019aide<\/span><\/h2>\n\n\n\n<p>Au Coll\u00e8ge Br\u00e9beuf, 70 % des \u00e9tudiants r\u00e9ussissent leurs \u00e9tudes coll\u00e9giales dans le temps requis, soit en deux ans, alors que ce pourcentage n\u2019est que de 35% pour l\u2019ensemble du r\u00e9seau coll\u00e9gial. A rendement au secondaire \u00e9gal, les \u00e9tudiants du Coll\u00e8ge Br\u00e9beuf r\u00e9ussissent mieux leurs \u00e9tudes coll\u00e9giales. Pourquoi?<\/p>\n\n\n\n<ul><li>Parce que les professeurs de Br\u00e9beuf sont disponibles;<\/li><li>Parce que les aides p\u00e9dagogiques individuelles sont accessibles et que leurs conseils sont judicieux;<\/li><li>Parce que les centres d\u2019aide sont efficaces et qu&rsquo;on y travaille en \u00e9troite collaboration avec les professeurs;<\/li><li>Parce que les \u00e9tudiants qui ont droit \u00e0 des mesures particuli\u00e8res sont aid\u00e9s de mani\u00e8re active et comp\u00e9tente;<\/li><li>Parce qu\u2019enfin, la culture de Br\u00e9beuf est tourn\u00e9e vers la r\u00e9ussite!<strong> <a title=\"Aide \u00e0 la r\u00e9ussite\" href=\"http:\/\/www.brebeuf.qc.ca\/collegial\/aide-la-reussite\/\">Pour en savoir plus<\/a><\/strong><\/li><\/ul>\n\n\n\n<h2><span id=\"8_Ameliorer_sa_maitrise_de_langlais\">8. Am\u00e9liorer sa maitrise de l\u2019anglais<\/span><\/h2>\n\n\n\n<p>Les \u00e9tudiants de Br\u00e9beuf sont tr\u00e8s nombreux \u00e0 poursuivre leurs \u00e9tudes dans une universit\u00e9 anglophone comme McGill ou Concordia.<\/p>\n\n\n\n<p>Le Coll\u00e8ge offre de nombreuses occasions d\u2019am\u00e9liorer sa ma\u00eetrise de l\u2019anglais, soit en participant des activit\u00e9s parascolaires se d\u00e9roulant dans la langue de Shakespeare, soit en choisissant un programme comme le Baccalaur\u00e9at International o\u00f9 les exigences en anglais d\u00e9passent celles du DEC.<\/p>\n\n\n\n<p>Dans les programmes r\u00e9guliers, le personnel enseignant est \u00e9galement soucieux de faire lire des textes qui pr\u00e9pareront au mieux les \u00e9tudiant.e.s \u00e0 maitriser le vocabulaire scientifique en anglais.<\/p>\n\n\n\n<p>De plus, en 4<sup>e<\/sup> session, les \u00e9tudiants en Sciences de la nature et en Sciences humaines dont la ma\u00eetrise en anglais est jug\u00e9e suffisante pourront participer \u00e0 un programme d\u2019\u00e9changes avec Marianopolis College.<\/p>\n\n\n\n<p>Le Coll\u00e8ge r\u00e9compense ceux et celles qui ont cherch\u00e9 \u00e0 am\u00e9liorer leur ma\u00eetrise de la langue anglaise en leur remettant une attestation sp\u00e9ciale au terme de leurs \u00e9tudes coll\u00e9giales.<strong> <a title=\"Pour am\u00e9liorer sa ma\u00eetrise de l\u2019anglais\" href=\"http:\/\/www.brebeuf.qc.ca\/collegial\/pour-ameliorer-sa-maitrise-de-langlais\/\">Pour<\/a><a title=\"Pour am\u00e9liorer sa ma\u00eetrise de l\u2019anglais\" href=\"http:\/\/www.brebeuf.qc.ca\/collegial\/pour-ameliorer-sa-maitrise-de-langlais\/\"> en savoir plus<\/a><\/strong><\/p>\n\n\n\n<h2><span id=\"9_Lrsquoenvironnement\">9. L&rsquo;environnement<\/span><\/h2>\n\n\n\n<p>Br\u00e9beuf se situe au centre de l\u2019\u00eele de Montr\u00e9al, aux abords du Mont-Royal. C\u2019est dire que ses \u00e9tudiant.e.s peuvent \u00e0 la fois profiter d\u2019un bel environnement et de l\u2019effervescence typique d\u2019un quartier universitaire.<\/p>\n\n\n\n<h2><span id=\"10_Se_creer_un_reseau_drsquoamis_pour_la_vie\">10. Se cr\u00e9er un r\u00e9seau d&rsquo;amis pour la vie<\/span><\/h2>\n\n\n\n<p>Les amiti\u00e9s qui se tissent \u00e0 Br\u00e9beuf, c\u2019est souvent pour la vie ! Fr\u00e9quenter Br\u00e9beuf, c\u2019est aussi rencontrer des gens que tu retrouveras plus tard, dans cinq ans ou dans dix ans, dans ton milieu professionnel. Le r\u00e9seau des anciens de Br\u00e9beuf a toujours fait sa marque dans la soci\u00e9t\u00e9 qu\u00e9b\u00e9coise et continue de le faire.<\/p>\n<div id=\"toc_container\" class=\"no_bullets\"><p class=\"toc_title\">Sommaire<\/p><ul class=\"toc_list\"><li><a href=\"#1_La_qualite_de_la_formation_tout_simplement\">1. La qualit\u00e9 de la formation, tout simplement<\/a><\/li><li><a href=\"#2_Prepare_solidement_aux_etudes_universitaires\">2. Pr\u00e9pare solidement aux \u00e9tudes universitaires<\/a><\/li><li><a href=\"#3_Permet_un_acces_aux_facultes_contingentees\">3. Permet un acc\u00e8s aux facult\u00e9s contingent\u00e9es<\/a><\/li><li><a href=\"#4_Une_vie_etudiante_chaleureuse\">4. Une vie \u00e9tudiante chaleureuse<\/a><\/li><li><a href=\"#5_Plus_de_90_activites_parascolaires_et_sportives\">5. Plus de 90 activit\u00e9s parascolaires et sportives<\/a><\/li><li><a href=\"#6_Lrsquoaccessibilite\">6. L&rsquo;accessibilit\u00e9<\/a><\/li><li><a href=\"#7_Des_mesures_daide\">7. Des mesures d\u2019aide<\/a><\/li><li><a href=\"#8_Ameliorer_sa_maitrise_de_langlais\">8. Am\u00e9liorer sa maitrise de l\u2019anglais<\/a><\/li><li><a href=\"#9_Lrsquoenvironnement\">9. L&rsquo;environnement<\/a><\/li><li><a href=\"#10_Se_creer_un_reseau_drsquoamis_pour_la_vie\">10. Se cr\u00e9er un r\u00e9seau d&rsquo;amis pour la vie<\/a><\/li><\/ul><\/div>\n","protected":false},"excerpt":{"rendered":"<p>10 raisons de choisir Br\u00e9beuf au coll\u00e9gial Choisir le bon coll\u00e8ge, celui qui conviendra \u00e0 ta personnalit\u00e9 et \u00e0 tes int\u00e9r\u00eats, voil\u00e0 l\u2019une des d\u00e9cisions les plus importantes que tu auras \u00e0 prendre pendant ta vie. Si tu comptes poursuivre&#8230;<\/p>\n","protected":false},"author":1,"featured_media":8312,"parent":0,"menu_order":27,"comment_status":"open","ping_status":"closed","template":"templates\/template-personnalisable.php","meta":{"_editorskit_title_hidden":false,"_editorskit_reading_time":4,"_editorskit_typography_data":[],"_editorskit_blocks_typography":""},"yoast_head":"<!-- This site is optimized with the Yoast SEO plugin v16.3 - https:\/\/yoast.com\/wordpress\/plugins\/seo\/ -->\n<title>10 bonnes raisons de choisir le Coll\u00e8ge Jean-de-Br\u00e9beuf<\/title>\n<meta name=\"description\" content=\"Choisir le bon coll\u00e8ge, celui qui conviendra \u00e0 ta personnalit\u00e9 et \u00e0 tes int\u00e9r\u00eats, voil\u00e0 l\u2019une des d\u00e9cisions les plus importantes que tu auras \u00e0 prendre pendant ta vie.\" \/>\n<meta name=\"robots\" content=\"index, follow, max-snippet:-1, max-image-preview:large, max-video-preview:-1\" \/>\n<link rel=\"canonical\" href=\"https:\/\/www.brebeuf.qc.ca\/collegial\/avantage-brebeuf\/\" \/>\n<meta property=\"og:locale\" content=\"fr_FR\" \/>\n<meta property=\"og:type\" content=\"article\" \/>\n<meta property=\"og:title\" content=\"10 bonnes raisons de choisir le Coll\u00e8ge Jean-de-Br\u00e9beuf\" \/>\n<meta property=\"og:description\" content=\"Choisir le bon coll\u00e8ge, celui qui conviendra \u00e0 ta personnalit\u00e9 et \u00e0 tes int\u00e9r\u00eats, voil\u00e0 l\u2019une des d\u00e9cisions les plus importantes que tu auras \u00e0 prendre pendant ta vie.\" \/>\n<meta property=\"og:url\" content=\"https:\/\/www.brebeuf.qc.ca\/collegial\/avantage-brebeuf\/\" \/>\n<meta property=\"og:site_name\" content=\"Coll\u00e9gial\" \/>\n<meta property=\"article:modified_time\" content=\"2024-07-11T19:56:56+00:00\" \/>\n<meta property=\"og:image\" content=\"https:\/\/www.brebeuf.qc.ca\/collegial\/wp-content\/uploads\/sites\/2\/2024\/07\/Futurs-etudiants-Collegial.png\" \/>\n\t<meta property=\"og:image:width\" content=\"1400\" \/>\n\t<meta property=\"og:image:height\" content=\"240\" \/>\n<meta name=\"twitter:label1\" content=\"Dur\u00e9e de lecture est.\">\n\t<meta name=\"twitter:data1\" content=\"5 minutes\">\n<script type=\"application\/ld+json\" class=\"yoast-schema-graph\">{\"@context\":\"https:\/\/schema.org\",\"@graph\":[{\"@type\":\"WebSite\",\"@id\":\"https:\/\/www.brebeuf.qc.ca\/collegial\/#website\",\"url\":\"https:\/\/www.brebeuf.qc.ca\/collegial\/\",\"name\":\"Coll\\u00e9gial\",\"description\":\"Coll\\u00e8ge priv\\u00e9 | Secondaire | Coll\\u00e9gial\",\"potentialAction\":[{\"@type\":\"SearchAction\",\"target\":\"https:\/\/www.brebeuf.qc.ca\/collegial\/?s={search_term_string}\",\"query-input\":\"required name=search_term_string\"}],\"inLanguage\":\"fr-FR\"},{\"@type\":\"ImageObject\",\"@id\":\"https:\/\/www.brebeuf.qc.ca\/collegial\/avantage-brebeuf\/#primaryimage\",\"inLanguage\":\"fr-FR\",\"url\":\"https:\/\/www.brebeuf.qc.ca\/collegial\/wp-content\/uploads\/sites\/2\/2024\/07\/Futurs-etudiants-Collegial.png\",\"contentUrl\":\"https:\/\/www.brebeuf.qc.ca\/collegial\/wp-content\/uploads\/sites\/2\/2024\/07\/Futurs-etudiants-Collegial.png\",\"width\":1400,\"height\":240},{\"@type\":\"WebPage\",\"@id\":\"https:\/\/www.brebeuf.qc.ca\/collegial\/avantage-brebeuf\/#webpage\",\"url\":\"https:\/\/www.brebeuf.qc.ca\/collegial\/avantage-brebeuf\/\",\"name\":\"10 bonnes raisons de choisir le Coll\\u00e8ge Jean-de-Br\\u00e9beuf\",\"isPartOf\":{\"@id\":\"https:\/\/www.brebeuf.qc.ca\/collegial\/#website\"},\"primaryImageOfPage\":{\"@id\":\"https:\/\/www.brebeuf.qc.ca\/collegial\/avantage-brebeuf\/#primaryimage\"},\"datePublished\":\"2014-08-08T16:04:08+00:00\",\"dateModified\":\"2024-07-11T19:56:56+00:00\",\"description\":\"Choisir le bon coll\\u00e8ge, celui qui conviendra \\u00e0 ta personnalit\\u00e9 et \\u00e0 tes int\\u00e9r\\u00eats, voil\\u00e0 l\\u2019une des d\\u00e9cisions les plus importantes que tu auras \\u00e0 prendre pendant ta vie.\",\"breadcrumb\":{\"@id\":\"https:\/\/www.brebeuf.qc.ca\/collegial\/avantage-brebeuf\/#breadcrumb\"},\"inLanguage\":\"fr-FR\",\"potentialAction\":[{\"@type\":\"ReadAction\",\"target\":[\"https:\/\/www.brebeuf.qc.ca\/collegial\/avantage-brebeuf\/\"]}]},{\"@type\":\"BreadcrumbList\",\"@id\":\"https:\/\/www.brebeuf.qc.ca\/collegial\/avantage-brebeuf\/#breadcrumb\",\"itemListElement\":[{\"@type\":\"ListItem\",\"position\":1,\"item\":{\"@type\":\"WebPage\",\"@id\":\"https:\/\/www.brebeuf.qc.ca\/collegial\/\",\"url\":\"https:\/\/www.brebeuf.qc.ca\/collegial\/\",\"name\":\"Home\"}},{\"@type\":\"ListItem\",\"position\":2,\"item\":{\"@id\":\"https:\/\/www.brebeuf.qc.ca\/collegial\/avantage-brebeuf\/#webpage\"}}]}]}<\/script>\n<!-- \/ Yoast SEO plugin. -->","_links":{"self":[{"href":"https:\/\/www.brebeuf.qc.ca\/collegial\/wp-json\/wp\/v2\/pages\/137"}],"collection":[{"href":"https:\/\/www.brebeuf.qc.ca\/collegial\/wp-json\/wp\/v2\/pages"}],"about":[{"href":"https:\/\/www.brebeuf.qc.ca\/collegial\/wp-json\/wp\/v2\/types\/page"}],"author":[{"embeddable":true,"href":"https:\/\/www.brebeuf.qc.ca\/collegial\/wp-json\/wp\/v2\/users\/1"}],"replies":[{"embeddable":true,"href":"https:\/\/www.brebeuf.qc.ca\/collegial\/wp-json\/wp\/v2\/comments?post=137"}],"version-history":[{"count":56,"href":"https:\/\/www.brebeuf.qc.ca\/collegial\/wp-json\/wp\/v2\/pages\/137\/revisions"}],"predecessor-version":[{"id":8313,"href":"https:\/\/www.brebeuf.qc.ca\/collegial\/wp-json\/wp\/v2\/pages\/137\/revisions\/8313"}],"wp:featuredmedia":[{"embeddable":true,"href":"https:\/\/www.brebeuf.qc.ca\/collegial\/wp-json\/wp\/v2\/media\/8312"}],"wp:attachment":[{"href":"https:\/\/www.brebeuf.qc.ca\/collegial\/wp-json\/wp\/v2\/media?parent=137"}],"curies":[{"name":"wp","href":"https:\/\/api.w.org\/{rel}","templated":true}]}}