{"id":1335,"date":"2015-03-24T14:12:16","date_gmt":"2015-03-24T14:12:16","guid":{"rendered":"http:\/\/www.brebeuf.qc.ca\/collegial\/?page_id=1335"},"modified":"2026-02-24T16:37:52","modified_gmt":"2026-02-24T16:37:52","slug":"soccer-feminin","status":"publish","type":"page","link":"https:\/\/www.brebeuf.qc.ca\/collegial\/vie-etudiante\/sports\/soccer-feminin\/","title":{"rendered":"Soccer ext\u00e9rieur et futsal f\u00e9minin"},"content":{"rendered":"\n<h2><span id=\"Equipe_2025-2026\">\u00c9quipe 2025-2026<\/span><\/h2>\n\n\n\n<figure class=\"wp-block-image size-large is-resized\"><a href=\"https:\/\/www.brebeuf.qc.ca\/collegial\/wp-content\/uploads\/sites\/2\/2025\/10\/SOCCER-F.jpg\" data-rel=\"lightbox-image-0\" data-rl_title=\"\" data-rl_caption=\"\" title=\"\"><img loading=\"lazy\" src=\"https:\/\/www.brebeuf.qc.ca\/collegial\/wp-content\/uploads\/sites\/2\/2025\/10\/SOCCER-F.jpg\" alt=\"\" class=\"wp-image-9097\" width=\"826\" height=\"551\"\/><\/a><\/figure>\n\n\n\n<h2><span id=\"Ligue\">Ligue<\/span><\/h2>\n\n\n\n<p>L\u2019\u00e9quipe f\u00e9minine de soccer ext\u00e9rieur fait partie de la ligue coll\u00e9giale division 3 (section A) du RSEQ (R\u00e9seau du sport \u00e9tudiant du Qu\u00e9bec).<\/p>\n\n\n\n<p>\u00c0 la session d&rsquo;hiver, l&rsquo;\u00e9quipe f\u00e9minine participe \u00e0 une nouvelle ligue de futsal (soccer int\u00e9rieur en gymnase) multicoll\u00e9giale.<\/p>\n\n\n\n<h2><span id=\"Engagement\">Engagement<\/span><\/h2>\n\n\n\n<p>L\u2019\u00e9quipe s&rsquo;entra\u00eene deux fois par semaine (sur le terrain synth\u00e9tique ext\u00e9rieur \u00e0 l\u2019automne et en gymnase \u00e0 l\u2019hiver). Les \u00e9tudiantes-athl\u00e8tes doivent \u00e9galement \u00eatre disponibles 2 heures par semaine pour l\u2019entra\u00eenement physique personnel \u00e0 la salle d\u2019entra\u00eenement.<\/p>\n\n\n\n<p>L\u2019entra\u00eeneur de la salle d\u2019entra\u00eenement pr\u00e9sentera un programme sp\u00e9cifique au soccer, qui aidera l\u2019\u00e9tudiante-athl\u00e8te \u00e0 am\u00e9liorer son d\u00e9veloppement pour atteindre ses objectifs.<\/p>\n\n\n\n<h2><span id=\"La_saison\">La saison<\/span><\/h2>\n\n\n\n<p>La saison ext\u00e9rieure d\u00e9bute en septembre et comporte 8 parties de ligue. La saison se termine au mois d\u2019octobre avec le championnat de conf\u00e9rence. Les rangs 1 \u00e0 4 de la section A et les rangs 1 et 2 de la section B acc\u00e8dent aux \u00e9liminatoires.<\/p>\n\n\n\n<p>La saison de futsal d\u00e9bute en janvier et comporte 6 tournois se d\u00e9roulant les dimanches. Les \u00e9liminatoires ont lieu \u00e0 la fin du mois d&rsquo;avril.<\/p>\n\n\n\n<p>L\u2019\u00e9quipe peut \u00e9galement participer \u00e0 certains tournois Invitation hors de l\u2019horaire r\u00e9gulier de la saison coll\u00e9giale.<\/p>\n\n\n\n<hr class=\"wp-block-separator\"\/>\n\n\n\n<h2><span id=\"Entraineurs\">Entraineurs<\/span><\/h2>\n\n\n\n<p><strong>Entraineur-chef<\/strong><br>Jad Chedid <\/p>\n\n\n\n<p><a href=\"mailto:jadchedid9@gmail.com\" class=\"ek-link\">jadchedid9@gmail.com<\/a><\/p>\n\n\n\n<h2><span id=\"Resultats_et_classement_soccer_exterieur\">R\u00e9sultats et classement (soccer ext\u00e9rieur)<\/span><\/h2>\n\n\n\n<figure class=\"wp-block-image\"><a href=\"http:\/\/www.sportetudiant-stats.com\/collegial\/so\/soccer-f-d2\/\" target=\"_blank\" rel=\"noreferrer noopener\"><img src=\"https:\/\/www.brebeuf.qc.ca\/collegial\/wp-content\/uploads\/sites\/2\/2019\/09\/box_acc_rseq_statsp.jpg\" alt=\"\"\/><\/a><\/figure>\n\n\n\n<p><strong>2025-2026<\/strong><\/p>\n\n\n\n<ul><li>2<sup>e<\/sup> position de la saison r\u00e9guli\u00e8re<\/li><li>Finale au championnat r\u00e9gional<\/li><\/ul>\n\n\n\n<p><strong>2024-2025<\/strong><\/p>\n\n\n\n<ul><li>4e&nbsp;position de la saison r\u00e9guli\u00e8re<\/li><\/ul>\n\n\n\n<p><strong>2023-2024<\/strong><\/p>\n\n\n\n<ul><li>6<sup>e<\/sup> position de la saison r\u00e9guli\u00e8re<\/li><\/ul>\n\n\n\n<p><strong>2022-2023<\/strong><\/p>\n\n\n\n<ul><li>8e position saison r\u00e9guli\u00e8re<\/li><\/ul>\n\n\n\n<p><strong>2021-2022<\/strong><\/p>\n\n\n\n<ul><li>8e position saison r\u00e9guli\u00e8re<\/li><\/ul>\n\n\n\n<h2><span id=\"Resultats_et_classement_soccer_interieur\">R\u00e9sultats et classement (soccer int\u00e9rieur)<\/span><\/h2>\n\n\n\n<figure class=\"wp-block-image\"><a href=\"http:\/\/www.sportetudiant-stats.com\/collegial\/so\/soccer-f-int-7\" target=\"_blank\" rel=\"noreferrer noopener\"><img src=\"https:\/\/www.brebeuf.qc.ca\/collegial\/wp-content\/uploads\/sites\/2\/2019\/09\/box_acc_rseq_statsp.jpg\" alt=\"\"\/><\/a><\/figure>\n\n\n\n<p><strong>2025-2026<\/strong><\/p>\n\n\n\n<ul><li>2<sup>e<\/sup> position de la saison r\u00e9guli\u00e8re<\/li><li>Demi-finale au championnat r\u00e9gional<\/li><\/ul>\n\n\n\n<p><strong>2024-2025<\/strong><\/p>\n\n\n\n<ul><li>6e position de la saison r\u00e9guli\u00e8re<\/li><\/ul>\n\n\n\n<p><strong>2023-2024<\/strong><\/p>\n\n\n\n<ul><li>1<sup>\u00e8re<\/sup> position de la saison r\u00e9guli\u00e8re<\/li><li>D\u00e9faite en demi-finale du championnat r\u00e9gional<\/li><\/ul>\n\n\n\n<p><strong>2021-2022<\/strong><\/p>\n\n\n\n<ul><li>4e position saison r\u00e9guli\u00e8re<\/li><\/ul>\n\n\n\n<h2><span id=\"Formulaire_de_recrutement\"><a href=\"https:\/\/forms.office.com\/Pages\/ResponsePage.aspx?id=kq86T4T8I0uEGcc4oYPGquKzTWBgdvpMsGuzYfQMwKJUMko5REVGSTdIMUVEQTI4VjdHUURaU09NUS4u\" class=\"ek-link\">Formulaire de recrutement<\/a><\/span><\/h2>\n<div id=\"toc_container\" class=\"no_bullets\"><p class=\"toc_title\">Sommaire<\/p><ul class=\"toc_list\"><li><a href=\"#Equipe_2025-2026\">\u00c9quipe 2025-2026<\/a><\/li><li><a href=\"#Ligue\">Ligue<\/a><\/li><li><a href=\"#Engagement\">Engagement<\/a><\/li><li><a href=\"#La_saison\">La saison<\/a><\/li><li><a href=\"#Entraineurs\">Entraineurs<\/a><\/li><li><a href=\"#Resultats_et_classement_soccer_exterieur\">R\u00e9sultats et classement (soccer ext\u00e9rieur)<\/a><\/li><li><a href=\"#Resultats_et_classement_soccer_interieur\">R\u00e9sultats et classement (soccer int\u00e9rieur)<\/a><\/li><li><a href=\"#Formulaire_de_recrutement\">Formulaire de recrutement<\/a><\/li><\/ul><\/div>\n","protected":false},"excerpt":{"rendered":"<p>\u00c9quipe 2025-2026 Ligue L\u2019\u00e9quipe f\u00e9minine de soccer ext\u00e9rieur fait partie de la ligue coll\u00e9giale division 3 (section A) du RSEQ (R\u00e9seau du sport \u00e9tudiant du Qu\u00e9bec). \u00c0 la session d&rsquo;hiver, l&rsquo;\u00e9quipe f\u00e9minine participe \u00e0 une nouvelle ligue de futsal (soccer&#8230;<\/p>\n","protected":false},"author":3,"featured_media":8369,"parent":100,"menu_order":0,"comment_status":"closed","ping_status":"closed","template":"templates\/template-personnalisable.php","meta":{"_editorskit_title_hidden":false,"_editorskit_reading_time":2,"_editorskit_typography_data":[],"_editorskit_blocks_typography":""},"yoast_head":"<!-- This site is optimized with the Yoast SEO plugin v16.3 - https:\/\/yoast.com\/wordpress\/plugins\/seo\/ -->\n<title>Soccer ext\u00e9rieur et futsal f\u00e9minin - Coll\u00e9gial<\/title>\n<meta name=\"robots\" content=\"index, follow, max-snippet:-1, max-image-preview:large, max-video-preview:-1\" \/>\n<link rel=\"canonical\" href=\"https:\/\/www.brebeuf.qc.ca\/collegial\/vie-etudiante\/sports\/soccer-feminin\/\" \/>\n<meta property=\"og:locale\" content=\"fr_FR\" \/>\n<meta property=\"og:type\" content=\"article\" \/>\n<meta property=\"og:title\" content=\"Soccer ext\u00e9rieur et futsal f\u00e9minin - Coll\u00e9gial\" \/>\n<meta property=\"og:description\" content=\"\u00c9quipe 2025-2026 Ligue L\u2019\u00e9quipe f\u00e9minine de soccer ext\u00e9rieur fait partie de la ligue coll\u00e9giale division 3 (section A) du RSEQ (R\u00e9seau du sport \u00e9tudiant du Qu\u00e9bec). \u00c0 la session d&rsquo;hiver, l&rsquo;\u00e9quipe f\u00e9minine participe \u00e0 une nouvelle ligue de futsal (soccer...\" \/>\n<meta property=\"og:url\" content=\"https:\/\/www.brebeuf.qc.ca\/collegial\/vie-etudiante\/sports\/soccer-feminin\/\" \/>\n<meta property=\"og:site_name\" content=\"Coll\u00e9gial\" \/>\n<meta property=\"article:modified_time\" content=\"2026-02-24T16:37:52+00:00\" \/>\n<meta property=\"og:image\" content=\"https:\/\/www.brebeuf.qc.ca\/collegial\/wp-content\/uploads\/sites\/2\/2024\/08\/Soccer_feminin_collegial.png\" \/>\n\t<meta property=\"og:image:width\" content=\"1400\" \/>\n\t<meta property=\"og:image:height\" content=\"240\" \/>\n<meta name=\"twitter:label1\" content=\"Dur\u00e9e de lecture est.\">\n\t<meta name=\"twitter:data1\" content=\"2 minutes\">\n<script type=\"application\/ld+json\" class=\"yoast-schema-graph\">{\"@context\":\"https:\/\/schema.org\",\"@graph\":[{\"@type\":\"WebSite\",\"@id\":\"https:\/\/www.brebeuf.qc.ca\/collegial\/#website\",\"url\":\"https:\/\/www.brebeuf.qc.ca\/collegial\/\",\"name\":\"Coll\\u00e9gial\",\"description\":\"Coll\\u00e8ge priv\\u00e9 | Secondaire | Coll\\u00e9gial\",\"potentialAction\":[{\"@type\":\"SearchAction\",\"target\":\"https:\/\/www.brebeuf.qc.ca\/collegial\/?s={search_term_string}\",\"query-input\":\"required name=search_term_string\"}],\"inLanguage\":\"fr-FR\"},{\"@type\":\"ImageObject\",\"@id\":\"https:\/\/www.brebeuf.qc.ca\/collegial\/vie-etudiante\/sports\/soccer-feminin\/#primaryimage\",\"inLanguage\":\"fr-FR\",\"url\":\"https:\/\/www.brebeuf.qc.ca\/collegial\/wp-content\/uploads\/sites\/2\/2024\/08\/Soccer_feminin_collegial.png\",\"contentUrl\":\"https:\/\/www.brebeuf.qc.ca\/collegial\/wp-content\/uploads\/sites\/2\/2024\/08\/Soccer_feminin_collegial.png\",\"width\":1400,\"height\":240},{\"@type\":\"WebPage\",\"@id\":\"https:\/\/www.brebeuf.qc.ca\/collegial\/vie-etudiante\/sports\/soccer-feminin\/#webpage\",\"url\":\"https:\/\/www.brebeuf.qc.ca\/collegial\/vie-etudiante\/sports\/soccer-feminin\/\",\"name\":\"Soccer ext\\u00e9rieur et futsal f\\u00e9minin - Coll\\u00e9gial\",\"isPartOf\":{\"@id\":\"https:\/\/www.brebeuf.qc.ca\/collegial\/#website\"},\"primaryImageOfPage\":{\"@id\":\"https:\/\/www.brebeuf.qc.ca\/collegial\/vie-etudiante\/sports\/soccer-feminin\/#primaryimage\"},\"datePublished\":\"2015-03-24T14:12:16+00:00\",\"dateModified\":\"2026-02-24T16:37:52+00:00\",\"breadcrumb\":{\"@id\":\"https:\/\/www.brebeuf.qc.ca\/collegial\/vie-etudiante\/sports\/soccer-feminin\/#breadcrumb\"},\"inLanguage\":\"fr-FR\",\"potentialAction\":[{\"@type\":\"ReadAction\",\"target\":[\"https:\/\/www.brebeuf.qc.ca\/collegial\/vie-etudiante\/sports\/soccer-feminin\/\"]}]},{\"@type\":\"BreadcrumbList\",\"@id\":\"https:\/\/www.brebeuf.qc.ca\/collegial\/vie-etudiante\/sports\/soccer-feminin\/#breadcrumb\",\"itemListElement\":[{\"@type\":\"ListItem\",\"position\":1,\"item\":{\"@type\":\"WebPage\",\"@id\":\"https:\/\/www.brebeuf.qc.ca\/collegial\/\",\"url\":\"https:\/\/www.brebeuf.qc.ca\/collegial\/\",\"name\":\"Home\"}},{\"@type\":\"ListItem\",\"position\":2,\"item\":{\"@type\":\"WebPage\",\"@id\":\"https:\/\/www.brebeuf.qc.ca\/collegial\/vie-etudiante\/\",\"url\":\"https:\/\/www.brebeuf.qc.ca\/collegial\/vie-etudiante\/\",\"name\":\"Vie \\u00e9tudiante\"}},{\"@type\":\"ListItem\",\"position\":3,\"item\":{\"@type\":\"WebPage\",\"@id\":\"https:\/\/www.brebeuf.qc.ca\/collegial\/vie-etudiante\/sports\/\",\"url\":\"https:\/\/www.brebeuf.qc.ca\/collegial\/vie-etudiante\/sports\/\",\"name\":\"Sports au coll\\u00e9gial\"}},{\"@type\":\"ListItem\",\"position\":4,\"item\":{\"@id\":\"https:\/\/www.brebeuf.qc.ca\/collegial\/vie-etudiante\/sports\/soccer-feminin\/#webpage\"}}]}]}<\/script>\n<!-- \/ Yoast SEO plugin. -->","_links":{"self":[{"href":"https:\/\/www.brebeuf.qc.ca\/collegial\/wp-json\/wp\/v2\/pages\/1335"}],"collection":[{"href":"https:\/\/www.brebeuf.qc.ca\/collegial\/wp-json\/wp\/v2\/pages"}],"about":[{"href":"https:\/\/www.brebeuf.qc.ca\/collegial\/wp-json\/wp\/v2\/types\/page"}],"author":[{"embeddable":true,"href":"https:\/\/www.brebeuf.qc.ca\/collegial\/wp-json\/wp\/v2\/users\/3"}],"replies":[{"embeddable":true,"href":"https:\/\/www.brebeuf.qc.ca\/collegial\/wp-json\/wp\/v2\/comments?post=1335"}],"version-history":[{"count":90,"href":"https:\/\/www.brebeuf.qc.ca\/collegial\/wp-json\/wp\/v2\/pages\/1335\/revisions"}],"predecessor-version":[{"id":9748,"href":"https:\/\/www.brebeuf.qc.ca\/collegial\/wp-json\/wp\/v2\/pages\/1335\/revisions\/9748"}],"up":[{"embeddable":true,"href":"https:\/\/www.brebeuf.qc.ca\/collegial\/wp-json\/wp\/v2\/pages\/100"}],"wp:featuredmedia":[{"embeddable":true,"href":"https:\/\/www.brebeuf.qc.ca\/collegial\/wp-json\/wp\/v2\/media\/8369"}],"wp:attachment":[{"href":"https:\/\/www.brebeuf.qc.ca\/collegial\/wp-json\/wp\/v2\/media?parent=1335"}],"curies":[{"name":"wp","href":"https:\/\/api.w.org\/{rel}","templated":true}]}}