{"id":1308,"date":"2015-03-26T14:19:19","date_gmt":"2015-03-26T14:19:19","guid":{"rendered":"http:\/\/www.brebeuf.qc.ca\/collegial\/?page_id=1308"},"modified":"2026-05-12T14:53:51","modified_gmt":"2026-05-12T14:53:51","slug":"basket-ball-feminin","status":"publish","type":"page","link":"https:\/\/www.brebeuf.qc.ca\/collegial\/vie-etudiante\/sports\/basket-ball-feminin\/","title":{"rendered":"Basketball f\u00e9minin"},"content":{"rendered":"\n<h2><span id=\"Equipe_2025-2026\">\u00c9quipe 2025-2026<\/span><\/h2>\n\n\n\n<figure class=\"wp-block-image size-large is-resized\"><a href=\"https:\/\/www.brebeuf.qc.ca\/collegial\/wp-content\/uploads\/sites\/2\/2025\/10\/BBF.jpg\" data-rel=\"lightbox-image-0\" data-rl_title=\"\" data-rl_caption=\"\" title=\"\"><img loading=\"lazy\" src=\"https:\/\/www.brebeuf.qc.ca\/collegial\/wp-content\/uploads\/sites\/2\/2025\/10\/BBF.jpg\" alt=\"\" class=\"wp-image-9106\" width=\"817\" height=\"545\"\/><\/a><\/figure>\n\n\n\n<hr class=\"wp-block-separator\"\/>\n\n\n\n<figure class=\"wp-block-embed is-type-video is-provider-youtube wp-block-embed-youtube wp-embed-aspect-16-9 wp-has-aspect-ratio\"><div class=\"wp-block-embed__wrapper\">\n<iframe loading=\"lazy\" title=\"Pr\u00e9sentation du basketball par Michael Chmielewski, entra\u00eeneur-chef\" width=\"1140\" height=\"641\" src=\"https:\/\/www.youtube.com\/embed\/nHvq6OAwK6M?feature=oembed\" frameborder=\"0\" allow=\"accelerometer; autoplay; clipboard-write; encrypted-media; gyroscope; picture-in-picture; web-share\" allowfullscreen><\/iframe>\n<\/div><\/figure>\n\n\n\n<hr class=\"wp-block-separator\"\/>\n\n\n\n<h2><span id=\"Ligue\">Ligue<\/span><\/h2>\n\n\n\n<p>L\u2019\u00e9quipe f\u00e9minine de basketball fait partie de la ligue coll\u00e9giale division 3 du RSEQ (R\u00e9seau du sport \u00e9tudiant du Qu\u00e9bec).<\/p>\n\n\n\n<h2><span id=\"Engagement\">Engagement<\/span><\/h2>\n\n\n\n<p>L\u2019\u00e9quipe a 2 entra\u00eenements collectifs par semaine. Les \u00e9tudiantes-athl\u00e8tes doivent \u00e9galement \u00eatre disponibles 2 heures par semaine pour l\u2019entra\u00eenement physique personnel \u00e0 la salle d\u2019entra\u00eenement. L\u2019entra\u00eeneur de la salle d\u2019entra\u00eenement pr\u00e9sentera un programme sp\u00e9cifique au basketball, qui aidera l\u2019\u00e9tudiante-athl\u00e8te \u00e0 am\u00e9liorer son d\u00e9veloppement pour atteindre ses objectifs.<\/p>\n\n\n\n<h2><span id=\"La_saison\">La saison<\/span><\/h2>\n\n\n\n<p>La saison d\u00e9bute en octobre et comporte 14 parties de ligue. Les six premi\u00e8res \u00e9quipes du classement cumulatif de la saison r\u00e9guli\u00e8re de la section A et les gagnants des \u00e9liminatoires de la section B participent au championnat de conf\u00e9rence qui se d\u00e9roule en mars. La saison se termine au mois d\u2019avril avec le championnat provincial.<\/p>\n\n\n\n<p>L\u2019\u00e9quipe peut \u00e9galement participer \u00e0 quelques tournois Invitation et parties hors-concours hors de l\u2019horaire r\u00e9gulier de la saison coll\u00e9giale.<\/p>\n\n\n\n<hr class=\"wp-block-separator\"\/>\n\n\n\n<h2><span id=\"Resultats_et_classement\">R\u00e9sultats et classement<\/span><\/h2>\n\n\n\n<p><strong>2025-2026<\/strong><\/p>\n\n\n\n<ul><li>4<sup>\u00e8me<\/sup> place de la saison r\u00e9guli\u00e8re<\/li><\/ul>\n\n\n\n<p><strong>2024-2025<\/strong><\/p>\n\n\n\n<ul><li>4e position de la saison r\u00e9guli\u00e8re<\/li><li>3e position au championnat r\u00e9gional<\/li><\/ul>\n\n\n\n<p><strong>2023-2024<\/strong><\/p>\n\n\n\n<ul><li>7<sup>e<\/sup> position de la saison r\u00e9guli\u00e8re<\/li><\/ul>\n\n\n\n<p><strong>2022-2023<\/strong><\/p>\n\n\n\n<ul><li>3<sup>e<\/sup> position de leur conf\u00e9rence en saison r\u00e9guli\u00e8re<\/li><li>D\u00e9faite en huiti\u00e8me de finale<\/li><\/ul>\n\n\n\n<h2><span id=\"Equipe_dentraineurs\">\u00c9quipe d\u2019entra\u00eeneurs<\/span><\/h2>\n\n\n\n<p><strong>Entraineur-chef<\/strong><br>\u00c9tienne Ouellette <\/p>\n\n\n\n<p><a href=\"mailto:ouellette_etienne@collegesaintsacrement.qc.ca\" class=\"ek-link\">ouellette_etienne@collegesaintsacrement.qc.ca<\/a><\/p>\n\n\n\n<p><br><strong>Entraineuses adjointes<\/strong><br>No\u00e9mie Vachon<br>\u00c9lisabeth Duchemin<\/p>\n\n\n\n<hr class=\"wp-block-separator\"\/>\n\n\n\n<h2><span id=\"Formulaire_de_recrutement_Basketball_feminin\"><a href=\"https:\/\/forms.office.com\/Pages\/ResponsePage.aspx?id=kq86T4T8I0uEGcc4oYPGquKzTWBgdvpMsGuzYfQMwKJUMko5REVGSTdIMUVEQTI4VjdHUURaU09NUS4u\" class=\"ek-link\">Formulaire de recrutement \u2013 Basketball f\u00e9minin<\/a><\/span><\/h2>\n\n\n\n<hr class=\"wp-block-separator\"\/>\n\n\n\n<figure class=\"wp-block-gallery columns-4 is-cropped\"><ul class=\"blocks-gallery-grid\"><li class=\"blocks-gallery-item\"><figure><a href=\"https:\/\/www.brebeuf.qc.ca\/collegial\/wp-content\/uploads\/sites\/2\/2025\/10\/1-1.png\" data-rel=\"lightbox-image-1\" data-rl_title=\"\" data-rl_caption=\"\" title=\"\"><img loading=\"lazy\" width=\"350\" height=\"500\" src=\"https:\/\/www.brebeuf.qc.ca\/collegial\/wp-content\/uploads\/sites\/2\/2025\/10\/1-1.png\" alt=\"\" data-id=\"9191\" data-link=\"https:\/\/www.brebeuf.qc.ca\/collegial\/vie-etudiante\/sports\/basket-ball-feminin\/1-1-2\/\" class=\"wp-image-9191\"\/><\/a><\/figure><\/li><li class=\"blocks-gallery-item\"><figure><a href=\"https:\/\/www.brebeuf.qc.ca\/collegial\/wp-content\/uploads\/sites\/2\/2025\/10\/2-1.png\" data-rel=\"lightbox-image-2\" data-rl_title=\"\" data-rl_caption=\"\" title=\"\"><img loading=\"lazy\" width=\"350\" height=\"500\" src=\"https:\/\/www.brebeuf.qc.ca\/collegial\/wp-content\/uploads\/sites\/2\/2025\/10\/2-1.png\" alt=\"\" data-id=\"9192\" data-link=\"https:\/\/www.brebeuf.qc.ca\/collegial\/vie-etudiante\/sports\/basket-ball-feminin\/2-1-2\/\" class=\"wp-image-9192\"\/><\/a><\/figure><\/li><li class=\"blocks-gallery-item\"><figure><a href=\"https:\/\/www.brebeuf.qc.ca\/collegial\/wp-content\/uploads\/sites\/2\/2025\/10\/3-1.png\" data-rel=\"lightbox-image-3\" data-rl_title=\"\" data-rl_caption=\"\" title=\"\"><img loading=\"lazy\" width=\"350\" height=\"500\" src=\"https:\/\/www.brebeuf.qc.ca\/collegial\/wp-content\/uploads\/sites\/2\/2025\/10\/3-1.png\" alt=\"\" data-id=\"9193\" data-link=\"https:\/\/www.brebeuf.qc.ca\/collegial\/vie-etudiante\/sports\/basket-ball-feminin\/3-1-2\/\" class=\"wp-image-9193\"\/><\/a><\/figure><\/li><li class=\"blocks-gallery-item\"><figure><a href=\"https:\/\/www.brebeuf.qc.ca\/collegial\/wp-content\/uploads\/sites\/2\/2025\/10\/4-1.png\" data-rel=\"lightbox-image-4\" data-rl_title=\"\" data-rl_caption=\"\" title=\"\"><img loading=\"lazy\" width=\"350\" height=\"500\" src=\"https:\/\/www.brebeuf.qc.ca\/collegial\/wp-content\/uploads\/sites\/2\/2025\/10\/4-1.png\" alt=\"\" data-id=\"9194\" data-link=\"https:\/\/www.brebeuf.qc.ca\/collegial\/vie-etudiante\/sports\/basket-ball-feminin\/4-1-2\/\" class=\"wp-image-9194\"\/><\/a><\/figure><\/li><li class=\"blocks-gallery-item\"><figure><a href=\"https:\/\/www.brebeuf.qc.ca\/collegial\/wp-content\/uploads\/sites\/2\/2025\/10\/5-1.png\" data-rel=\"lightbox-image-5\" data-rl_title=\"\" data-rl_caption=\"\" title=\"\"><img loading=\"lazy\" width=\"350\" height=\"500\" src=\"https:\/\/www.brebeuf.qc.ca\/collegial\/wp-content\/uploads\/sites\/2\/2025\/10\/5-1.png\" alt=\"\" data-id=\"9195\" data-link=\"https:\/\/www.brebeuf.qc.ca\/collegial\/vie-etudiante\/sports\/basket-ball-feminin\/5-1-2\/\" class=\"wp-image-9195\"\/><\/a><\/figure><\/li><li class=\"blocks-gallery-item\"><figure><a href=\"https:\/\/www.brebeuf.qc.ca\/collegial\/wp-content\/uploads\/sites\/2\/2025\/10\/6-1.png\" data-rel=\"lightbox-image-6\" data-rl_title=\"\" data-rl_caption=\"\" title=\"\"><img loading=\"lazy\" width=\"350\" height=\"500\" src=\"https:\/\/www.brebeuf.qc.ca\/collegial\/wp-content\/uploads\/sites\/2\/2025\/10\/6-1.png\" alt=\"\" data-id=\"9196\" data-link=\"https:\/\/www.brebeuf.qc.ca\/collegial\/vie-etudiante\/sports\/basket-ball-feminin\/6-1-2\/\" class=\"wp-image-9196\"\/><\/a><\/figure><\/li><li class=\"blocks-gallery-item\"><figure><a href=\"https:\/\/www.brebeuf.qc.ca\/collegial\/wp-content\/uploads\/sites\/2\/2025\/10\/7-1.png\" data-rel=\"lightbox-image-7\" data-rl_title=\"\" data-rl_caption=\"\" title=\"\"><img loading=\"lazy\" width=\"350\" height=\"500\" src=\"https:\/\/www.brebeuf.qc.ca\/collegial\/wp-content\/uploads\/sites\/2\/2025\/10\/7-1.png\" alt=\"\" data-id=\"9197\" data-link=\"https:\/\/www.brebeuf.qc.ca\/collegial\/vie-etudiante\/sports\/basket-ball-feminin\/7-1-2\/\" class=\"wp-image-9197\"\/><\/a><\/figure><\/li><li class=\"blocks-gallery-item\"><figure><a href=\"https:\/\/www.brebeuf.qc.ca\/collegial\/wp-content\/uploads\/sites\/2\/2025\/10\/8-1.png\" data-rel=\"lightbox-image-8\" data-rl_title=\"\" data-rl_caption=\"\" title=\"\"><img loading=\"lazy\" width=\"350\" height=\"500\" src=\"https:\/\/www.brebeuf.qc.ca\/collegial\/wp-content\/uploads\/sites\/2\/2025\/10\/8-1.png\" alt=\"\" data-id=\"9198\" data-link=\"https:\/\/www.brebeuf.qc.ca\/collegial\/vie-etudiante\/sports\/basket-ball-feminin\/8-1-2\/\" class=\"wp-image-9198\"\/><\/a><\/figure><\/li><li class=\"blocks-gallery-item\"><figure><a href=\"https:\/\/www.brebeuf.qc.ca\/collegial\/wp-content\/uploads\/sites\/2\/2025\/10\/9-1.png\" data-rel=\"lightbox-image-9\" data-rl_title=\"\" data-rl_caption=\"\" title=\"\"><img loading=\"lazy\" width=\"350\" height=\"500\" src=\"https:\/\/www.brebeuf.qc.ca\/collegial\/wp-content\/uploads\/sites\/2\/2025\/10\/9-1.png\" alt=\"\" data-id=\"9199\" data-link=\"https:\/\/www.brebeuf.qc.ca\/collegial\/vie-etudiante\/sports\/basket-ball-feminin\/9-1-2\/\" class=\"wp-image-9199\"\/><\/a><\/figure><\/li><li class=\"blocks-gallery-item\"><figure><a href=\"https:\/\/www.brebeuf.qc.ca\/collegial\/wp-content\/uploads\/sites\/2\/2025\/10\/10-1.png\" data-rel=\"lightbox-image-10\" data-rl_title=\"\" data-rl_caption=\"\" title=\"\"><img loading=\"lazy\" width=\"350\" height=\"500\" src=\"https:\/\/www.brebeuf.qc.ca\/collegial\/wp-content\/uploads\/sites\/2\/2025\/10\/10-1.png\" alt=\"\" data-id=\"9200\" data-link=\"https:\/\/www.brebeuf.qc.ca\/collegial\/vie-etudiante\/sports\/basket-ball-feminin\/10-1-2\/\" class=\"wp-image-9200\"\/><\/a><\/figure><\/li><li class=\"blocks-gallery-item\"><figure><a href=\"https:\/\/www.brebeuf.qc.ca\/collegial\/wp-content\/uploads\/sites\/2\/2025\/10\/11-1.png\" data-rel=\"lightbox-image-11\" data-rl_title=\"\" data-rl_caption=\"\" title=\"\"><img loading=\"lazy\" width=\"350\" height=\"500\" src=\"https:\/\/www.brebeuf.qc.ca\/collegial\/wp-content\/uploads\/sites\/2\/2025\/10\/11-1.png\" alt=\"\" data-id=\"9201\" data-link=\"https:\/\/www.brebeuf.qc.ca\/collegial\/vie-etudiante\/sports\/basket-ball-feminin\/11-1-3\/\" class=\"wp-image-9201\"\/><\/a><\/figure><\/li><li class=\"blocks-gallery-item\"><figure><a href=\"https:\/\/www.brebeuf.qc.ca\/collegial\/wp-content\/uploads\/sites\/2\/2025\/10\/12-1.png\" data-rel=\"lightbox-image-12\" data-rl_title=\"\" data-rl_caption=\"\" title=\"\"><img loading=\"lazy\" width=\"350\" height=\"500\" src=\"https:\/\/www.brebeuf.qc.ca\/collegial\/wp-content\/uploads\/sites\/2\/2025\/10\/12-1.png\" alt=\"\" data-id=\"9202\" data-link=\"https:\/\/www.brebeuf.qc.ca\/collegial\/vie-etudiante\/sports\/basket-ball-feminin\/12-1-3\/\" class=\"wp-image-9202\"\/><\/a><\/figure><\/li><\/ul><\/figure>\n<div id=\"toc_container\" class=\"no_bullets\"><p class=\"toc_title\">Sommaire<\/p><ul class=\"toc_list\"><li><a href=\"#Equipe_2025-2026\">\u00c9quipe 2025-2026<\/a><\/li><li><a href=\"#Ligue\">Ligue<\/a><\/li><li><a href=\"#Engagement\">Engagement<\/a><\/li><li><a href=\"#La_saison\">La saison<\/a><\/li><li><a href=\"#Resultats_et_classement\">R\u00e9sultats et classement<\/a><\/li><li><a href=\"#Equipe_dentraineurs\">\u00c9quipe d\u2019entra\u00eeneurs<\/a><\/li><li><a href=\"#Formulaire_de_recrutement_Basketball_feminin\">Formulaire de recrutement \u2013 Basketball f\u00e9minin<\/a><\/li><\/ul><\/div>\n","protected":false},"excerpt":{"rendered":"<p>\u00c9quipe 2025-2026 Ligue L\u2019\u00e9quipe f\u00e9minine de basketball fait partie de la ligue coll\u00e9giale division 3 du RSEQ (R\u00e9seau du sport \u00e9tudiant du Qu\u00e9bec). Engagement L\u2019\u00e9quipe a 2 entra\u00eenements collectifs par semaine. Les \u00e9tudiantes-athl\u00e8tes doivent \u00e9galement \u00eatre disponibles 2 heures par&#8230;<\/p>\n","protected":false},"author":3,"featured_media":8337,"parent":100,"menu_order":0,"comment_status":"closed","ping_status":"closed","template":"templates\/template-personnalisable.php","meta":{"_editorskit_title_hidden":false,"_editorskit_reading_time":1,"_editorskit_typography_data":[],"_editorskit_blocks_typography":""},"yoast_head":"<!-- This site is optimized with the Yoast SEO plugin v16.3 - https:\/\/yoast.com\/wordpress\/plugins\/seo\/ -->\n<title>Basketball f\u00e9minin - Coll\u00e9gial<\/title>\n<meta name=\"robots\" content=\"index, follow, max-snippet:-1, max-image-preview:large, max-video-preview:-1\" \/>\n<link rel=\"canonical\" href=\"https:\/\/www.brebeuf.qc.ca\/collegial\/vie-etudiante\/sports\/basket-ball-feminin\/\" \/>\n<meta property=\"og:locale\" content=\"fr_FR\" \/>\n<meta property=\"og:type\" content=\"article\" \/>\n<meta property=\"og:title\" content=\"Basketball f\u00e9minin - Coll\u00e9gial\" \/>\n<meta property=\"og:description\" content=\"\u00c9quipe 2025-2026 Ligue L\u2019\u00e9quipe f\u00e9minine de basketball fait partie de la ligue coll\u00e9giale division 3 du RSEQ (R\u00e9seau du sport \u00e9tudiant du Qu\u00e9bec). Engagement L\u2019\u00e9quipe a 2 entra\u00eenements collectifs par semaine. Les \u00e9tudiantes-athl\u00e8tes doivent \u00e9galement \u00eatre disponibles 2 heures par...\" \/>\n<meta property=\"og:url\" content=\"https:\/\/www.brebeuf.qc.ca\/collegial\/vie-etudiante\/sports\/basket-ball-feminin\/\" \/>\n<meta property=\"og:site_name\" content=\"Coll\u00e9gial\" \/>\n<meta property=\"article:modified_time\" content=\"2026-05-12T14:53:51+00:00\" \/>\n<meta property=\"og:image\" content=\"https:\/\/www.brebeuf.qc.ca\/collegial\/wp-content\/uploads\/sites\/2\/2024\/07\/Basketball-feminin-collegial-1.png\" \/>\n\t<meta property=\"og:image:width\" content=\"1400\" \/>\n\t<meta property=\"og:image:height\" content=\"240\" \/>\n<meta name=\"twitter:label1\" content=\"Dur\u00e9e de lecture est.\">\n\t<meta name=\"twitter:data1\" content=\"4 minutes\">\n<script type=\"application\/ld+json\" class=\"yoast-schema-graph\">{\"@context\":\"https:\/\/schema.org\",\"@graph\":[{\"@type\":\"WebSite\",\"@id\":\"https:\/\/www.brebeuf.qc.ca\/collegial\/#website\",\"url\":\"https:\/\/www.brebeuf.qc.ca\/collegial\/\",\"name\":\"Coll\\u00e9gial\",\"description\":\"Coll\\u00e8ge priv\\u00e9 | Secondaire | Coll\\u00e9gial\",\"potentialAction\":[{\"@type\":\"SearchAction\",\"target\":\"https:\/\/www.brebeuf.qc.ca\/collegial\/?s={search_term_string}\",\"query-input\":\"required name=search_term_string\"}],\"inLanguage\":\"fr-FR\"},{\"@type\":\"ImageObject\",\"@id\":\"https:\/\/www.brebeuf.qc.ca\/collegial\/vie-etudiante\/sports\/basket-ball-feminin\/#primaryimage\",\"inLanguage\":\"fr-FR\",\"url\":\"https:\/\/www.brebeuf.qc.ca\/collegial\/wp-content\/uploads\/sites\/2\/2024\/07\/Basketball-feminin-collegial-1.png\",\"contentUrl\":\"https:\/\/www.brebeuf.qc.ca\/collegial\/wp-content\/uploads\/sites\/2\/2024\/07\/Basketball-feminin-collegial-1.png\",\"width\":1400,\"height\":240},{\"@type\":\"WebPage\",\"@id\":\"https:\/\/www.brebeuf.qc.ca\/collegial\/vie-etudiante\/sports\/basket-ball-feminin\/#webpage\",\"url\":\"https:\/\/www.brebeuf.qc.ca\/collegial\/vie-etudiante\/sports\/basket-ball-feminin\/\",\"name\":\"Basketball f\\u00e9minin - Coll\\u00e9gial\",\"isPartOf\":{\"@id\":\"https:\/\/www.brebeuf.qc.ca\/collegial\/#website\"},\"primaryImageOfPage\":{\"@id\":\"https:\/\/www.brebeuf.qc.ca\/collegial\/vie-etudiante\/sports\/basket-ball-feminin\/#primaryimage\"},\"datePublished\":\"2015-03-26T14:19:19+00:00\",\"dateModified\":\"2026-05-12T14:53:51+00:00\",\"breadcrumb\":{\"@id\":\"https:\/\/www.brebeuf.qc.ca\/collegial\/vie-etudiante\/sports\/basket-ball-feminin\/#breadcrumb\"},\"inLanguage\":\"fr-FR\",\"potentialAction\":[{\"@type\":\"ReadAction\",\"target\":[\"https:\/\/www.brebeuf.qc.ca\/collegial\/vie-etudiante\/sports\/basket-ball-feminin\/\"]}]},{\"@type\":\"BreadcrumbList\",\"@id\":\"https:\/\/www.brebeuf.qc.ca\/collegial\/vie-etudiante\/sports\/basket-ball-feminin\/#breadcrumb\",\"itemListElement\":[{\"@type\":\"ListItem\",\"position\":1,\"item\":{\"@type\":\"WebPage\",\"@id\":\"https:\/\/www.brebeuf.qc.ca\/collegial\/\",\"url\":\"https:\/\/www.brebeuf.qc.ca\/collegial\/\",\"name\":\"Home\"}},{\"@type\":\"ListItem\",\"position\":2,\"item\":{\"@type\":\"WebPage\",\"@id\":\"https:\/\/www.brebeuf.qc.ca\/collegial\/vie-etudiante\/\",\"url\":\"https:\/\/www.brebeuf.qc.ca\/collegial\/vie-etudiante\/\",\"name\":\"Vie \\u00e9tudiante\"}},{\"@type\":\"ListItem\",\"position\":3,\"item\":{\"@type\":\"WebPage\",\"@id\":\"https:\/\/www.brebeuf.qc.ca\/collegial\/vie-etudiante\/sports\/\",\"url\":\"https:\/\/www.brebeuf.qc.ca\/collegial\/vie-etudiante\/sports\/\",\"name\":\"Sports au coll\\u00e9gial\"}},{\"@type\":\"ListItem\",\"position\":4,\"item\":{\"@id\":\"https:\/\/www.brebeuf.qc.ca\/collegial\/vie-etudiante\/sports\/basket-ball-feminin\/#webpage\"}}]}]}<\/script>\n<!-- \/ Yoast SEO plugin. -->","_links":{"self":[{"href":"https:\/\/www.brebeuf.qc.ca\/collegial\/wp-json\/wp\/v2\/pages\/1308"}],"collection":[{"href":"https:\/\/www.brebeuf.qc.ca\/collegial\/wp-json\/wp\/v2\/pages"}],"about":[{"href":"https:\/\/www.brebeuf.qc.ca\/collegial\/wp-json\/wp\/v2\/types\/page"}],"author":[{"embeddable":true,"href":"https:\/\/www.brebeuf.qc.ca\/collegial\/wp-json\/wp\/v2\/users\/3"}],"replies":[{"embeddable":true,"href":"https:\/\/www.brebeuf.qc.ca\/collegial\/wp-json\/wp\/v2\/comments?post=1308"}],"version-history":[{"count":88,"href":"https:\/\/www.brebeuf.qc.ca\/collegial\/wp-json\/wp\/v2\/pages\/1308\/revisions"}],"predecessor-version":[{"id":9899,"href":"https:\/\/www.brebeuf.qc.ca\/collegial\/wp-json\/wp\/v2\/pages\/1308\/revisions\/9899"}],"up":[{"embeddable":true,"href":"https:\/\/www.brebeuf.qc.ca\/collegial\/wp-json\/wp\/v2\/pages\/100"}],"wp:featuredmedia":[{"embeddable":true,"href":"https:\/\/www.brebeuf.qc.ca\/collegial\/wp-json\/wp\/v2\/media\/8337"}],"wp:attachment":[{"href":"https:\/\/www.brebeuf.qc.ca\/collegial\/wp-json\/wp\/v2\/media?parent=1308"}],"curies":[{"name":"wp","href":"https:\/\/api.w.org\/{rel}","templated":true}]}}