{"id":1267,"date":"2015-03-03T20:20:24","date_gmt":"2015-03-03T20:20:24","guid":{"rendered":"http:\/\/www.brebeuf.qc.ca\/collegial\/?page_id=1267"},"modified":"2026-05-12T14:51:47","modified_gmt":"2026-05-12T14:51:47","slug":"basket-masculin-au-collegial","status":"publish","type":"page","link":"https:\/\/www.brebeuf.qc.ca\/collegial\/vie-etudiante\/sports\/basket-masculin-au-collegial\/","title":{"rendered":"Basketball masculin &#8211; Division 1"},"content":{"rendered":"\n<h2><span id=\"Equipe_2025-2026\">\u00c9quipe 2025-2026<\/span><\/h2>\n\n\n\n<figure class=\"wp-block-image size-large is-resized\"><a href=\"https:\/\/www.brebeuf.qc.ca\/collegial\/wp-content\/uploads\/sites\/2\/2025\/10\/BBMD1.jpg\" data-rel=\"lightbox-image-0\" data-rl_title=\"\" data-rl_caption=\"\" title=\"\"><img loading=\"lazy\" src=\"https:\/\/www.brebeuf.qc.ca\/collegial\/wp-content\/uploads\/sites\/2\/2025\/10\/BBMD1.jpg\" alt=\"\" class=\"wp-image-9113\" width=\"819\" height=\"546\"\/><\/a><\/figure>\n\n\n\n<figure class=\"wp-block-embed is-type-video is-provider-youtube wp-block-embed-youtube wp-embed-aspect-16-9 wp-has-aspect-ratio\"><div class=\"wp-block-embed__wrapper\">\n<iframe loading=\"lazy\" title=\"Pr\u00e9sentation du basketball par Michael Chmielewski, entra\u00eeneur-chef\" width=\"1140\" height=\"641\" src=\"https:\/\/www.youtube.com\/embed\/nHvq6OAwK6M?feature=oembed\" frameborder=\"0\" allow=\"accelerometer; autoplay; clipboard-write; encrypted-media; gyroscope; picture-in-picture; web-share\" referrerpolicy=\"strict-origin-when-cross-origin\" allowfullscreen><\/iframe>\n<\/div><\/figure>\n\n\n\n<h2><span id=\"Ligue\">Ligue<\/span><\/h2>\n\n\n\n<p>Depuis l&rsquo;ann\u00e9e scolaire 2015-2016, nous avons une \u00e9quipe masculine de basketball qui fait partie de la ligue coll\u00e9giale division 1 du RSEQ (R\u00e9seau du sport \u00e9tudiant du Qu\u00e9bec).<\/p>\n\n\n\n<hr class=\"wp-block-separator\"\/>\n\n\n\n<h2><span id=\"Engagement\">Engagement<\/span><\/h2>\n\n\n\n<p>L\u2019\u00e9quipe masculine de basketball a 3 entra\u00eenements collectifs par semaine. Les athl\u00e8tes doivent \u00e9galement \u00eatre disponibles deux &nbsp;heures par semaine pour l\u2019entra\u00eenement physique personnel \u00e0 la salle d\u2019entra\u00eenement. L\u2019entra\u00eeneur de la salle d\u2019entra\u00eenement pr\u00e9sentera un programme sp\u00e9cifique au basketball, qui aidera l\u2019\u00e9tudiant-athl\u00e8te \u00e0 am\u00e9liorer son d\u00e9veloppement pour atteindre ses objectifs.<\/p>\n\n\n\n<hr class=\"wp-block-separator\"\/>\n\n\n\n<h2><span id=\"La_saison\">La saison<\/span><\/h2>\n\n\n\n<p>La saison r\u00e9guli\u00e8re d\u00e9bute en octobre et se termine en f\u00e9vrier. La formule de comp\u00e9tition en saison r\u00e9guli\u00e8re consiste en une triple rotation entre les \u00e9quipes pour 16 parties.<\/p>\n\n\n\n<p>L\u2019\u00e9quipe peut \u00e9galement participer \u00e0 quelques tournois Invitation et parties hors-concours hors de l\u2019horaire r\u00e9gulier de la saison coll\u00e9giale.<\/p>\n\n\n\n<hr class=\"wp-block-separator\"\/>\n\n\n\n<h2 id=\"block-96ae07b8-00d5-4654-b56a-7b322fbfc3e6\"><span id=\"Etudier_a_lexterieur_du_Quebec_Etats-Unis\">\u00c9tudier \u00e0 l\u2019ext\u00e9rieur du Qu\u00e9bec \u2013 \u00c9tats-Unis<\/span><\/h2>\n\n\n\n<p>Noter que les cours de notre offre p\u00e9dagogique r\u00e9pondent aux crit\u00e8res de diplomation des universit\u00e9s am\u00e9ricaines puisque certains de nos \u00e9tudiants-athl\u00e8tes d\u00e9sirent y poursuivre leurs \u00e9tudes apr\u00e8s le coll\u00e9gial.<\/p>\n\n\n\n<p>Pour obtenir plus d\u2019informations sur le processus d\u2019admission aux universit\u00e9s am\u00e9ricaines, voir l\u2019outil d\u00e9velopp\u00e9 par l\u2019Alliance Sport-\u00c9tudes&nbsp;: <a href=\"https:\/\/can01.safelinks.protection.outlook.com\/?url=https%3A%2F%2Falliancesportetudes-labase.ca%2Fetudier-a-lexterieur-du-quebec-etats-unis%2F&amp;data=05%7C01%7Cjonathan.gagne%40brebeuf.qc.ca%7C1659510a2b3341abbefd08dae20798b8%7C4f3aaf92fc844b238419c738a183c6aa%7C0%7C0%7C638070819502606462%7CUnknown%7CTWFpbGZsb3d8eyJWIjoiMC4wLjAwMDAiLCJQIjoiV2luMzIiLCJBTiI6Ik1haWwiLCJXVCI6Mn0%3D%7C3000%7C%7C%7C&amp;sdata=Jz4ygOvyxYhgkinS1CPOJeECbZxovcqqIQuONJGbmdY%3D&amp;reserved=0\">https:\/\/alliancesportetudes-labase.ca\/etudier-a-lexterieur-du-quebec-etats-unis\/<\/a><\/p>\n\n\n\n<hr class=\"wp-block-separator\"\/>\n\n\n\n<h2><span id=\"Resultats_et_classement\">R\u00e9sultats et classement<\/span><\/h2>\n\n\n\n<figure class=\"wp-block-image\"><a href=\"http:\/\/www.sportetudiant-stats.com\/collegial\/basketball-m-d1\/\" target=\"_blank\" rel=\"noreferrer noopener\"><img src=\"https:\/\/www.brebeuf.qc.ca\/collegial\/wp-content\/uploads\/sites\/2\/2019\/09\/box_acc_rseq_statsp.jpg\" alt=\"\"\/><\/a><\/figure>\n\n\n\n<hr class=\"wp-block-separator\"\/>\n\n\n\n<h3>Notre histoire<\/h3>\n\n\n\n<p>L\u2019\u00e9quipe a int\u00e9gr\u00e9 la ligue coll\u00e9giale division 1 du RSEQ \u00e0 la saison 2015-2016.<\/p>\n\n\n\n<p><strong>2025-2026<\/strong><\/p>\n\n\n\n<ul><li>1<sup>re<\/sup> place de la saison r\u00e9guli\u00e8re<\/li><li>M\u00e9daille d\u2019or au championnat provincial<\/li><li>M\u00e9daille d\u2019or au championnat canadien<\/li><\/ul>\n\n\n\n<p><strong>2024-2025<\/strong><\/p>\n\n\n\n<ul><li>1\u00e8re&nbsp;position de la saison r\u00e9guli\u00e8re<\/li><li>1\u00e8re&nbsp;position au championnat provincial<\/li><li>3e position au championnat canadien<\/li><\/ul>\n\n\n\n<p><strong>2023-2024<\/strong><\/p>\n\n\n\n<ul><li>3<sup>e<\/sup> position de la saison r\u00e9guli\u00e8re<\/li><li>3<sup>e<\/sup>&nbsp;position au championnat provincial<\/li><\/ul>\n\n\n\n<p><strong>2022-2023<\/strong><\/p>\n\n\n\n<ul><li>2<sup>e<\/sup> position de la saison r\u00e9guli\u00e8re<\/li><li>3<sup>e<\/sup> position au championnat provincial<\/li><\/ul>\n\n\n\n<hr class=\"wp-block-separator\"\/>\n\n\n\n<h3>\u00c9quipe d&rsquo;entra\u00eeneurs<\/h3>\n\n\n\n<div class=\"wp-block-columns\">\n<div class=\"wp-block-column\" style=\"flex-basis:33.33%\">\n<div class=\"wp-block-image\"><figure class=\"alignleft size-large is-resized\"><a href=\"https:\/\/www.brebeuf.qc.ca\/collegial\/wp-content\/uploads\/sites\/2\/2024\/11\/18-2.png\" data-rel=\"lightbox-image-1\" data-rl_title=\"\" data-rl_caption=\"\" title=\"\"><img loading=\"lazy\" src=\"https:\/\/www.brebeuf.qc.ca\/collegial\/wp-content\/uploads\/sites\/2\/2024\/11\/18-2.png\" alt=\"\" class=\"wp-image-8627\" width=\"185\" height=\"265\"\/><\/a><\/figure><\/div>\n<\/div>\n\n\n\n<div class=\"wp-block-column\" style=\"flex-basis:66.66%\">\n<p><\/p>\n<\/div>\n<\/div>\n\n\n\n<p><strong>Entra\u00eeneur-chef<\/strong><\/p>\n\n\n\n<p>Michael Chmielewski<br><a href=\"mailto:ChmMic@brebeuf.qc.ca\">ChmMic@brebeuf.qc.ca<\/a><\/p>\n\n\n\n<p><strong>Entraineurs adjoints<\/strong><br>Adam Chmielewski<br>Woodwendy Seraphin<br>Carlo Galli<br>Brandon Robinson<\/p>\n\n\n\n<hr class=\"wp-block-separator\"\/>\n\n\n\n<h2><span id=\"Formulaire_de_recrutement_Basketball_Masculin_D1\"><a href=\"https:\/\/forms.office.com\/Pages\/ResponsePage.aspx?id=kq86T4T8I0uEGcc4oYPGquKzTWBgdvpMsGuzYfQMwKJUMko5REVGSTdIMUVEQTI4VjdHUURaU09NUS4u\" class=\"ek-link\">Formulaire de recrutement \u2013 Basketball Masculin D1<\/a><\/span><\/h2>\n\n\n\n<hr class=\"wp-block-separator\"\/>\n\n\n\n<h2><span id=\"Les_joueurs\">Les joueurs<\/span><\/h2>\n\n\n\n<figure class=\"wp-block-gallery columns-4 is-cropped\"><ul class=\"blocks-gallery-grid\"><li class=\"blocks-gallery-item\"><figure><a href=\"https:\/\/www.brebeuf.qc.ca\/collegial\/wp-content\/uploads\/sites\/2\/2025\/10\/Nicolas-Verreault.png\" data-rel=\"lightbox-image-2\" data-rl_title=\"\" data-rl_caption=\"\" title=\"\"><img loading=\"lazy\" width=\"350\" height=\"500\" src=\"https:\/\/www.brebeuf.qc.ca\/collegial\/wp-content\/uploads\/sites\/2\/2025\/10\/Nicolas-Verreault.png\" alt=\"\" data-id=\"9132\" data-full-url=\"https:\/\/www.brebeuf.qc.ca\/collegial\/wp-content\/uploads\/sites\/2\/2025\/10\/Nicolas-Verreault.png\" data-link=\"https:\/\/www.brebeuf.qc.ca\/collegial\/vie-etudiante\/sports\/basketball-masculin-division-2\/nicolas-verreault\/\" class=\"wp-image-9132\"\/><\/a><\/figure><\/li><li class=\"blocks-gallery-item\"><figure><a href=\"https:\/\/www.brebeuf.qc.ca\/collegial\/wp-content\/uploads\/sites\/2\/2025\/10\/Samuel-Desrochers.png\" data-rel=\"lightbox-image-3\" data-rl_title=\"\" data-rl_caption=\"\" title=\"\"><img loading=\"lazy\" width=\"350\" height=\"500\" src=\"https:\/\/www.brebeuf.qc.ca\/collegial\/wp-content\/uploads\/sites\/2\/2025\/10\/Samuel-Desrochers.png\" alt=\"\" data-id=\"9133\" data-full-url=\"https:\/\/www.brebeuf.qc.ca\/collegial\/wp-content\/uploads\/sites\/2\/2025\/10\/Samuel-Desrochers.png\" data-link=\"https:\/\/www.brebeuf.qc.ca\/collegial\/vie-etudiante\/sports\/basketball-masculin-division-2\/samuel-desrochers\/\" class=\"wp-image-9133\"\/><\/a><\/figure><\/li><li class=\"blocks-gallery-item\"><figure><a href=\"https:\/\/www.brebeuf.qc.ca\/collegial\/wp-content\/uploads\/sites\/2\/2025\/10\/Vincent-McLean-Ritchie.png\" data-rel=\"lightbox-image-4\" data-rl_title=\"\" data-rl_caption=\"\" title=\"\"><img loading=\"lazy\" width=\"350\" height=\"500\" src=\"https:\/\/www.brebeuf.qc.ca\/collegial\/wp-content\/uploads\/sites\/2\/2025\/10\/Vincent-McLean-Ritchie.png\" alt=\"\" data-id=\"9134\" data-full-url=\"https:\/\/www.brebeuf.qc.ca\/collegial\/wp-content\/uploads\/sites\/2\/2025\/10\/Vincent-McLean-Ritchie.png\" data-link=\"https:\/\/www.brebeuf.qc.ca\/collegial\/vie-etudiante\/sports\/basketball-masculin-division-2\/vincent-mclean-ritchie\/\" class=\"wp-image-9134\"\/><\/a><\/figure><\/li><li class=\"blocks-gallery-item\"><figure><a href=\"https:\/\/www.brebeuf.qc.ca\/collegial\/wp-content\/uploads\/sites\/2\/2025\/10\/Julius-Ferguson.png\" data-rel=\"lightbox-image-5\" data-rl_title=\"\" data-rl_caption=\"\" title=\"\"><img loading=\"lazy\" width=\"350\" height=\"500\" src=\"https:\/\/www.brebeuf.qc.ca\/collegial\/wp-content\/uploads\/sites\/2\/2025\/10\/Julius-Ferguson.png\" alt=\"\" data-id=\"9128\" data-full-url=\"https:\/\/www.brebeuf.qc.ca\/collegial\/wp-content\/uploads\/sites\/2\/2025\/10\/Julius-Ferguson.png\" data-link=\"https:\/\/www.brebeuf.qc.ca\/collegial\/vie-etudiante\/sports\/basketball-masculin-division-2\/julius-ferguson\/\" class=\"wp-image-9128\"\/><\/a><\/figure><\/li><li class=\"blocks-gallery-item\"><figure><a href=\"https:\/\/www.brebeuf.qc.ca\/collegial\/wp-content\/uploads\/sites\/2\/2025\/10\/Malek-Alphonse.png\" data-rel=\"lightbox-image-6\" data-rl_title=\"\" data-rl_caption=\"\" title=\"\"><img loading=\"lazy\" width=\"350\" height=\"500\" src=\"https:\/\/www.brebeuf.qc.ca\/collegial\/wp-content\/uploads\/sites\/2\/2025\/10\/Malek-Alphonse.png\" alt=\"\" data-id=\"9130\" data-full-url=\"https:\/\/www.brebeuf.qc.ca\/collegial\/wp-content\/uploads\/sites\/2\/2025\/10\/Malek-Alphonse.png\" data-link=\"https:\/\/www.brebeuf.qc.ca\/collegial\/vie-etudiante\/sports\/basketball-masculin-division-2\/malek-alphonse\/\" class=\"wp-image-9130\"\/><\/a><\/figure><\/li><li class=\"blocks-gallery-item\"><figure><a href=\"https:\/\/www.brebeuf.qc.ca\/collegial\/wp-content\/uploads\/sites\/2\/2025\/10\/Mael-Coutou.png\" data-rel=\"lightbox-image-7\" data-rl_title=\"\" data-rl_caption=\"\" title=\"\"><img loading=\"lazy\" width=\"350\" height=\"500\" src=\"https:\/\/www.brebeuf.qc.ca\/collegial\/wp-content\/uploads\/sites\/2\/2025\/10\/Mael-Coutou.png\" alt=\"\" data-id=\"9129\" data-full-url=\"https:\/\/www.brebeuf.qc.ca\/collegial\/wp-content\/uploads\/sites\/2\/2025\/10\/Mael-Coutou.png\" data-link=\"https:\/\/www.brebeuf.qc.ca\/collegial\/vie-etudiante\/sports\/basketball-masculin-division-2\/mael-coutou\/\" class=\"wp-image-9129\"\/><\/a><\/figure><\/li><li class=\"blocks-gallery-item\"><figure><a href=\"https:\/\/www.brebeuf.qc.ca\/collegial\/wp-content\/uploads\/sites\/2\/2025\/10\/Mamadou-Dabo.png\" data-rel=\"lightbox-image-8\" data-rl_title=\"\" data-rl_caption=\"\" title=\"\"><img loading=\"lazy\" width=\"350\" height=\"500\" src=\"https:\/\/www.brebeuf.qc.ca\/collegial\/wp-content\/uploads\/sites\/2\/2025\/10\/Mamadou-Dabo.png\" alt=\"\" data-id=\"9131\" data-full-url=\"https:\/\/www.brebeuf.qc.ca\/collegial\/wp-content\/uploads\/sites\/2\/2025\/10\/Mamadou-Dabo.png\" data-link=\"https:\/\/www.brebeuf.qc.ca\/collegial\/vie-etudiante\/sports\/basketball-masculin-division-2\/mamadou-dabo\/\" class=\"wp-image-9131\"\/><\/a><\/figure><\/li><li class=\"blocks-gallery-item\"><figure><a href=\"https:\/\/www.brebeuf.qc.ca\/collegial\/wp-content\/uploads\/sites\/2\/2025\/10\/Joseph-Victor-Boulanger.png\" data-rel=\"lightbox-image-9\" data-rl_title=\"\" data-rl_caption=\"\" title=\"\"><img loading=\"lazy\" width=\"350\" height=\"500\" src=\"https:\/\/www.brebeuf.qc.ca\/collegial\/wp-content\/uploads\/sites\/2\/2025\/10\/Joseph-Victor-Boulanger.png\" alt=\"\" data-id=\"9127\" data-full-url=\"https:\/\/www.brebeuf.qc.ca\/collegial\/wp-content\/uploads\/sites\/2\/2025\/10\/Joseph-Victor-Boulanger.png\" data-link=\"https:\/\/www.brebeuf.qc.ca\/collegial\/vie-etudiante\/sports\/basketball-masculin-division-2\/joseph-victor-boulanger\/\" class=\"wp-image-9127\"\/><\/a><\/figure><\/li><li class=\"blocks-gallery-item\"><figure><a href=\"https:\/\/www.brebeuf.qc.ca\/collegial\/wp-content\/uploads\/sites\/2\/2025\/10\/Dominik-Royal-Sandjo-Mangan.png\" data-rel=\"lightbox-image-10\" data-rl_title=\"\" data-rl_caption=\"\" title=\"\"><img loading=\"lazy\" width=\"350\" height=\"500\" src=\"https:\/\/www.brebeuf.qc.ca\/collegial\/wp-content\/uploads\/sites\/2\/2025\/10\/Dominik-Royal-Sandjo-Mangan.png\" alt=\"\" data-id=\"9126\" data-full-url=\"https:\/\/www.brebeuf.qc.ca\/collegial\/wp-content\/uploads\/sites\/2\/2025\/10\/Dominik-Royal-Sandjo-Mangan.png\" data-link=\"https:\/\/www.brebeuf.qc.ca\/collegial\/vie-etudiante\/sports\/basketball-masculin-division-2\/dominik-royal-sandjo-mangan\/\" class=\"wp-image-9126\"\/><\/a><\/figure><\/li><li class=\"blocks-gallery-item\"><figure><a href=\"https:\/\/www.brebeuf.qc.ca\/collegial\/wp-content\/uploads\/sites\/2\/2025\/10\/Adam-Ouali-Alami.png\" data-rel=\"lightbox-image-11\" data-rl_title=\"\" data-rl_caption=\"\" title=\"\"><img loading=\"lazy\" width=\"350\" height=\"500\" src=\"https:\/\/www.brebeuf.qc.ca\/collegial\/wp-content\/uploads\/sites\/2\/2025\/10\/Adam-Ouali-Alami.png\" alt=\"\" data-id=\"9123\" data-full-url=\"https:\/\/www.brebeuf.qc.ca\/collegial\/wp-content\/uploads\/sites\/2\/2025\/10\/Adam-Ouali-Alami.png\" data-link=\"https:\/\/www.brebeuf.qc.ca\/collegial\/vie-etudiante\/sports\/basketball-masculin-division-2\/adam-ouali-alami\/\" class=\"wp-image-9123\"\/><\/a><\/figure><\/li><li class=\"blocks-gallery-item\"><figure><a href=\"https:\/\/www.brebeuf.qc.ca\/collegial\/wp-content\/uploads\/sites\/2\/2025\/10\/Alexandre-Lelievre.png\" data-rel=\"lightbox-image-12\" data-rl_title=\"\" data-rl_caption=\"\" title=\"\"><img loading=\"lazy\" width=\"350\" height=\"500\" src=\"https:\/\/www.brebeuf.qc.ca\/collegial\/wp-content\/uploads\/sites\/2\/2025\/10\/Alexandre-Lelievre.png\" alt=\"\" data-id=\"9124\" data-full-url=\"https:\/\/www.brebeuf.qc.ca\/collegial\/wp-content\/uploads\/sites\/2\/2025\/10\/Alexandre-Lelievre.png\" data-link=\"https:\/\/www.brebeuf.qc.ca\/collegial\/vie-etudiante\/sports\/basketball-masculin-division-2\/alexandre-lelievre\/\" class=\"wp-image-9124\"\/><\/a><\/figure><\/li><li class=\"blocks-gallery-item\"><figure><a href=\"https:\/\/www.brebeuf.qc.ca\/collegial\/wp-content\/uploads\/sites\/2\/2025\/10\/Aven-Jairho-Allana.png\" data-rel=\"lightbox-image-13\" data-rl_title=\"\" data-rl_caption=\"\" title=\"\"><img loading=\"lazy\" width=\"350\" height=\"500\" src=\"https:\/\/www.brebeuf.qc.ca\/collegial\/wp-content\/uploads\/sites\/2\/2025\/10\/Aven-Jairho-Allana.png\" alt=\"\" data-id=\"9125\" data-full-url=\"https:\/\/www.brebeuf.qc.ca\/collegial\/wp-content\/uploads\/sites\/2\/2025\/10\/Aven-Jairho-Allana.png\" data-link=\"https:\/\/www.brebeuf.qc.ca\/collegial\/vie-etudiante\/sports\/basketball-masculin-division-2\/aven-jairho-allana\/\" class=\"wp-image-9125\"\/><\/a><\/figure><\/li><\/ul><\/figure>\n<div id=\"toc_container\" class=\"no_bullets\"><p class=\"toc_title\">Sommaire<\/p><ul class=\"toc_list\"><li><a href=\"#Equipe_2025-2026\">\u00c9quipe 2025-2026<\/a><\/li><li><a href=\"#Ligue\">Ligue<\/a><\/li><li><a href=\"#Engagement\">Engagement<\/a><\/li><li><a href=\"#La_saison\">La saison<\/a><\/li><li><a href=\"#Etudier_a_lexterieur_du_Quebec_Etats-Unis\">\u00c9tudier \u00e0 l\u2019ext\u00e9rieur du Qu\u00e9bec \u2013 \u00c9tats-Unis<\/a><\/li><li><a href=\"#Resultats_et_classement\">R\u00e9sultats et classement<\/a><\/li><li><a href=\"#Formulaire_de_recrutement_Basketball_Masculin_D1\">Formulaire de recrutement \u2013 Basketball Masculin D1<\/a><\/li><li><a href=\"#Les_joueurs\">Les joueurs<\/a><\/li><\/ul><\/div>\n","protected":false},"excerpt":{"rendered":"<p>\u00c9quipe 2025-2026 Ligue Depuis l&rsquo;ann\u00e9e scolaire 2015-2016, nous avons une \u00e9quipe masculine de basketball qui fait partie de la ligue coll\u00e9giale division 1 du RSEQ (R\u00e9seau du sport \u00e9tudiant du Qu\u00e9bec). Engagement L\u2019\u00e9quipe masculine de basketball a 3 entra\u00eenements collectifs&#8230;<\/p>\n","protected":false},"author":3,"featured_media":8349,"parent":100,"menu_order":0,"comment_status":"closed","ping_status":"closed","template":"templates\/template-personnalisable.php","meta":{"_editorskit_title_hidden":false,"_editorskit_reading_time":2,"_editorskit_typography_data":[],"_editorskit_blocks_typography":""},"yoast_head":"<!-- This site is optimized with the Yoast SEO plugin v16.3 - https:\/\/yoast.com\/wordpress\/plugins\/seo\/ -->\n<title>Basketball masculin - Division 1 - Coll\u00e9gial<\/title>\n<meta name=\"robots\" content=\"index, follow, max-snippet:-1, max-image-preview:large, max-video-preview:-1\" \/>\n<link rel=\"canonical\" href=\"https:\/\/www.brebeuf.qc.ca\/collegial\/vie-etudiante\/sports\/basket-masculin-au-collegial\/\" \/>\n<meta property=\"og:locale\" content=\"fr_FR\" \/>\n<meta property=\"og:type\" content=\"article\" \/>\n<meta property=\"og:title\" content=\"Basketball masculin - Division 1 - Coll\u00e9gial\" \/>\n<meta property=\"og:description\" content=\"\u00c9quipe 2025-2026 Ligue Depuis l&rsquo;ann\u00e9e scolaire 2015-2016, nous avons une \u00e9quipe masculine de basketball qui fait partie de la ligue coll\u00e9giale division 1 du RSEQ (R\u00e9seau du sport \u00e9tudiant du Qu\u00e9bec). Engagement L\u2019\u00e9quipe masculine de basketball a 3 entra\u00eenements collectifs...\" \/>\n<meta property=\"og:url\" content=\"https:\/\/www.brebeuf.qc.ca\/collegial\/vie-etudiante\/sports\/basket-masculin-au-collegial\/\" \/>\n<meta property=\"og:site_name\" content=\"Coll\u00e9gial\" \/>\n<meta property=\"article:modified_time\" content=\"2026-05-12T14:51:47+00:00\" \/>\n<meta property=\"og:image\" content=\"https:\/\/www.brebeuf.qc.ca\/collegial\/wp-content\/uploads\/sites\/2\/2024\/07\/Basketball-masculin-D1.png\" \/>\n\t<meta property=\"og:image:width\" content=\"1400\" \/>\n\t<meta property=\"og:image:height\" content=\"240\" \/>\n<meta name=\"twitter:label1\" content=\"Dur\u00e9e de lecture est.\">\n\t<meta name=\"twitter:data1\" content=\"5 minutes\">\n<script type=\"application\/ld+json\" class=\"yoast-schema-graph\">{\"@context\":\"https:\/\/schema.org\",\"@graph\":[{\"@type\":\"WebSite\",\"@id\":\"https:\/\/www.brebeuf.qc.ca\/collegial\/#website\",\"url\":\"https:\/\/www.brebeuf.qc.ca\/collegial\/\",\"name\":\"Coll\\u00e9gial\",\"description\":\"Coll\\u00e8ge priv\\u00e9 | Secondaire | Coll\\u00e9gial\",\"potentialAction\":[{\"@type\":\"SearchAction\",\"target\":\"https:\/\/www.brebeuf.qc.ca\/collegial\/?s={search_term_string}\",\"query-input\":\"required name=search_term_string\"}],\"inLanguage\":\"fr-FR\"},{\"@type\":\"ImageObject\",\"@id\":\"https:\/\/www.brebeuf.qc.ca\/collegial\/vie-etudiante\/sports\/basket-masculin-au-collegial\/#primaryimage\",\"inLanguage\":\"fr-FR\",\"url\":\"https:\/\/www.brebeuf.qc.ca\/collegial\/wp-content\/uploads\/sites\/2\/2024\/07\/Basketball-masculin-D1.png\",\"contentUrl\":\"https:\/\/www.brebeuf.qc.ca\/collegial\/wp-content\/uploads\/sites\/2\/2024\/07\/Basketball-masculin-D1.png\",\"width\":1400,\"height\":240},{\"@type\":\"WebPage\",\"@id\":\"https:\/\/www.brebeuf.qc.ca\/collegial\/vie-etudiante\/sports\/basket-masculin-au-collegial\/#webpage\",\"url\":\"https:\/\/www.brebeuf.qc.ca\/collegial\/vie-etudiante\/sports\/basket-masculin-au-collegial\/\",\"name\":\"Basketball masculin - Division 1 - Coll\\u00e9gial\",\"isPartOf\":{\"@id\":\"https:\/\/www.brebeuf.qc.ca\/collegial\/#website\"},\"primaryImageOfPage\":{\"@id\":\"https:\/\/www.brebeuf.qc.ca\/collegial\/vie-etudiante\/sports\/basket-masculin-au-collegial\/#primaryimage\"},\"datePublished\":\"2015-03-03T20:20:24+00:00\",\"dateModified\":\"2026-05-12T14:51:47+00:00\",\"breadcrumb\":{\"@id\":\"https:\/\/www.brebeuf.qc.ca\/collegial\/vie-etudiante\/sports\/basket-masculin-au-collegial\/#breadcrumb\"},\"inLanguage\":\"fr-FR\",\"potentialAction\":[{\"@type\":\"ReadAction\",\"target\":[\"https:\/\/www.brebeuf.qc.ca\/collegial\/vie-etudiante\/sports\/basket-masculin-au-collegial\/\"]}]},{\"@type\":\"BreadcrumbList\",\"@id\":\"https:\/\/www.brebeuf.qc.ca\/collegial\/vie-etudiante\/sports\/basket-masculin-au-collegial\/#breadcrumb\",\"itemListElement\":[{\"@type\":\"ListItem\",\"position\":1,\"item\":{\"@type\":\"WebPage\",\"@id\":\"https:\/\/www.brebeuf.qc.ca\/collegial\/\",\"url\":\"https:\/\/www.brebeuf.qc.ca\/collegial\/\",\"name\":\"Home\"}},{\"@type\":\"ListItem\",\"position\":2,\"item\":{\"@type\":\"WebPage\",\"@id\":\"https:\/\/www.brebeuf.qc.ca\/collegial\/vie-etudiante\/\",\"url\":\"https:\/\/www.brebeuf.qc.ca\/collegial\/vie-etudiante\/\",\"name\":\"Vie \\u00e9tudiante\"}},{\"@type\":\"ListItem\",\"position\":3,\"item\":{\"@type\":\"WebPage\",\"@id\":\"https:\/\/www.brebeuf.qc.ca\/collegial\/vie-etudiante\/sports\/\",\"url\":\"https:\/\/www.brebeuf.qc.ca\/collegial\/vie-etudiante\/sports\/\",\"name\":\"Sports au coll\\u00e9gial\"}},{\"@type\":\"ListItem\",\"position\":4,\"item\":{\"@id\":\"https:\/\/www.brebeuf.qc.ca\/collegial\/vie-etudiante\/sports\/basket-masculin-au-collegial\/#webpage\"}}]}]}<\/script>\n<!-- \/ Yoast SEO plugin. -->","_links":{"self":[{"href":"https:\/\/www.brebeuf.qc.ca\/collegial\/wp-json\/wp\/v2\/pages\/1267"}],"collection":[{"href":"https:\/\/www.brebeuf.qc.ca\/collegial\/wp-json\/wp\/v2\/pages"}],"about":[{"href":"https:\/\/www.brebeuf.qc.ca\/collegial\/wp-json\/wp\/v2\/types\/page"}],"author":[{"embeddable":true,"href":"https:\/\/www.brebeuf.qc.ca\/collegial\/wp-json\/wp\/v2\/users\/3"}],"replies":[{"embeddable":true,"href":"https:\/\/www.brebeuf.qc.ca\/collegial\/wp-json\/wp\/v2\/comments?post=1267"}],"version-history":[{"count":166,"href":"https:\/\/www.brebeuf.qc.ca\/collegial\/wp-json\/wp\/v2\/pages\/1267\/revisions"}],"predecessor-version":[{"id":9898,"href":"https:\/\/www.brebeuf.qc.ca\/collegial\/wp-json\/wp\/v2\/pages\/1267\/revisions\/9898"}],"up":[{"embeddable":true,"href":"https:\/\/www.brebeuf.qc.ca\/collegial\/wp-json\/wp\/v2\/pages\/100"}],"wp:featuredmedia":[{"embeddable":true,"href":"https:\/\/www.brebeuf.qc.ca\/collegial\/wp-json\/wp\/v2\/media\/8349"}],"wp:attachment":[{"href":"https:\/\/www.brebeuf.qc.ca\/collegial\/wp-json\/wp\/v2\/media?parent=1267"}],"curies":[{"name":"wp","href":"https:\/\/api.w.org\/{rel}","templated":true}]}}