{"id":1093,"date":"2014-11-24T20:12:51","date_gmt":"2014-11-24T20:12:51","guid":{"rendered":"http:\/\/www.brebeuf.qc.ca\/collegial\/?page_id=1093"},"modified":"2025-12-02T16:47:27","modified_gmt":"2025-12-02T16:47:27","slug":"reglements-politiques","status":"publish","type":"page","link":"https:\/\/www.brebeuf.qc.ca\/collegial\/reglements-politiques\/","title":{"rendered":"Politiques et r\u00e8glements"},"content":{"rendered":"<h2>Les principaux r\u00e8glements et politiques du coll\u00e9gial<\/h2>\n<ul>\n<li><a href=\"https:\/\/www.brebeuf.qc.ca\/wp-content\/uploads\/2023\/06\/Politique-sur-les-conflits-dinterets-ou-dengagements_CA.pdf\">Politique sur les conflits d&rsquo;int\u00e9r\u00eats ou d&rsquo;engagements<\/a><\/li>\n<li><a href=\"https:\/\/www.brebeuf.qc.ca\/wp-content\/uploads\/2023\/06\/Politique-institutionnelle-de-la-recherche-et-de-linnovation-pedagogique-Version-deposee-au-CA-de-decembre-2008.pdf\">Politique institutionnelle de la recherche et de l&rsquo;innovation p\u00e9dagogique<\/a><\/li>\n<li><a href=\"https:\/\/www.brebeuf.qc.ca\/wp-content\/uploads\/2023\/06\/Politique-dethique.pdf\">Politique d\u2019\u00e9thique en recherche et en innovation p\u00e9dagogique avec des \u00eatres humains<\/a><\/li>\n<li><a href=\"https:\/\/www.brebeuf.qc.ca\/wp-content\/uploads\/2023\/06\/Politique-integrite-en-recherche-Version-adoptee-par-le-CA.pdf\">Politique d&rsquo;int\u00e9grit\u00e9 en recherche<\/a><\/li>\n<li><a href=\"https:\/\/www.brebeuf.qc.ca\/wp-content\/uploads\/2023\/06\/2023-02-27-Strategie-gestion-donnees.pdf\">Strat\u00e9gie institutionnelle pour la gestion des donn\u00e9es de recherche<\/a><\/li>\n<li><a href=\"http:\/\/www.brebeuf.qc.ca\/collegial\/wp-content\/uploads\/sites\/2\/2014\/11\/PROJETDUCATIF.pdf\" target=\"_blank\" rel=\"noopener\">Projet \u00e9ducatif du coll\u00e9gial<\/a><\/li>\n<li><a href=\"http:\/\/www.brebeuf.qc.ca\/collegial\/wp-content\/uploads\/sites\/2\/2014\/11\/R\u00e8glement-sur-les-admissions-coll-2012-copie-officielle-site-WEB.pdf\" target=\"_blank\" rel=\"noopener noreferrer\">R\u00e8glement d&rsquo;admission au coll\u00e9gial<\/a><\/li>\n<li><a href=\"https:\/\/www.brebeuf.qc.ca\/collegial\/wp-content\/uploads\/sites\/2\/2024\/11\/2024_10_24-PIEA.pdf\" target=\"_blank\" rel=\"noopener\">Politique institutionnelle d&rsquo;\u00e9valuation des apprentissages (PIEA)<\/a><\/li>\n<li><a href=\"https:\/\/www.brebeuf.qc.ca\/collegial\/wp-content\/uploads\/sites\/2\/2021\/09\/2016_06_23_PIEGEPE.pdf\" target=\"_blank\" rel=\"noopener\">Politique institutionnelle d&rsquo;\u00e9laboration, de gestion et d&rsquo;\u00e9valuation des programmes d&rsquo;\u00e9tudes (PIEGEPE)<\/a>\u00a0<\/li>\n<li><a href=\"https:\/\/www.brebeuf.qc.ca\/collegial\/wp-content\/uploads\/sites\/2\/2023\/06\/2023_06_08-PIF.pdf\">Politique institutionnelle du fran\u00e7ais<\/a><\/li>\n<li><a href=\"https:\/\/www.brebeuf.qc.ca\/collegial\/wp-content\/uploads\/sites\/2\/2025\/09\/2025_04_08-Politique-linguistique-IB-Adotee-CA.pdf\">Politique linguistique pour les programmes du dipl\u00f4me de l\u2019IB<\/a><\/li>\n<li><a href=\"https:\/\/www.brebeuf.qc.ca\/collegial\/wp-content\/uploads\/sites\/2\/2023\/08\/2014_06_17_PBES_Version_Adoptee_CA.pdf\" target=\"_blank\" rel=\"noopener\">Politique pour les \u00e9tudiants \u00e0 besoins \u00e9ducationnels sp\u00e9ciaux<\/a>\u00a0<\/li>\n<li><a href=\"https:\/\/www.brebeuf.qc.ca\/collegial\/wp-content\/uploads\/sites\/2\/2023\/06\/2023-06-08-PIII.pdf\" target=\"_blank\" rel=\"noopener\">Politique institutionnelle d\u2019int\u00e9grit\u00e9 intellectuelle (PIII)<\/a><\/li>\n<li><a href=\"https:\/\/www.brebeuf.qc.ca\/collegial\/wp-content\/uploads\/sites\/2\/2023\/06\/2023-06-08-Politique-institutionnelle-sante-mentale.pdf\">Politique institutionnelle en mati\u00e8re de sante mentale \u00e9tudiante au coll\u00e9gial<\/a><\/li>\n<\/ul>\n\n\n<p><\/p>\n","protected":false},"excerpt":{"rendered":"<p>Les principaux r\u00e8glements et politiques du coll\u00e9gial Politique sur les conflits d&rsquo;int\u00e9r\u00eats ou d&rsquo;engagements Politique institutionnelle de la recherche et de l&rsquo;innovation p\u00e9dagogique Politique d\u2019\u00e9thique en recherche et en innovation p\u00e9dagogique avec des \u00eatres humains Politique d&rsquo;int\u00e9grit\u00e9 en recherche Strat\u00e9gie&#8230;<\/p>\n","protected":false},"author":3,"featured_media":8325,"parent":0,"menu_order":41,"comment_status":"open","ping_status":"closed","template":"templates\/template-generique.php","meta":{"_editorskit_title_hidden":false,"_editorskit_reading_time":1,"_editorskit_typography_data":[],"_editorskit_blocks_typography":""},"yoast_head":"<!-- This site is optimized with the Yoast SEO plugin v16.3 - https:\/\/yoast.com\/wordpress\/plugins\/seo\/ -->\n<title>Politiques et r\u00e8glements - Coll\u00e9gial<\/title>\n<meta name=\"robots\" content=\"index, follow, max-snippet:-1, max-image-preview:large, max-video-preview:-1\" \/>\n<link rel=\"canonical\" href=\"https:\/\/www.brebeuf.qc.ca\/collegial\/reglements-politiques\/\" \/>\n<meta property=\"og:locale\" content=\"fr_FR\" \/>\n<meta property=\"og:type\" content=\"article\" \/>\n<meta property=\"og:title\" content=\"Politiques et r\u00e8glements - Coll\u00e9gial\" \/>\n<meta property=\"og:description\" content=\"Les principaux r\u00e8glements et politiques du coll\u00e9gial Politique sur les conflits d&rsquo;int\u00e9r\u00eats ou d&rsquo;engagements Politique institutionnelle de la recherche et de l&rsquo;innovation p\u00e9dagogique Politique d\u2019\u00e9thique en recherche et en innovation p\u00e9dagogique avec des \u00eatres humains Politique d&rsquo;int\u00e9grit\u00e9 en recherche Strat\u00e9gie...\" \/>\n<meta property=\"og:url\" content=\"https:\/\/www.brebeuf.qc.ca\/collegial\/reglements-politiques\/\" \/>\n<meta property=\"og:site_name\" content=\"Coll\u00e9gial\" \/>\n<meta property=\"article:modified_time\" content=\"2025-12-02T16:47:27+00:00\" \/>\n<meta property=\"og:image\" content=\"https:\/\/www.brebeuf.qc.ca\/collegial\/wp-content\/uploads\/sites\/2\/2024\/07\/Politiques-et-reglement.png\" \/>\n\t<meta property=\"og:image:width\" content=\"1400\" \/>\n\t<meta property=\"og:image:height\" content=\"240\" \/>\n<meta name=\"twitter:label1\" content=\"Dur\u00e9e de lecture est.\">\n\t<meta name=\"twitter:data1\" content=\"1 minute\">\n<script type=\"application\/ld+json\" class=\"yoast-schema-graph\">{\"@context\":\"https:\/\/schema.org\",\"@graph\":[{\"@type\":\"WebSite\",\"@id\":\"https:\/\/www.brebeuf.qc.ca\/collegial\/#website\",\"url\":\"https:\/\/www.brebeuf.qc.ca\/collegial\/\",\"name\":\"Coll\\u00e9gial\",\"description\":\"Coll\\u00e8ge priv\\u00e9 | Secondaire | Coll\\u00e9gial\",\"potentialAction\":[{\"@type\":\"SearchAction\",\"target\":\"https:\/\/www.brebeuf.qc.ca\/collegial\/?s={search_term_string}\",\"query-input\":\"required name=search_term_string\"}],\"inLanguage\":\"fr-FR\"},{\"@type\":\"ImageObject\",\"@id\":\"https:\/\/www.brebeuf.qc.ca\/collegial\/reglements-politiques\/#primaryimage\",\"inLanguage\":\"fr-FR\",\"url\":\"https:\/\/www.brebeuf.qc.ca\/collegial\/wp-content\/uploads\/sites\/2\/2024\/07\/Politiques-et-reglement.png\",\"contentUrl\":\"https:\/\/www.brebeuf.qc.ca\/collegial\/wp-content\/uploads\/sites\/2\/2024\/07\/Politiques-et-reglement.png\",\"width\":1400,\"height\":240},{\"@type\":\"WebPage\",\"@id\":\"https:\/\/www.brebeuf.qc.ca\/collegial\/reglements-politiques\/#webpage\",\"url\":\"https:\/\/www.brebeuf.qc.ca\/collegial\/reglements-politiques\/\",\"name\":\"Politiques et r\\u00e8glements - Coll\\u00e9gial\",\"isPartOf\":{\"@id\":\"https:\/\/www.brebeuf.qc.ca\/collegial\/#website\"},\"primaryImageOfPage\":{\"@id\":\"https:\/\/www.brebeuf.qc.ca\/collegial\/reglements-politiques\/#primaryimage\"},\"datePublished\":\"2014-11-24T20:12:51+00:00\",\"dateModified\":\"2025-12-02T16:47:27+00:00\",\"breadcrumb\":{\"@id\":\"https:\/\/www.brebeuf.qc.ca\/collegial\/reglements-politiques\/#breadcrumb\"},\"inLanguage\":\"fr-FR\",\"potentialAction\":[{\"@type\":\"ReadAction\",\"target\":[\"https:\/\/www.brebeuf.qc.ca\/collegial\/reglements-politiques\/\"]}]},{\"@type\":\"BreadcrumbList\",\"@id\":\"https:\/\/www.brebeuf.qc.ca\/collegial\/reglements-politiques\/#breadcrumb\",\"itemListElement\":[{\"@type\":\"ListItem\",\"position\":1,\"item\":{\"@type\":\"WebPage\",\"@id\":\"https:\/\/www.brebeuf.qc.ca\/collegial\/\",\"url\":\"https:\/\/www.brebeuf.qc.ca\/collegial\/\",\"name\":\"Home\"}},{\"@type\":\"ListItem\",\"position\":2,\"item\":{\"@id\":\"https:\/\/www.brebeuf.qc.ca\/collegial\/reglements-politiques\/#webpage\"}}]}]}<\/script>\n<!-- \/ Yoast SEO plugin. -->","_links":{"self":[{"href":"https:\/\/www.brebeuf.qc.ca\/collegial\/wp-json\/wp\/v2\/pages\/1093"}],"collection":[{"href":"https:\/\/www.brebeuf.qc.ca\/collegial\/wp-json\/wp\/v2\/pages"}],"about":[{"href":"https:\/\/www.brebeuf.qc.ca\/collegial\/wp-json\/wp\/v2\/types\/page"}],"author":[{"embeddable":true,"href":"https:\/\/www.brebeuf.qc.ca\/collegial\/wp-json\/wp\/v2\/users\/3"}],"replies":[{"embeddable":true,"href":"https:\/\/www.brebeuf.qc.ca\/collegial\/wp-json\/wp\/v2\/comments?post=1093"}],"version-history":[{"count":31,"href":"https:\/\/www.brebeuf.qc.ca\/collegial\/wp-json\/wp\/v2\/pages\/1093\/revisions"}],"predecessor-version":[{"id":9295,"href":"https:\/\/www.brebeuf.qc.ca\/collegial\/wp-json\/wp\/v2\/pages\/1093\/revisions\/9295"}],"wp:featuredmedia":[{"embeddable":true,"href":"https:\/\/www.brebeuf.qc.ca\/collegial\/wp-json\/wp\/v2\/media\/8325"}],"wp:attachment":[{"href":"https:\/\/www.brebeuf.qc.ca\/collegial\/wp-json\/wp\/v2\/media?parent=1093"}],"curies":[{"name":"wp","href":"https:\/\/api.w.org\/{rel}","templated":true}]}}