{"id":100,"date":"2014-07-30T16:42:40","date_gmt":"2014-07-30T16:42:40","guid":{"rendered":"http:\/\/www.brebeuf.qc.ca\/collegial\/?page_id=100"},"modified":"2025-09-04T17:02:33","modified_gmt":"2025-09-04T17:02:33","slug":"sports","status":"publish","type":"page","link":"https:\/\/www.brebeuf.qc.ca\/collegial\/vie-etudiante\/sports\/","title":{"rendered":"Sports au coll\u00e9gial"},"content":{"rendered":"\n<div class=\"wp-block-buttons\">\n<div class=\"wp-block-button is-style-outline\"><a class=\"wp-block-button__link\" href=\"https:\/\/www.instagram.com\/brebeuf.sports\/\" target=\"_blank\" rel=\"noreferrer noopener\"><strong>Suivez-nous sur Instagram<\/strong><\/a><\/div>\n\n\n\n<div class=\"wp-block-button is-style-outline\"><a class=\"wp-block-button__link\" href=\"https:\/\/www.facebook.com\/Br%C3%A9beuf-sports-104461388747845\" target=\"_blank\" rel=\"noreferrer noopener\"><strong>Suivez-nous sur Facebook<\/strong><\/a><\/div>\n<\/div>\n\n\n\n<hr class=\"wp-block-separator\"\/>\n\n\n\n<figure class=\"wp-block-embed is-type-video is-provider-youtube wp-block-embed-youtube wp-embed-aspect-16-9 wp-has-aspect-ratio\"><div class=\"wp-block-embed__wrapper\">\n<iframe loading=\"lazy\" title=\"Le sport au coll\u00e9gial  - Coll\u00e8ge Br\u00e9beuf\" width=\"1140\" height=\"641\" src=\"https:\/\/www.youtube.com\/embed\/mjWuyhWV4Eo?feature=oembed\" frameborder=\"0\" allow=\"accelerometer; autoplay; clipboard-write; encrypted-media; gyroscope; picture-in-picture; web-share\" referrerpolicy=\"strict-origin-when-cross-origin\" allowfullscreen><\/iframe>\n<\/div><\/figure>\n\n\n\n<h2><span id=\"Service_des_sports\">Service des sports<\/span><\/h2>\n\n\n\n<p>Le service des sports compte 18 \u00e9quipes intercoll\u00e9giales dans 12 disciplines diff\u00e9rentes. La majorit\u00e9 des \u00e9quipes \u00e9voluent dans les ligues du RSEQ (R\u00e9seau du sport \u00e9tudiant du Qu\u00e9bec) et sont compos\u00e9es d\u2019\u00e9tudiants du coll\u00e9gial et de la cinqui\u00e8me secondaire. Le Coll\u00e8ge Br\u00e9beuf poss\u00e8de le meilleur ratio au Qu\u00e9bec pour le nombre d\u2019\u00e9quipes sportives par \u00e9tudiant.<\/p>\n\n\n\n<p>La pratique du sport demande \u00e0 chaque \u00e9tudiant-athl\u00e8te un engagement tant du point de vue acad\u00e9mique que sportif. Le secret du succ\u00e8s dans ces deux secteurs est la planification de son horaire.<\/p>\n\n\n\n<p>Le service des sports ainsi que les entra\u00eeneurs sont disponibles pour accompagner les \u00e9tudiants-athl\u00e8tes vers la r\u00e9ussite.<\/p>\n\n\n\n<h2><span id=\"Membres_du_personnel_de_lequipe_Brebeuf\">Membres du personnel de l\u2019\u00e9quipe Br\u00e9beuf<\/span><\/h2>\n\n\n\n<p>Le Coll\u00e8ge Br\u00e9beuf compte sur un personnel dynamique pour aider les \u00e9quipes \u00e0 atteindre leurs objectifs.<\/p>\n\n\n\n<p>Nous sommes pr\u00eats \u00e0 \u00e9tablir des bases solides afin que le sport et la pratique de l\u2019activit\u00e9 physique soient dans les priorit\u00e9s des \u00e9tudiants-athl\u00e8tes au Coll\u00e8ge.<\/p>\n\n\n\n<p><strong>Responsable des sports coll\u00e9giaux<\/strong><\/p>\n\n\n\n<ul><li><strong><strong>Laurent P\u00e9loquin<\/strong><\/strong><\/li><li><strong><a href=\"mailto:Laurent.Peloquin@brebeuf.qc.ca\">laurent.peloquin@brebeuf.qc.ca<\/a><\/strong><\/li><li>514-342-9342, poste 5234<\/li><\/ul>\n\n\n\n<p><strong>Technicien animateur \u00e0 la vie sportive et \u00e0 la salle d\u2019entra\u00eenement<\/strong><\/p>\n\n\n\n<ul><li><strong>Maxime Laforest-de-Feydeau<\/strong><\/li><li><a href=\"mailto:maxime.laforest-de-feydeau@brebeuf.qc.ca\" class=\"ek-link\"><strong>maxime.laforest-de-feydeau@brebeuf.qc.ca<\/strong><\/a><\/li><li>514-342-9342, poste 5246<\/li><\/ul>\n\n\n\n<p><strong>Th\u00e9rapeute du sport agr\u00e9\u00e9e et ost\u00e9opathe<\/strong><\/p>\n\n\n\n<p><strong>Marya Phan<\/strong><\/p>\n\n\n\n<ul><li>Pr\u00e9sente les lundis de 17h30 \u00e0 20h30 au complexe sportif, et lors des \u00e9v\u00e9nements de nos \u00e9quipes.<\/li><li>Marya supervise l\u2019\u00e9quipe de th\u00e9rapeute qui fait le suivi aupr\u00e8s de nos athl\u00e8tes.<\/li><\/ul>\n\n\n\n<p><\/p>\n\n\n\n<h2><span id=\"Evenements\">\u00c9v\u00e9nements<\/span><\/h2>\n\n\n\n<p>Le service des sports souligne en fin de saison les accomplissements des \u00e9quipes intercoll\u00e9giales au niveau individuel et collectif ainsi que les mentions re\u00e7ues au courant de la saison.<\/p>\n\n\n\n<p>Le gala sportif invite tous les athl\u00e8tes et entra\u00eeneurs \u00e0 se regrouper lors de cette soir\u00e9e, en avril de chaque ann\u00e9e, afin de c\u00e9l\u00e9brer les r\u00e9ussites sportives.<\/p>\n\n\n\n<figure class=\"wp-block-gallery aligncenter columns-4 is-cropped caption-align-left\"><ul class=\"blocks-gallery-grid\"><li class=\"blocks-gallery-item\"><figure><a href=\"https:\/\/www.brebeuf.qc.ca\/collegial\/wp-content\/uploads\/sites\/2\/2025\/05\/DSC00637.jpg\" data-rel=\"lightbox-image-0\" data-rl_title=\"\" data-rl_caption=\"\" title=\"\"><img loading=\"lazy\" width=\"2160\" height=\"1440\" src=\"https:\/\/www.brebeuf.qc.ca\/collegial\/wp-content\/uploads\/sites\/2\/2025\/05\/DSC00637.jpg\" alt=\"\" data-id=\"8909\" data-link=\"https:\/\/www.brebeuf.qc.ca\/collegial\/vie-etudiante\/sports\/dsc00637\/\" class=\"wp-image-8909\"\/><\/a><\/figure><\/li><li class=\"blocks-gallery-item\"><figure><a href=\"https:\/\/www.brebeuf.qc.ca\/collegial\/wp-content\/uploads\/sites\/2\/2025\/05\/DSC00246-2.jpg\" data-rel=\"lightbox-image-1\" data-rl_title=\"\" data-rl_caption=\"\" title=\"\"><img loading=\"lazy\" width=\"2160\" height=\"1440\" src=\"https:\/\/www.brebeuf.qc.ca\/collegial\/wp-content\/uploads\/sites\/2\/2025\/05\/DSC00246-2.jpg\" alt=\"\" data-id=\"8899\" data-link=\"https:\/\/www.brebeuf.qc.ca\/collegial\/vie-etudiante\/sports\/dsc00246-2\/\" class=\"wp-image-8899\"\/><\/a><\/figure><\/li><li class=\"blocks-gallery-item\"><figure><a href=\"https:\/\/www.brebeuf.qc.ca\/collegial\/wp-content\/uploads\/sites\/2\/2025\/05\/DSC00128-3.jpg\" data-rel=\"lightbox-image-2\" data-rl_title=\"\" data-rl_caption=\"\" title=\"\"><img loading=\"lazy\" width=\"2160\" height=\"1440\" src=\"https:\/\/www.brebeuf.qc.ca\/collegial\/wp-content\/uploads\/sites\/2\/2025\/05\/DSC00128-3.jpg\" alt=\"\" data-id=\"8898\" data-link=\"https:\/\/www.brebeuf.qc.ca\/collegial\/vie-etudiante\/sports\/dsc00128-3\/\" class=\"wp-image-8898\"\/><\/a><\/figure><\/li><li class=\"blocks-gallery-item\"><figure><a href=\"https:\/\/www.brebeuf.qc.ca\/collegial\/wp-content\/uploads\/sites\/2\/2025\/05\/DSC00104-1.jpg\" data-rel=\"lightbox-image-3\" data-rl_title=\"\" data-rl_caption=\"\" title=\"\"><img loading=\"lazy\" width=\"2160\" height=\"1440\" src=\"https:\/\/www.brebeuf.qc.ca\/collegial\/wp-content\/uploads\/sites\/2\/2025\/05\/DSC00104-1.jpg\" alt=\"\" data-id=\"8897\" data-link=\"https:\/\/www.brebeuf.qc.ca\/collegial\/vie-etudiante\/sports\/dsc00104-1\/\" class=\"wp-image-8897\"\/><\/a><\/figure><\/li><li class=\"blocks-gallery-item\"><figure><a href=\"https:\/\/www.brebeuf.qc.ca\/collegial\/wp-content\/uploads\/sites\/2\/2025\/05\/DSC00258-1.jpg\" data-rel=\"lightbox-image-4\" data-rl_title=\"\" data-rl_caption=\"\" title=\"\"><img loading=\"lazy\" width=\"2160\" height=\"1440\" src=\"https:\/\/www.brebeuf.qc.ca\/collegial\/wp-content\/uploads\/sites\/2\/2025\/05\/DSC00258-1.jpg\" alt=\"\" data-id=\"8900\" data-link=\"https:\/\/www.brebeuf.qc.ca\/collegial\/vie-etudiante\/sports\/dsc00258-1\/\" class=\"wp-image-8900\"\/><\/a><\/figure><\/li><li class=\"blocks-gallery-item\"><figure><a href=\"https:\/\/www.brebeuf.qc.ca\/collegial\/wp-content\/uploads\/sites\/2\/2025\/05\/DSC00307.jpg\" data-rel=\"lightbox-image-5\" data-rl_title=\"\" data-rl_caption=\"\" title=\"\"><img loading=\"lazy\" width=\"2160\" height=\"1440\" src=\"https:\/\/www.brebeuf.qc.ca\/collegial\/wp-content\/uploads\/sites\/2\/2025\/05\/DSC00307.jpg\" alt=\"\" data-id=\"8901\" data-link=\"https:\/\/www.brebeuf.qc.ca\/collegial\/vie-etudiante\/sports\/dsc00307\/\" class=\"wp-image-8901\"\/><\/a><\/figure><\/li><li class=\"blocks-gallery-item\"><figure><a href=\"https:\/\/www.brebeuf.qc.ca\/collegial\/wp-content\/uploads\/sites\/2\/2025\/05\/DSC00321.jpg\" data-rel=\"lightbox-image-6\" data-rl_title=\"\" data-rl_caption=\"\" title=\"\"><img loading=\"lazy\" width=\"2160\" height=\"1440\" src=\"https:\/\/www.brebeuf.qc.ca\/collegial\/wp-content\/uploads\/sites\/2\/2025\/05\/DSC00321.jpg\" alt=\"\" data-id=\"8902\" data-link=\"https:\/\/www.brebeuf.qc.ca\/collegial\/vie-etudiante\/sports\/dsc00321\/\" class=\"wp-image-8902\"\/><\/a><\/figure><\/li><li class=\"blocks-gallery-item\"><figure><a href=\"https:\/\/www.brebeuf.qc.ca\/collegial\/wp-content\/uploads\/sites\/2\/2025\/05\/DSC00434.jpg\" data-rel=\"lightbox-image-7\" data-rl_title=\"\" data-rl_caption=\"\" title=\"\"><img loading=\"lazy\" width=\"2160\" height=\"1440\" src=\"https:\/\/www.brebeuf.qc.ca\/collegial\/wp-content\/uploads\/sites\/2\/2025\/05\/DSC00434.jpg\" alt=\"\" data-id=\"8903\" data-link=\"https:\/\/www.brebeuf.qc.ca\/collegial\/vie-etudiante\/sports\/dsc00434\/\" class=\"wp-image-8903\"\/><\/a><\/figure><\/li><li class=\"blocks-gallery-item\"><figure><a href=\"https:\/\/www.brebeuf.qc.ca\/collegial\/wp-content\/uploads\/sites\/2\/2025\/05\/DSC00489.jpg\" data-rel=\"lightbox-image-8\" data-rl_title=\"\" data-rl_caption=\"\" title=\"\"><img loading=\"lazy\" width=\"2160\" height=\"1440\" src=\"https:\/\/www.brebeuf.qc.ca\/collegial\/wp-content\/uploads\/sites\/2\/2025\/05\/DSC00489.jpg\" alt=\"\" data-id=\"8904\" data-link=\"https:\/\/www.brebeuf.qc.ca\/collegial\/vie-etudiante\/sports\/dsc00489\/\" class=\"wp-image-8904\"\/><\/a><\/figure><\/li><li class=\"blocks-gallery-item\"><figure><a href=\"https:\/\/www.brebeuf.qc.ca\/collegial\/wp-content\/uploads\/sites\/2\/2025\/05\/DSC00529.jpg\" data-rel=\"lightbox-image-9\" data-rl_title=\"\" data-rl_caption=\"\" title=\"\"><img loading=\"lazy\" width=\"2160\" height=\"1440\" src=\"https:\/\/www.brebeuf.qc.ca\/collegial\/wp-content\/uploads\/sites\/2\/2025\/05\/DSC00529.jpg\" alt=\"\" data-id=\"8905\" data-link=\"https:\/\/www.brebeuf.qc.ca\/collegial\/vie-etudiante\/sports\/dsc00529\/\" class=\"wp-image-8905\"\/><\/a><\/figure><\/li><li class=\"blocks-gallery-item\"><figure><a href=\"https:\/\/www.brebeuf.qc.ca\/collegial\/wp-content\/uploads\/sites\/2\/2025\/05\/DSC00583-3.jpg\" data-rel=\"lightbox-image-10\" data-rl_title=\"\" data-rl_caption=\"\" title=\"\"><img loading=\"lazy\" width=\"2160\" height=\"1440\" src=\"https:\/\/www.brebeuf.qc.ca\/collegial\/wp-content\/uploads\/sites\/2\/2025\/05\/DSC00583-3.jpg\" alt=\"\" data-id=\"8906\" data-link=\"https:\/\/www.brebeuf.qc.ca\/collegial\/vie-etudiante\/sports\/dsc00583-3\/\" class=\"wp-image-8906\"\/><\/a><\/figure><\/li><li class=\"blocks-gallery-item\"><figure><a href=\"https:\/\/www.brebeuf.qc.ca\/collegial\/wp-content\/uploads\/sites\/2\/2025\/05\/DSC00601-2.jpg\" data-rel=\"lightbox-image-11\" data-rl_title=\"\" data-rl_caption=\"\" title=\"\"><img loading=\"lazy\" width=\"2160\" height=\"1440\" src=\"https:\/\/www.brebeuf.qc.ca\/collegial\/wp-content\/uploads\/sites\/2\/2025\/05\/DSC00601-2.jpg\" alt=\"\" data-id=\"8907\" data-link=\"https:\/\/www.brebeuf.qc.ca\/collegial\/vie-etudiante\/sports\/dsc00601-2\/\" class=\"wp-image-8907\"\/><\/a><\/figure><\/li><li class=\"blocks-gallery-item\"><figure><a href=\"https:\/\/www.brebeuf.qc.ca\/collegial\/wp-content\/uploads\/sites\/2\/2025\/05\/DSC00607-1.jpg\" data-rel=\"lightbox-image-12\" data-rl_title=\"\" data-rl_caption=\"\" title=\"\"><img loading=\"lazy\" width=\"2160\" height=\"1440\" src=\"https:\/\/www.brebeuf.qc.ca\/collegial\/wp-content\/uploads\/sites\/2\/2025\/05\/DSC00607-1.jpg\" alt=\"\" data-id=\"8908\" data-link=\"https:\/\/www.brebeuf.qc.ca\/collegial\/vie-etudiante\/sports\/dsc00607-1\/\" class=\"wp-image-8908\"\/><\/a><\/figure><\/li><li class=\"blocks-gallery-item\"><figure><a href=\"https:\/\/www.brebeuf.qc.ca\/collegial\/wp-content\/uploads\/sites\/2\/2025\/05\/DSC00043.jpg\" data-rel=\"lightbox-image-13\" data-rl_title=\"\" data-rl_caption=\"\" title=\"\"><img loading=\"lazy\" width=\"2160\" height=\"1440\" src=\"https:\/\/www.brebeuf.qc.ca\/collegial\/wp-content\/uploads\/sites\/2\/2025\/05\/DSC00043.jpg\" alt=\"\" data-id=\"8895\" data-link=\"https:\/\/www.brebeuf.qc.ca\/collegial\/vie-etudiante\/sports\/dsc00043\/\" class=\"wp-image-8895\"\/><\/a><\/figure><\/li><li class=\"blocks-gallery-item\"><figure><a href=\"https:\/\/www.brebeuf.qc.ca\/collegial\/wp-content\/uploads\/sites\/2\/2025\/05\/DSC00095-1.jpg\" data-rel=\"lightbox-image-14\" data-rl_title=\"\" data-rl_caption=\"\" title=\"\"><img loading=\"lazy\" width=\"2160\" height=\"1440\" src=\"https:\/\/www.brebeuf.qc.ca\/collegial\/wp-content\/uploads\/sites\/2\/2025\/05\/DSC00095-1.jpg\" alt=\"\" data-id=\"8896\" data-link=\"https:\/\/www.brebeuf.qc.ca\/collegial\/vie-etudiante\/sports\/dsc00095-1\/\" class=\"wp-image-8896\"\/><\/a><\/figure><\/li><li class=\"blocks-gallery-item\"><figure><a href=\"https:\/\/www.brebeuf.qc.ca\/collegial\/wp-content\/uploads\/sites\/2\/2025\/05\/DSC00023.jpg\" data-rel=\"lightbox-image-15\" data-rl_title=\"\" data-rl_caption=\"\" title=\"\"><img loading=\"lazy\" width=\"2160\" height=\"1440\" src=\"https:\/\/www.brebeuf.qc.ca\/collegial\/wp-content\/uploads\/sites\/2\/2025\/05\/DSC00023.jpg\" alt=\"\" data-id=\"8894\" data-link=\"https:\/\/www.brebeuf.qc.ca\/collegial\/vie-etudiante\/sports\/dsc00023\/\" class=\"wp-image-8894\"\/><\/a><\/figure><\/li><\/ul><\/figure>\n\n\n\n<h2><span id=\"Politique\">Politique<\/span><\/h2>\n\n\n\n<ul><li><a href=\"https:\/\/www.brebeuf.qc.ca\/collegial\/wp-content\/uploads\/sites\/2\/2025\/05\/POLITIQUE-EN-MATIERE-DE-PROTECTION-INTEGRITE_Juin-2025_RSEQ.pdf\" class=\"ek-link\">Politique en mati\u00e8re de protection de l\u2019int\u00e9grit\u00e9 (RSEQ)<\/a><\/li><\/ul>\n<div id=\"toc_container\" class=\"no_bullets\"><p class=\"toc_title\">Sommaire<\/p><ul class=\"toc_list\"><li><a href=\"#Service_des_sports\">Service des sports<\/a><\/li><li><a href=\"#Membres_du_personnel_de_lequipe_Brebeuf\">Membres du personnel de l\u2019\u00e9quipe Br\u00e9beuf<\/a><\/li><li><a href=\"#Evenements\">\u00c9v\u00e9nements<\/a><\/li><li><a href=\"#Politique\">Politique<\/a><\/li><\/ul><\/div>\n","protected":false},"excerpt":{"rendered":"<p>Service des sports Le service des sports compte 18 \u00e9quipes intercoll\u00e9giales dans 12 disciplines diff\u00e9rentes. La majorit\u00e9 des \u00e9quipes \u00e9voluent dans les ligues du RSEQ (R\u00e9seau du sport \u00e9tudiant du Qu\u00e9bec) et sont compos\u00e9es d\u2019\u00e9tudiants du coll\u00e9gial et de la&#8230;<\/p>\n","protected":false},"author":90,"featured_media":8310,"parent":31,"menu_order":8,"comment_status":"open","ping_status":"closed","template":"templates\/template-personnalisable.php","meta":{"_editorskit_title_hidden":false,"_editorskit_reading_time":1,"_editorskit_typography_data":[],"_editorskit_blocks_typography":""},"yoast_head":"<!-- This site is optimized with the Yoast SEO plugin v16.3 - https:\/\/yoast.com\/wordpress\/plugins\/seo\/ -->\n<title>Sports au coll\u00e9gial - Coll\u00e9gial<\/title>\n<meta name=\"robots\" content=\"index, follow, max-snippet:-1, max-image-preview:large, max-video-preview:-1\" \/>\n<link rel=\"canonical\" href=\"https:\/\/www.brebeuf.qc.ca\/collegial\/vie-etudiante\/sports\/\" \/>\n<meta property=\"og:locale\" content=\"fr_FR\" \/>\n<meta property=\"og:type\" content=\"article\" \/>\n<meta property=\"og:title\" content=\"Sports au coll\u00e9gial - Coll\u00e9gial\" \/>\n<meta property=\"og:description\" content=\"Service des sports Le service des sports compte 18 \u00e9quipes intercoll\u00e9giales dans 12 disciplines diff\u00e9rentes. La majorit\u00e9 des \u00e9quipes \u00e9voluent dans les ligues du RSEQ (R\u00e9seau du sport \u00e9tudiant du Qu\u00e9bec) et sont compos\u00e9es d\u2019\u00e9tudiants du coll\u00e9gial et de la...\" \/>\n<meta property=\"og:url\" content=\"https:\/\/www.brebeuf.qc.ca\/collegial\/vie-etudiante\/sports\/\" \/>\n<meta property=\"og:site_name\" content=\"Coll\u00e9gial\" \/>\n<meta property=\"article:modified_time\" content=\"2025-09-04T17:02:33+00:00\" \/>\n<meta property=\"og:image\" content=\"https:\/\/www.brebeuf.qc.ca\/collegial\/wp-content\/uploads\/sites\/2\/2024\/07\/Sports-au-Collegial.png\" \/>\n\t<meta property=\"og:image:width\" content=\"1400\" \/>\n\t<meta property=\"og:image:height\" content=\"240\" \/>\n<meta name=\"twitter:label1\" content=\"Dur\u00e9e de lecture est.\">\n\t<meta name=\"twitter:data1\" content=\"5 minutes\">\n<script type=\"application\/ld+json\" class=\"yoast-schema-graph\">{\"@context\":\"https:\/\/schema.org\",\"@graph\":[{\"@type\":\"WebSite\",\"@id\":\"https:\/\/www.brebeuf.qc.ca\/collegial\/#website\",\"url\":\"https:\/\/www.brebeuf.qc.ca\/collegial\/\",\"name\":\"Coll\\u00e9gial\",\"description\":\"Coll\\u00e8ge priv\\u00e9 | Secondaire | Coll\\u00e9gial\",\"potentialAction\":[{\"@type\":\"SearchAction\",\"target\":\"https:\/\/www.brebeuf.qc.ca\/collegial\/?s={search_term_string}\",\"query-input\":\"required name=search_term_string\"}],\"inLanguage\":\"fr-FR\"},{\"@type\":\"ImageObject\",\"@id\":\"https:\/\/www.brebeuf.qc.ca\/collegial\/vie-etudiante\/sports\/#primaryimage\",\"inLanguage\":\"fr-FR\",\"url\":\"https:\/\/www.brebeuf.qc.ca\/collegial\/wp-content\/uploads\/sites\/2\/2024\/07\/Sports-au-Collegial.png\",\"contentUrl\":\"https:\/\/www.brebeuf.qc.ca\/collegial\/wp-content\/uploads\/sites\/2\/2024\/07\/Sports-au-Collegial.png\",\"width\":1400,\"height\":240},{\"@type\":\"WebPage\",\"@id\":\"https:\/\/www.brebeuf.qc.ca\/collegial\/vie-etudiante\/sports\/#webpage\",\"url\":\"https:\/\/www.brebeuf.qc.ca\/collegial\/vie-etudiante\/sports\/\",\"name\":\"Sports au coll\\u00e9gial - Coll\\u00e9gial\",\"isPartOf\":{\"@id\":\"https:\/\/www.brebeuf.qc.ca\/collegial\/#website\"},\"primaryImageOfPage\":{\"@id\":\"https:\/\/www.brebeuf.qc.ca\/collegial\/vie-etudiante\/sports\/#primaryimage\"},\"datePublished\":\"2014-07-30T16:42:40+00:00\",\"dateModified\":\"2025-09-04T17:02:33+00:00\",\"breadcrumb\":{\"@id\":\"https:\/\/www.brebeuf.qc.ca\/collegial\/vie-etudiante\/sports\/#breadcrumb\"},\"inLanguage\":\"fr-FR\",\"potentialAction\":[{\"@type\":\"ReadAction\",\"target\":[\"https:\/\/www.brebeuf.qc.ca\/collegial\/vie-etudiante\/sports\/\"]}]},{\"@type\":\"BreadcrumbList\",\"@id\":\"https:\/\/www.brebeuf.qc.ca\/collegial\/vie-etudiante\/sports\/#breadcrumb\",\"itemListElement\":[{\"@type\":\"ListItem\",\"position\":1,\"item\":{\"@type\":\"WebPage\",\"@id\":\"https:\/\/www.brebeuf.qc.ca\/collegial\/\",\"url\":\"https:\/\/www.brebeuf.qc.ca\/collegial\/\",\"name\":\"Home\"}},{\"@type\":\"ListItem\",\"position\":2,\"item\":{\"@type\":\"WebPage\",\"@id\":\"https:\/\/www.brebeuf.qc.ca\/collegial\/vie-etudiante\/\",\"url\":\"https:\/\/www.brebeuf.qc.ca\/collegial\/vie-etudiante\/\",\"name\":\"Vie \\u00e9tudiante\"}},{\"@type\":\"ListItem\",\"position\":3,\"item\":{\"@id\":\"https:\/\/www.brebeuf.qc.ca\/collegial\/vie-etudiante\/sports\/#webpage\"}}]}]}<\/script>\n<!-- \/ Yoast SEO plugin. -->","_links":{"self":[{"href":"https:\/\/www.brebeuf.qc.ca\/collegial\/wp-json\/wp\/v2\/pages\/100"}],"collection":[{"href":"https:\/\/www.brebeuf.qc.ca\/collegial\/wp-json\/wp\/v2\/pages"}],"about":[{"href":"https:\/\/www.brebeuf.qc.ca\/collegial\/wp-json\/wp\/v2\/types\/page"}],"author":[{"embeddable":true,"href":"https:\/\/www.brebeuf.qc.ca\/collegial\/wp-json\/wp\/v2\/users\/90"}],"replies":[{"embeddable":true,"href":"https:\/\/www.brebeuf.qc.ca\/collegial\/wp-json\/wp\/v2\/comments?post=100"}],"version-history":[{"count":66,"href":"https:\/\/www.brebeuf.qc.ca\/collegial\/wp-json\/wp\/v2\/pages\/100\/revisions"}],"predecessor-version":[{"id":9013,"href":"https:\/\/www.brebeuf.qc.ca\/collegial\/wp-json\/wp\/v2\/pages\/100\/revisions\/9013"}],"up":[{"embeddable":true,"href":"https:\/\/www.brebeuf.qc.ca\/collegial\/wp-json\/wp\/v2\/pages\/31"}],"wp:featuredmedia":[{"embeddable":true,"href":"https:\/\/www.brebeuf.qc.ca\/collegial\/wp-json\/wp\/v2\/media\/8310"}],"wp:attachment":[{"href":"https:\/\/www.brebeuf.qc.ca\/collegial\/wp-json\/wp\/v2\/media?parent=100"}],"curies":[{"name":"wp","href":"https:\/\/api.w.org\/{rel}","templated":true}]}}